{"id":42097,"date":"2016-07-04T17:27:31","date_gmt":"2016-07-04T15:27:31","guid":{"rendered":"http:\/\/baupanel.com\/en\/internacional\/"},"modified":"2023-01-30T16:45:47","modified_gmt":"2023-01-30T14:45:47","slug":"panel-manufacturing-licences","status":"publish","type":"page","link":"https:\/\/baupanel.tech\/en\/panel-manufacturing-licences\/","title":{"rendered":"International Panel Manufacturing Licenses"},"content":{"rendered":"<div class=\"wpb-content-wrapper\"><p>[vc_row type=&#8221;vc_default&#8221; full_width=&#8221;stretch_row&#8221; margin_top=&#8221;0&#8243; margin_bottom=&#8221;0&#8243; css=&#8221;.vc_custom_1674203475189{padding-top: 40px !important;padding-bottom: 60px !important;background-color: #f4f4f4 !important;}&#8221;][vc_column css=&#8221;.vc_custom_1651229789292{padding-bottom: 30px !important;}&#8221;][vc_custom_heading text=&#8221;International Panel Manufacturing Licenses&#8221; font_container=&#8221;tag:h1|text_align:center&#8221; use_theme_fonts=&#8221;yes&#8221; css=&#8221;.vc_custom_1674204315422{padding-bottom: 20px !important;background-position: center !important;background-repeat: no-repeat !important;background-size: cover !important;}&#8221;][vc_custom_heading text=&#8221;Baupanel\u00ae System Licenses&#8221; font_container=&#8221;tag:h2|text_align:center|color:%23005c80&#8243; use_theme_fonts=&#8221;yes&#8221; css=&#8221;.vc_custom_1674202545768{padding-bottom: 20px !important;background-position: center !important;background-repeat: no-repeat !important;background-size: cover !important;}&#8221;][vc_row_inner gap=&#8221;3&#8243; css=&#8221;.vc_custom_1674203815825{padding-top: 30px !important;}&#8221;][vc_column_inner][vc_column_text]<strong>Baupanel\u00ae System<\/strong>, is a <strong>pre-industrialized construction system<\/strong>, which has become a benchmark in Spain and worldwide as a leading company in the sector. It is currently the only construction system for expanded polystyrene panels + steel mesh in Spain, which has all the construction and quality <a title=\"certifications\" href=\"https:\/\/baupanel.tech\/en\/certifications\/\">certifications<\/a> in force.<\/p>\n<p>In recent years Baupanel\u00ae has experienced remarkable growth, with its international penetration beyond continental Europe, thus exceeding all expectations. Currently, Baupanel\u00ae System is present in various countries in Europe, Asia, Africa and America.<\/p>\n<p>We are in a position to offer our clients all the latest generation industrial <a title=\"machinery baupanel\" href=\"#machinery\">machinery<\/a>, so that they can produce Baupanel\u00ae construction panels anywhere in the world, through the granting of Panel Manufacturing Licenses. In this way, our licensees will be able to carry out any construction project, with total success regardless of its magnitude.[\/vc_column_text][\/vc_column_inner][\/vc_row_inner][vc_row_inner gap=&#8221;3&#8243; css=&#8221;.vc_custom_1674203466389{padding-top: 40px !important;}&#8221;][vc_column_inner width=&#8221;1\/3&#8243;]<style type=\"text\/css\" data-type=\"the7_shortcodes-inline-css\">.shortcode-single-image-wrap.shortcode-single-image-7af35bb64c1f33ca93bbb6a8d14e5cf9.enable-bg-rollover .rollover i,\n.shortcode-single-image-wrap.shortcode-single-image-7af35bb64c1f33ca93bbb6a8d14e5cf9.enable-bg-rollover .rollover-video i {\n  background: -webkit-linear-gradient();\n  background: linear-gradient();\n}\n.shortcode-single-image-wrap.shortcode-single-image-7af35bb64c1f33ca93bbb6a8d14e5cf9 .rollover-icon {\n  font-size: 32px;\n  color: #ffffff;\n  min-width: 44px;\n  min-height: 44px;\n  line-height: 44px;\n  border-radius: 100px;\n  border-style: solid;\n  border-width: 0px;\n}\n.dt-icon-bg-on.shortcode-single-image-wrap.shortcode-single-image-7af35bb64c1f33ca93bbb6a8d14e5cf9 .rollover-icon {\n  background: rgba(255,255,255,0.3);\n  box-shadow: none;\n}\n<\/style><div class=\"shortcode-single-image-wrap shortcode-single-image-7af35bb64c1f33ca93bbb6a8d14e5cf9 alignnone  enable-bg-rollover dt-icon-bg-off\" style=\"margin-top:0px; margin-bottom:0px; margin-left:0px; margin-right:0px; width:900px;\" data-pretty-share=\"facebook,twitter,pinterest,linkedin\"><div class=\"shortcode-single-image\"><div class=\"fancy-media-wrap  layzr-bg\" style=\"border-radius:15px;\"><img fetchpriority=\"high\" decoding=\"async\" class=\"preload-me lazy-load aspect\" src=\"data:image\/svg+xml,%3Csvg%20xmlns%3D&#39;http%3A%2F%2Fwww.w3.org%2F2000%2Fsvg&#39;%20viewBox%3D&#39;0%200%20900%20900&#39;%2F%3E\" data-src=\"https:\/\/baupanel.tech\/wp-content\/uploads\/2023\/01\/panel-baupanel-cortado-900x900.webp\" data-srcset=\"https:\/\/baupanel.tech\/wp-content\/uploads\/2023\/01\/panel-baupanel-cortado-900x900.webp 900w, https:\/\/baupanel.tech\/wp-content\/uploads\/2023\/01\/panel-baupanel-cortado.webp 1280w\" loading=\"eager\" sizes=\"(max-width: 900px) 100vw, 900px\" width=\"900\" height=\"900\"  data-dt-location=\"https:\/\/baupanel.tech\/en\/licencias-de-fabricacion-de-paneles\/panel-baupanel-cortado\/\" style=\"--ratio: 900 \/ 900;border-radius:15px;\" alt=\"Paneles pre industrializados\" \/><\/div><\/div><\/div>[vc_empty_space height=&#8221;20px&#8221;][\/vc_column_inner][vc_column_inner width=&#8221;1\/3&#8243;]<style type=\"text\/css\" data-type=\"the7_shortcodes-inline-css\">.shortcode-single-image-wrap.shortcode-single-image-915b4da48adb66c0acdba4c5251cc979.enable-bg-rollover .rollover i,\n.shortcode-single-image-wrap.shortcode-single-image-915b4da48adb66c0acdba4c5251cc979.enable-bg-rollover .rollover-video i {\n  background: -webkit-linear-gradient();\n  background: linear-gradient();\n}\n.shortcode-single-image-wrap.shortcode-single-image-915b4da48adb66c0acdba4c5251cc979 .rollover-icon {\n  font-size: 32px;\n  color: #ffffff;\n  min-width: 44px;\n  min-height: 44px;\n  line-height: 44px;\n  border-radius: 100px;\n  border-style: solid;\n  border-width: 0px;\n}\n.dt-icon-bg-on.shortcode-single-image-wrap.shortcode-single-image-915b4da48adb66c0acdba4c5251cc979 .rollover-icon {\n  background: rgba(255,255,255,0.3);\n  box-shadow: none;\n}\n<\/style><div class=\"shortcode-single-image-wrap shortcode-single-image-915b4da48adb66c0acdba4c5251cc979 alignnone  enable-bg-rollover dt-icon-bg-off\" style=\"margin-top:0px; margin-bottom:0px; margin-left:0px; margin-right:0px; width:900px;\" data-pretty-share=\"facebook,twitter,pinterest,linkedin\"><div class=\"shortcode-single-image\"><div class=\"fancy-media-wrap  layzr-bg\" style=\"border-radius:15px;\"><img decoding=\"async\" class=\"preload-me lazy-load aspect\" src=\"data:image\/svg+xml,%3Csvg%20xmlns%3D&#39;http%3A%2F%2Fwww.w3.org%2F2000%2Fsvg&#39;%20viewBox%3D&#39;0%200%20900%20900&#39;%2F%3E\" data-src=\"https:\/\/baupanel.tech\/wp-content\/uploads\/2023\/01\/fabricacion-paneles-baupanel-malaga-900x900.webp\" data-srcset=\"https:\/\/baupanel.tech\/wp-content\/uploads\/2023\/01\/fabricacion-paneles-baupanel-malaga-900x900.webp 900w, https:\/\/baupanel.tech\/wp-content\/uploads\/2023\/01\/fabricacion-paneles-baupanel-malaga.webp 1280w\" loading=\"eager\" sizes=\"(max-width: 900px) 100vw, 900px\" width=\"900\" height=\"900\"  data-dt-location=\"https:\/\/baupanel.tech\/en\/licencias-de-fabricacion-de-paneles\/fabricacion-paneles-baupanel-malaga\/\" style=\"--ratio: 900 \/ 900;border-radius:15px;\" alt=\"F\u00e1brica de paneles de construcci\u00f3n baupanel\" \/><\/div><\/div><\/div>[vc_empty_space height=&#8221;20px&#8221;][\/vc_column_inner][vc_column_inner width=&#8221;1\/3&#8243;]<style type=\"text\/css\" data-type=\"the7_shortcodes-inline-css\">.shortcode-single-image-wrap.shortcode-single-image-3c4f184e992a2e4327f0f135c9f3a8e3.enable-bg-rollover .rollover i,\n.shortcode-single-image-wrap.shortcode-single-image-3c4f184e992a2e4327f0f135c9f3a8e3.enable-bg-rollover .rollover-video i {\n  background: -webkit-linear-gradient();\n  background: linear-gradient();\n}\n.shortcode-single-image-wrap.shortcode-single-image-3c4f184e992a2e4327f0f135c9f3a8e3 .rollover-icon {\n  font-size: 32px;\n  color: #ffffff;\n  min-width: 44px;\n  min-height: 44px;\n  line-height: 44px;\n  border-radius: 100px;\n  border-style: solid;\n  border-width: 0px;\n}\n.dt-icon-bg-on.shortcode-single-image-wrap.shortcode-single-image-3c4f184e992a2e4327f0f135c9f3a8e3 .rollover-icon {\n  background: rgba(255,255,255,0.3);\n  box-shadow: none;\n}\n<\/style><div class=\"shortcode-single-image-wrap shortcode-single-image-3c4f184e992a2e4327f0f135c9f3a8e3 alignnone  enable-bg-rollover dt-icon-bg-off\" style=\"margin-top:0px; margin-bottom:0px; margin-left:0px; margin-right:0px; width:900px;\" data-pretty-share=\"facebook,twitter,pinterest,linkedin\"><div class=\"shortcode-single-image\"><div class=\"fancy-media-wrap  layzr-bg\" style=\"border-radius:15px;\"><img decoding=\"async\" class=\"preload-me lazy-load aspect\" src=\"data:image\/svg+xml,%3Csvg%20xmlns%3D&#39;http%3A%2F%2Fwww.w3.org%2F2000%2Fsvg&#39;%20viewBox%3D&#39;0%200%20900%20900&#39;%2F%3E\" data-src=\"https:\/\/baupanel.tech\/wp-content\/uploads\/2023\/01\/instalacion-paneles-baupanel-construccion-900x900.webp\" data-srcset=\"https:\/\/baupanel.tech\/wp-content\/uploads\/2023\/01\/instalacion-paneles-baupanel-construccion-900x900.webp 900w, https:\/\/baupanel.tech\/wp-content\/uploads\/2023\/01\/instalacion-paneles-baupanel-construccion.webp 1240w\" loading=\"eager\" sizes=\"(max-width: 900px) 100vw, 900px\" width=\"900\" height=\"900\"  data-dt-location=\"https:\/\/baupanel.tech\/en\/licencias-de-fabricacion-de-paneles\/instalacion-paneles-baupanel-construccion\/\" style=\"--ratio: 900 \/ 900;border-radius:15px;\" alt=\"instaladores Baupanel System\" \/><\/div><\/div><\/div>[\/vc_column_inner][\/vc_row_inner][\/vc_column][\/vc_row][vc_row type=&#8221;vc_default&#8221; full_width=&#8221;stretch_row&#8221; margin_top=&#8221;0&#8243; margin_bottom=&#8221;0&#8243; css=&#8221;.vc_custom_1674206151280{padding-top: 45px !important;padding-bottom: 40px !important;}&#8221;][vc_column][vc_row_inner gap=&#8221;5&#8243; css=&#8221;.vc_custom_1674206413981{margin-bottom: 00px !important;}&#8221;][vc_column_inner width=&#8221;2\/3&#8243; css=&#8221;.vc_custom_1569511116154{padding-left: 25px !important;}&#8221;][vc_custom_heading text=&#8221;KnowHow&#8221; font_container=&#8221;tag:h2|text_align:left|color:%23005c80&#8243; use_theme_fonts=&#8221;yes&#8221; css=&#8221;.vc_custom_1674205336883{padding-bottom: 20px !important;background-position: center !important;background-repeat: no-repeat !important;background-size: cover !important;}&#8221;][vc_column_text css=&#8221;.vc_custom_1674204179023{padding-bottom: 25px !important;}&#8221;]In <strong>Baupanel\u00ae System<\/strong>, in addition to giving our clients a &#8220;turnkey&#8221; panel production plant, we also offer an extensive training program and advice on the correct use of the system, focusing mainly on the following areas:[\/vc_column_text]<div class=\"standard-arrow list-divider bullet-top\"><ul>\n<li><strong>Certifications:<\/strong> we provide our clients with advice and technical support to obtain the certification of the product in the country of implementation that is required. For this we already have certificates in several countries that will serve as adequate credentials and extensive references for certification bodies and institutions. Baupanel\u00ae System Certifications.<\/li>\n<li><strong>Engineering:<\/strong> forma\u00e7\u00e3o para o dimensionamento e c\u00e1lculo de estruturas Baupanel e a transforma\u00e7\u00e3o de projetos t\u00e9cnicos de constru\u00e7\u00e3o tradicional em projetos Baupanel.<\/li>\n<li><strong>Manufacturing:<\/strong> training for the optimal operation, management and maintenance of the Baupanel\u00ae industrial panel production plant that is installed anywhere in the world.<\/li>\n<li><strong>Construction:<\/strong> training of foremen, site managers and operators for the learning and correct use of our technology, ensuring the highest standards of quality and performance, wherever our Baupanel\u00ae construction system is used.<\/li>\n<\/ul>\n<\/div>[vc_column_text]The Baupanel System Panel Manufacturing License guarantees the success of the most revolutionary and efficient construction system, with unbeatable growth potential.<\/p>\n<p>We also offer our customers the best quality \/ price ratio of all the most effective technological solutions for the realization of their enterprises.<\/p>\n<p>We understand that &#8220;good work&#8221; in our clients&#8217; projects are our best publicity and are an example to follow for many.[\/vc_column_text][vc_empty_space][vc_custom_heading text=&#8221;Machinery&#8221; font_container=&#8221;tag:h2|text_align:left|color:%23d53633&#8243; use_theme_fonts=&#8221;yes&#8221; css=&#8221;.vc_custom_1674205986569{padding-bottom: 20px !important;background-position: center !important;background-repeat: no-repeat !important;background-size: cover !important;}&#8221; el_id=&#8221;maquinaria&#8221;][vc_column_text]<strong>We currently have the most advanced technology for the development of our industrial machinery for the manufacture of panels, <\/strong>in which we provide the highest quality in electronics, micro-mechanics and necessary automatisms that allow us to optimize performance and product quality.<\/p>\n<p>All our machines have remote assistance through conventional telephone networks.[\/vc_column_text][vc_column_text]In addition to providing all the necessary machinery equipment for the manufacture of <strong>Baupanel\u00ae System,<\/strong> we offer our clients complete assistance in the design of the production plant, adapted to their needs and their market.<\/p>\n<p>The company is committed to expanding the product internationally and will use various combinations of business models to achieve success.[\/vc_column_text][vc_empty_space height=&#8221;25px&#8221;]<style type=\"text\/css\" data-type=\"the7_shortcodes-inline-css\">#default-btn-53efa3a7fa53d454d97b07c690a19afd.ico-right-side > i {\n  margin-right: 0px;\n  margin-left: 8px;\n}\n#default-btn-53efa3a7fa53d454d97b07c690a19afd > i {\n  margin-right: 8px;\n}\n<\/style><div class=\"btn-align-left\"><a href=\"https:\/\/baupanel.tech\/contacto\/\" class=\"default-btn-shortcode dt-btn dt-btn-l link-hover-off  vc_custom_1674205550773\" id=\"default-btn-53efa3a7fa53d454d97b07c690a19afd\" title=\"Contactar con Baupanel\u00ae System\"><span>Contacta con Baupanel\u00ae System<\/span><\/a><\/div>[vc_empty_space height=&#8221;20px&#8221;][\/vc_column_inner][vc_column_inner width=&#8221;1\/3&#8243;]<style type=\"text\/css\" data-type=\"the7_shortcodes-inline-css\">.shortcode-single-image-wrap.shortcode-single-image-15a9dec8ec70077607c2640dede44329.enable-bg-rollover .rollover i,\n.shortcode-single-image-wrap.shortcode-single-image-15a9dec8ec70077607c2640dede44329.enable-bg-rollover .rollover-video i {\n  background: -webkit-linear-gradient();\n  background: linear-gradient();\n}\n.shortcode-single-image-wrap.shortcode-single-image-15a9dec8ec70077607c2640dede44329 .rollover-icon {\n  font-size: 32px;\n  color: #ffffff;\n  min-width: 44px;\n  min-height: 44px;\n  line-height: 44px;\n  border-radius: 100px;\n  border-style: solid;\n  border-width: 0px;\n}\n.dt-icon-bg-on.shortcode-single-image-wrap.shortcode-single-image-15a9dec8ec70077607c2640dede44329 .rollover-icon {\n  background: rgba(255,255,255,0.3);\n  box-shadow: none;\n}\n<\/style><div class=\"shortcode-single-image-wrap shortcode-single-image-15a9dec8ec70077607c2640dede44329 alignnone  vc_custom_1674205181353 enable-bg-rollover dt-icon-bg-off\"  data-pretty-share=\"facebook,twitter,pinterest,linkedin\"><div class=\"shortcode-single-image\"><div class=\"fancy-media-wrap  layzr-bg\" style=\"border-radius:15px;\"><img decoding=\"async\" class=\"preload-me lazy-load aspect\" src=\"data:image\/svg+xml,%3Csvg%20xmlns%3D&#39;http%3A%2F%2Fwww.w3.org%2F2000%2Fsvg&#39;%20viewBox%3D&#39;0%200%20900%20900&#39;%2F%3E\" data-src=\"https:\/\/baupanel.tech\/wp-content\/uploads\/2023\/01\/panelizado-arquitectura-ingenieria-baupanel-900x900.webp\" data-srcset=\"https:\/\/baupanel.tech\/wp-content\/uploads\/2023\/01\/panelizado-arquitectura-ingenieria-baupanel-900x900.webp 900w, https:\/\/baupanel.tech\/wp-content\/uploads\/2023\/01\/panelizado-arquitectura-ingenieria-baupanel.webp 1200w\" loading=\"eager\" sizes=\"(max-width: 900px) 100vw, 900px\" width=\"900\" height=\"900\"  data-dt-location=\"https:\/\/baupanel.tech\/en\/licencias-de-fabricacion-de-paneles\/panelizado-arquitectura-ingenieria-baupanel\/\" style=\"--ratio: 900 \/ 900;border-radius:15px;\" alt=\"Ingenieros y arquitectos en Baupanel System\" \/><\/div><\/div><\/div><style type=\"text\/css\" data-type=\"the7_shortcodes-inline-css\">.shortcode-single-image-wrap.shortcode-single-image-a5a4fd6a6f01d61105800a6964a1991d.enable-bg-rollover .rollover i,\n.shortcode-single-image-wrap.shortcode-single-image-a5a4fd6a6f01d61105800a6964a1991d.enable-bg-rollover .rollover-video i {\n  background: -webkit-linear-gradient();\n  background: linear-gradient();\n}\n.shortcode-single-image-wrap.shortcode-single-image-a5a4fd6a6f01d61105800a6964a1991d .rollover-icon {\n  font-size: 32px;\n  color: #ffffff;\n  min-width: 44px;\n  min-height: 44px;\n  line-height: 44px;\n  border-radius: 100px;\n  border-style: solid;\n  border-width: 0px;\n}\n.dt-icon-bg-on.shortcode-single-image-wrap.shortcode-single-image-a5a4fd6a6f01d61105800a6964a1991d .rollover-icon {\n  background: rgba(255,255,255,0.3);\n  box-shadow: none;\n}\n<\/style><div class=\"shortcode-single-image-wrap shortcode-single-image-a5a4fd6a6f01d61105800a6964a1991d alignnone  vc_custom_1674205169842 enable-bg-rollover dt-icon-bg-off\"  data-pretty-share=\"facebook,twitter,pinterest,linkedin\"><div class=\"shortcode-single-image\"><div class=\"fancy-media-wrap  layzr-bg\" style=\"border-radius:15px;\"><img decoding=\"async\" class=\"preload-me lazy-load aspect\" src=\"data:image\/svg+xml,%3Csvg%20xmlns%3D&#39;http%3A%2F%2Fwww.w3.org%2F2000%2Fsvg&#39;%20viewBox%3D&#39;0%200%20570%20325&#39;%2F%3E\" data-src=\"https:\/\/baupanel.tech\/wp-content\/uploads\/2016\/07\/know_how.jpg\" data-srcset=\"https:\/\/baupanel.tech\/wp-content\/uploads\/2016\/07\/know_how.jpg 570w\" loading=\"eager\" sizes=\"(max-width: 570px) 100vw, 570px\" width=\"570\" height=\"325\"  data-dt-location=\"https:\/\/baupanel.tech\/en\/licencias-de-fabricacion-de-paneles\/know_how\/\" style=\"--ratio: 570 \/ 325;border-radius:15px;\" alt=\"Know_how Baupanel. Image of social homes in Morocco\" \/><\/div><\/div><\/div><style type=\"text\/css\" data-type=\"the7_shortcodes-inline-css\">.shortcode-single-image-wrap.shortcode-single-image-3025b26a2c4006c88de6316e06e1412b.enable-bg-rollover .rollover i,\n.shortcode-single-image-wrap.shortcode-single-image-3025b26a2c4006c88de6316e06e1412b.enable-bg-rollover .rollover-video i {\n  background: -webkit-linear-gradient();\n  background: linear-gradient();\n}\n.shortcode-single-image-wrap.shortcode-single-image-3025b26a2c4006c88de6316e06e1412b .rollover-icon {\n  font-size: 32px;\n  color: #ffffff;\n  min-width: 44px;\n  min-height: 44px;\n  line-height: 44px;\n  border-radius: 100px;\n  border-style: solid;\n  border-width: 0px;\n}\n.dt-icon-bg-on.shortcode-single-image-wrap.shortcode-single-image-3025b26a2c4006c88de6316e06e1412b .rollover-icon {\n  background: rgba(255,255,255,0.3);\n  box-shadow: none;\n}\n<\/style><div class=\"shortcode-single-image-wrap shortcode-single-image-3025b26a2c4006c88de6316e06e1412b alignnone  vc_custom_1674205255286 enable-bg-rollover dt-icon-bg-off\"  data-pretty-share=\"facebook,twitter,pinterest,linkedin\"><div class=\"shortcode-single-image\"><div class=\"fancy-media-wrap  layzr-bg\" style=\"border-radius:15px;\"><img decoding=\"async\" class=\"preload-me lazy-load aspect\" src=\"data:image\/svg+xml,%3Csvg%20xmlns%3D&#39;http%3A%2F%2Fwww.w3.org%2F2000%2Fsvg&#39;%20viewBox%3D&#39;0%200%20900%20509&#39;%2F%3E\" data-src=\"https:\/\/baupanel.tech\/wp-content\/uploads\/2016\/07\/know_03_peq2-900x509.jpg\" data-srcset=\"https:\/\/baupanel.tech\/wp-content\/uploads\/2016\/07\/know_03_peq2-900x509.jpg 900w, https:\/\/baupanel.tech\/wp-content\/uploads\/2016\/07\/know_03_peq2.jpg 1024w\" loading=\"eager\" sizes=\"(max-width: 900px) 100vw, 900px\" width=\"900\" height=\"509\"  data-dt-location=\"https:\/\/baupanel.tech\/en\/licencias-de-fabricacion-de-paneles\/know_03_peq2\/\" style=\"--ratio: 900 \/ 509;border-radius:15px;\" alt=\"Know_how Baupanel\" \/><\/div><\/div><\/div>[\/vc_column_inner][\/vc_row_inner][vc_row_inner gap=&#8221;5&#8243;][vc_column_inner css=&#8221;.vc_custom_1569511116154{padding-left: 25px !important;}&#8221;]<style type=\"text\/css\" data-type=\"the7_shortcodes-inline-css\">.shortcode-single-image-wrap.shortcode-single-image-2560aab301846aff1ca42b635cb4c231.enable-bg-rollover .rollover i,\n.shortcode-single-image-wrap.shortcode-single-image-2560aab301846aff1ca42b635cb4c231.enable-bg-rollover .rollover-video i {\n  background: -webkit-linear-gradient();\n  background: linear-gradient();\n}\n.shortcode-single-image-wrap.shortcode-single-image-2560aab301846aff1ca42b635cb4c231 .rollover-icon {\n  font-size: 32px;\n  color: #ffffff;\n  min-width: 44px;\n  min-height: 44px;\n  line-height: 44px;\n  border-radius: 100px;\n  border-style: solid;\n  border-width: 0px;\n}\n.dt-icon-bg-on.shortcode-single-image-wrap.shortcode-single-image-2560aab301846aff1ca42b635cb4c231 .rollover-icon {\n  background: rgba(255,255,255,0.3);\n  box-shadow: none;\n}\n<\/style><div class=\"shortcode-single-image-wrap shortcode-single-image-2560aab301846aff1ca42b635cb4c231 alignnone  vc_custom_1674206071876 enable-bg-rollover dt-icon-bg-off\"  data-pretty-share=\"facebook,twitter,pinterest,linkedin\"><div class=\"shortcode-single-image\"><div class=\"fancy-media-wrap  layzr-bg\" style=\"border-radius:15px;\"><img decoding=\"async\" class=\"preload-me lazy-load aspect\" src=\"data:image\/svg+xml,%3Csvg%20xmlns%3D&#39;http%3A%2F%2Fwww.w3.org%2F2000%2Fsvg&#39;%20viewBox%3D&#39;0%200%201920%20567&#39;%2F%3E\" data-src=\"https:\/\/baupanel.tech\/wp-content\/uploads\/2023\/01\/baupanel-fabrica-antequera-maquinas.webp\" data-srcset=\"https:\/\/baupanel.tech\/wp-content\/uploads\/2023\/01\/baupanel-fabrica-antequera-maquinas.webp 1920w\" loading=\"eager\" sizes=\"(max-width: 1920px) 100vw, 1920px\" width=\"1920\" height=\"567\"  data-dt-location=\"https:\/\/baupanel.tech\/en\/licencias-de-fabricacion-de-paneles\/baupanel-fabrica-antequera-maquinas-2\/\" style=\"--ratio: 1920 \/ 567;border-radius:15px;\" alt=\"Maquinaria para la fabricaci\u00f3n de paneles baupanel system\" \/><\/div><\/div><\/div>[\/vc_column_inner][\/vc_row_inner][\/vc_column][\/vc_row]<\/p>\n<\/div>","protected":false},"excerpt":{"rendered":"<p>[vc_row type=&#8221;vc_default&#8221; full_width=&#8221;stretch_row&#8221; margin_top=&#8221;0&#8243; margin_bottom=&#8221;0&#8243; css=&#8221;.vc_custom_1674203475189{padding-top: 40px !important;padding-bottom: 60px !important;background-color: #f4f4f4 !important;}&#8221;][vc_column css=&#8221;.vc_custom_1651229789292{padding-bottom: 30px !important;}&#8221;][vc_custom_heading text=&#8221;International Panel Manufacturing Licenses&#8221; font_container=&#8221;tag:h1|text_align:center&#8221; use_theme_fonts=&#8221;yes&#8221; css=&#8221;.vc_custom_1674204315422{padding-bottom: 20px !important;background-position: center !important;background-repeat: no-repeat !important;background-size: cover !important;}&#8221;][vc_custom_heading text=&#8221;Baupanel\u00ae System Licenses&#8221; font_container=&#8221;tag:h2|text_align:center|color:%23005c80&#8243; use_theme_fonts=&#8221;yes&#8221; css=&#8221;.vc_custom_1674202545768{padding-bottom: 20px !important;background-position: center !important;background-repeat: no-repeat !important;background-size: cover !important;}&#8221;][vc_row_inner gap=&#8221;3&#8243; css=&#8221;.vc_custom_1674203815825{padding-top: 30px !important;}&#8221;][vc_column_inner][vc_column_text]Baupanel\u00ae System, is a pre-industrialized construction system, which&hellip;<\/p>\n","protected":false},"author":65,"featured_media":58638,"parent":0,"menu_order":0,"comment_status":"closed","ping_status":"closed","template":"","meta":{"footnotes":""},"class_list":["post-42097","page","type-page","status-publish","has-post-thumbnail","hentry","description-off"],"aioseo_notices":[],"_links":{"self":[{"href":"https:\/\/baupanel.tech\/en\/wp-json\/wp\/v2\/pages\/42097","targetHints":{"allow":["GET"]}}],"collection":[{"href":"https:\/\/baupanel.tech\/en\/wp-json\/wp\/v2\/pages"}],"about":[{"href":"https:\/\/baupanel.tech\/en\/wp-json\/wp\/v2\/types\/page"}],"author":[{"embeddable":true,"href":"https:\/\/baupanel.tech\/en\/wp-json\/wp\/v2\/users\/65"}],"replies":[{"embeddable":true,"href":"https:\/\/baupanel.tech\/en\/wp-json\/wp\/v2\/comments?post=42097"}],"version-history":[{"count":39,"href":"https:\/\/baupanel.tech\/en\/wp-json\/wp\/v2\/pages\/42097\/revisions"}],"predecessor-version":[{"id":58706,"href":"https:\/\/baupanel.tech\/en\/wp-json\/wp\/v2\/pages\/42097\/revisions\/58706"}],"wp:featuredmedia":[{"embeddable":true,"href":"https:\/\/baupanel.tech\/en\/wp-json\/wp\/v2\/media\/58638"}],"wp:attachment":[{"href":"https:\/\/baupanel.tech\/en\/wp-json\/wp\/v2\/media?parent=42097"}],"curies":[{"name":"wp","href":"https:\/\/api.w.org\/{rel}","templated":true}]}}