{"id":53895,"date":"2021-11-30T10:44:55","date_gmt":"2021-11-30T08:44:55","guid":{"rendered":"https:\/\/baupanel.tech\/?page_id=53895"},"modified":"2023-02-01T13:41:11","modified_gmt":"2023-02-01T11:41:11","slug":"building-projects","status":"publish","type":"page","link":"https:\/\/baupanel.tech\/en\/building-projects\/","title":{"rendered":"Building Projects"},"content":{"rendered":"<div class=\"wpb-content-wrapper\"><p>[vc_row type=&#8221;vc_default&#8221; full_width=&#8221;stretch_row&#8221; gap=&#8221;5&#8243; full_width_row=&#8221;true&#8221; css=&#8221;.vc_custom_1569233734904{margin-top: -50px !important;padding-top: 25px !important;padding-bottom: 50px !important;background-color: #efeeed !important;}&#8221; anchor=&#8221;#quienes-somos&#8221; el_id=&#8221;who-we-are&#8221;][vc_column][vc_custom_heading text=&#8221;Portfolio of building projects carried out in Spain&#8221; font_container=&#8221;tag:h2|text_align:center&#8221; use_theme_fonts=&#8221;yes&#8221; css=&#8221;.vc_custom_1638260769835{padding-bottom: 40px !important;background-position: center !important;background-repeat: no-repeat !important;background-size: cover !important;}&#8221;][\/vc_column][\/vc_row][vc_row type=&#8221;vc_default&#8221; full_width=&#8221;stretch_row&#8221; gap=&#8221;5&#8243; full_width_row=&#8221;true&#8221; css=&#8221;.vc_custom_1569244831755{margin-top: -50px !important;padding-top: 25px !important;padding-bottom: 50px !important;background-color: #ffffff !important;}&#8221; anchor=&#8221;#quienes-somos&#8221;][vc_column width=&#8221;1\/2&#8243;]<style type=\"text\/css\" data-type=\"the7_shortcodes-inline-css\">.shortcode-single-image-wrap.shortcode-single-image-81fcf04dc5b51aea73d386e7d768bf47.enable-bg-rollover .rollover i,\n.shortcode-single-image-wrap.shortcode-single-image-81fcf04dc5b51aea73d386e7d768bf47.enable-bg-rollover .rollover-video i {\n  background: ;\n  background: -webkit-linear-gradient();\n  background: linear-gradient();\n}\n.shortcode-single-image-wrap.shortcode-single-image-81fcf04dc5b51aea73d386e7d768bf47 .rollover-icon {\n  font-size: 32px;\n  color: #ffffff;\n  min-width: 44px;\n  min-height: 44px;\n  line-height: 44px;\n  border-radius: 100px;\n  border-style: solid;\n  border-width: 0px;\n}\n.dt-icon-bg-on.shortcode-single-image-wrap.shortcode-single-image-81fcf04dc5b51aea73d386e7d768bf47 .rollover-icon {\n  background: rgba(255,255,255,0.3);\n  box-shadow: none;\n}\n<\/style><div class=\"shortcode-single-image-wrap shortcode-single-image-81fcf04dc5b51aea73d386e7d768bf47 alignnone  enable-bg-rollover dt-icon-bg-off\" style=\"margin-top:0px; margin-bottom:0px; margin-left:0px; margin-right:0px;\" data-pretty-share=\"facebook,twitter,pinterest,linkedin\"><div class=\"shortcode-single-image\"><div class=\"fancy-media-wrap  layzr-bg\" style=\"border-radius:25px;\"><img fetchpriority=\"high\" decoding=\"async\" class=\"preload-me lazy-load aspect\" src=\"data:image\/svg+xml,%3Csvg%20xmlns%3D&#39;http%3A%2F%2Fwww.w3.org%2F2000%2Fsvg&#39;%20viewBox%3D&#39;0%200%201920%201280&#39;%2F%3E\" data-src=\"https:\/\/baupanel.tech\/wp-content\/uploads\/2021\/11\/035-2018-sierrezuela-malaga-01.jpg\" data-srcset=\"https:\/\/baupanel.tech\/wp-content\/uploads\/2021\/11\/035-2018-sierrezuela-malaga-01.jpg 1920w\" loading=\"eager\" sizes=\"(max-width: 1920px) 100vw, 1920px\" width=\"1920\" height=\"1280\"  data-dt-location=\"https:\/\/baupanel.tech\/en\/proyectos-de-construccion\/035-2018-sierrezuela-malaga-01\/\" style=\"--ratio: 1920 \/ 1280;border-radius:25px;\" alt=\"Vivienda en Sierrezuela, M\u00e1laga\" \/><\/div><\/div><\/div>[vc_empty_space height=&#8221;20px&#8221;][vc_column_text]<\/p>\n<p style=\"text-align: center;\"><em>Villa in La Sierrezuela, M\u00e1laga. Integral construction system Baupanel\u00ae System<\/em><\/p>\n<p>[\/vc_column_text][vc_empty_space height=&#8221;20px&#8221;][vc_column_text]<\/p>\n<h4 style=\"text-align: center;\">Comprehensive Work, Facade Enclosures, SATE Thermal Insulation, Rehabilitations, Plant Expansion, Industrial Construction, etc.<\/h4>\n<p>[\/vc_column_text][\/vc_column][vc_column width=&#8221;1\/2&#8243;][vc_column_text]<\/p>\n<h3><span style=\"color: #dd052b;\">Projects built with the integral Baupanel\u00ae System through construction companies and architects throughout Spain<\/span><\/h3>\n<p>[\/vc_column_text][vc_empty_space height=&#8221;20px&#8221;][vc_column_text css=&#8221;.vc_custom_1638263632619{margin-bottom: 30px !important;}&#8221;]<\/p>\n<p style=\"text-align: left;\">Below you can view or download PDF files with a selection of works carried out or in progress in the different areas.<\/p>\n<p>[\/vc_column_text][info_list style=&#8221;circle with_bg&#8221; icon_bg_color=&#8221;#cf142b&#8221; icon_color=&#8221;#ffffff&#8221; font_size_icon=&#8221;12&#8243;][info_list_item list_title=&#8221;C\u00c1DIZ&#8221; list_icon=&#8221;Defaults-chevron-right&#8221;]Baupanel\u00ae works in Algeciras, Rota, La L\u00ednea de la Concepci\u00f3n, San Fernando, Chipiona, Puerto Real, Sotogrande, Tarifa, Ubrique, Conil de la Frontera, Arcos de la Frontera, Puerto de Santa Mar\u00eda, Sanl\u00facar de Barrameda and Jerez de la Border.<\/p>\n<p><a title=\"Obras C\u00e1diz Baupanel\" href=\"https:\/\/baupanel.tech\/wp-content\/uploads\/2022\/01\/Baupanel-Obras-Cadiz.pdf\" target=\"_blank\" rel=\"noopener\"><strong>BUILDING PROJECT LIST<\/strong><\/a>[\/info_list_item][\/info_list][info_list style=&#8221;circle with_bg&#8221; icon_bg_color=&#8221;#cf142b&#8221; icon_color=&#8221;#ffffff&#8221; font_size_icon=&#8221;12&#8243;][info_list_item list_title=&#8221;M\u00c1LAGA&#8221; list_icon=&#8221;Defaults-chevron-right&#8221;]Baupanel\u00ae works built in Malaga Capital, Mijas, Benalm\u00e1dena, Villanueva de Algaidas, Benahavis, Alhaur\u00edn de la Torre, Torrox Costa, La Cala del Moral, El Rinc\u00f3n de la Victoria, Estepona, etc.<\/p>\n<p><a title=\"Building Projects in C\u00e1diz\" href=\"https:\/\/baupanel.tech\/wp-content\/uploads\/2022\/01\/Baupanel-Obras-Malaga.pdf\" target=\"_blank\" rel=\"noopener\"><strong>BUILDING PROJECT LIST<\/strong><\/a>[\/info_list_item][\/info_list][info_list style=&#8221;circle with_bg&#8221; icon_bg_color=&#8221;#cf142b&#8221; icon_color=&#8221;#ffffff&#8221; font_size_icon=&#8221;12&#8243;][info_list_item list_title=&#8221;GRANADA&#8221; list_icon=&#8221;Defaults-chevron-right&#8221;]Baupanel\u00ae works built in Granada Capital, Artafe, Motril, Monachil, Baza, Daraja, etc.<\/p>\n<p><a title=\"Building Projects in C\u00e1diz\" href=\"https:\/\/baupanel.tech\/wp-content\/uploads\/2022\/01\/Baupanel-Obras-Granada.pdf\" target=\"_blank\" rel=\"noopener\"><strong>BUILDING PROJECT LIST<\/strong><\/a>[\/info_list_item][\/info_list][info_list style=&#8221;circle with_bg&#8221; icon_bg_color=&#8221;#cf142b&#8221; icon_color=&#8221;#ffffff&#8221; font_size_icon=&#8221;12&#8243;][info_list_item list_title=&#8221;SEVILLA, HUELVA Y C\u00d3RDOBA&#8221; list_icon=&#8221;Defaults-chevron-right&#8221;]Baupanel\u00ae works built in Seville, Huelva and C\u00f3rdoba.<\/p>\n<p><a title=\"Building Projects in C\u00e1diz\" href=\"https:\/\/baupanel.tech\/wp-content\/uploads\/2022\/01\/Baupanel-Obras-Sevilla-Cordoba-Huelva.pdf\" target=\"_blank\" rel=\"noopener\"><strong>BUILDING PROJECT LIST<\/strong><\/a>[\/info_list_item][\/info_list][info_list style=&#8221;circle with_bg&#8221; icon_bg_color=&#8221;#cf142b&#8221; icon_color=&#8221;#ffffff&#8221; font_size_icon=&#8221;12&#8243;][info_list_item list_title=&#8221;VALENCIA, MURCIA Y ALICANTE&#8221; list_icon=&#8221;Defaults-chevron-right&#8221;]Baupanel\u00ae works built in Valencia, Alicante and Murcia<\/p>\n<p><a title=\"Building Projects in C\u00e1diz\" href=\"https:\/\/baupanel.tech\/wp-content\/uploads\/2022\/01\/Baupanel-Obras-Valencia-Alicante-Murcia.pdf\" target=\"_blank\" rel=\"noopener\"><strong>BUILDING PROJECT LIST<\/strong><\/a>[\/info_list_item][\/info_list][info_list style=&#8221;circle with_bg&#8221; icon_bg_color=&#8221;#cf142b&#8221; icon_color=&#8221;#ffffff&#8221; font_size_icon=&#8221;12&#8243;][info_list_item list_title=&#8221;Mallorca e Ibiza&#8221; list_icon=&#8221;Defaults-chevron-right&#8221;]Baupanel\u00ae works built in Mallorca and Ibiza<\/p>\n<p><a title=\"Building Projects in Mallorca and Ibiza\" href=\"https:\/\/baupanel.tech\/wp-content\/uploads\/2022\/01\/Baupanel-Obras-Mallorca-Ibiza.pdf\" target=\"_blank\" rel=\"noopener\"><strong>BUILDING PROJECT LIST<\/strong><\/a>[\/info_list_item][\/info_list][\/vc_column][\/vc_row]<\/p>\n<\/div>","protected":false},"excerpt":{"rendered":"<p>[vc_row type=&#8221;vc_default&#8221; full_width=&#8221;stretch_row&#8221; gap=&#8221;5&#8243; full_width_row=&#8221;true&#8221; css=&#8221;.vc_custom_1569233734904{margin-top: -50px !important;padding-top: 25px !important;padding-bottom: 50px !important;background-color: #efeeed !important;}&#8221; anchor=&#8221;#quienes-somos&#8221; el_id=&#8221;who-we-are&#8221;][vc_column][vc_custom_heading text=&#8221;Portfolio of building projects carried out in Spain&#8221; font_container=&#8221;tag:h2|text_align:center&#8221; use_theme_fonts=&#8221;yes&#8221; css=&#8221;.vc_custom_1638260769835{padding-bottom: 40px !important;background-position: center !important;background-repeat: no-repeat !important;background-size: cover !important;}&#8221;][\/vc_column][\/vc_row][vc_row type=&#8221;vc_default&#8221; full_width=&#8221;stretch_row&#8221; gap=&#8221;5&#8243; full_width_row=&#8221;true&#8221; css=&#8221;.vc_custom_1569244831755{margin-top: -50px !important;padding-top: 25px !important;padding-bottom: 50px !important;background-color: #ffffff !important;}&#8221; anchor=&#8221;#quienes-somos&#8221;][vc_column width=&#8221;1\/2&#8243;][vc_empty_space height=&#8221;20px&#8221;][vc_column_text] Villa in La Sierrezuela,&hellip;<\/p>\n","protected":false},"author":65,"featured_media":53902,"parent":0,"menu_order":0,"comment_status":"closed","ping_status":"closed","template":"template-microsite.php","meta":{"footnotes":""},"class_list":["post-53895","page","type-page","status-publish","has-post-thumbnail","hentry","description-off"],"aioseo_notices":[],"_links":{"self":[{"href":"https:\/\/baupanel.tech\/en\/wp-json\/wp\/v2\/pages\/53895","targetHints":{"allow":["GET"]}}],"collection":[{"href":"https:\/\/baupanel.tech\/en\/wp-json\/wp\/v2\/pages"}],"about":[{"href":"https:\/\/baupanel.tech\/en\/wp-json\/wp\/v2\/types\/page"}],"author":[{"embeddable":true,"href":"https:\/\/baupanel.tech\/en\/wp-json\/wp\/v2\/users\/65"}],"replies":[{"embeddable":true,"href":"https:\/\/baupanel.tech\/en\/wp-json\/wp\/v2\/comments?post=53895"}],"version-history":[{"count":3,"href":"https:\/\/baupanel.tech\/en\/wp-json\/wp\/v2\/pages\/53895\/revisions"}],"predecessor-version":[{"id":55273,"href":"https:\/\/baupanel.tech\/en\/wp-json\/wp\/v2\/pages\/53895\/revisions\/55273"}],"wp:featuredmedia":[{"embeddable":true,"href":"https:\/\/baupanel.tech\/en\/wp-json\/wp\/v2\/media\/53902"}],"wp:attachment":[{"href":"https:\/\/baupanel.tech\/en\/wp-json\/wp\/v2\/media?parent=53895"}],"curies":[{"name":"wp","href":"https:\/\/api.w.org\/{rel}","templated":true}]}}