{"id":55264,"date":"2022-04-28T09:46:54","date_gmt":"2022-04-28T07:46:54","guid":{"rendered":"https:\/\/baupanel.tech\/desenvolvimento-de-inovacao-em-pesquisa\/"},"modified":"2024-10-17T11:04:58","modified_gmt":"2024-10-17T09:04:58","slug":"investigacao-desenvolvimento-inovacao","status":"publish","type":"page","link":"https:\/\/baupanel.tech\/pt-pt\/investigacao-desenvolvimento-inovacao\/","title":{"rendered":"Pesquisa, Desenvolvimento e Inova\u00e7\u00e3o"},"content":{"rendered":"<div class=\"wpb-content-wrapper\"><p>[vc_row type=&#8221;vc_default&#8221; full_width=&#8221;stretch_row&#8221; gap=&#8221;10&#8243; full_width_row=&#8221;true&#8221; css=&#8221;.vc_custom_1673954633333{padding-top: 20px !important;padding-bottom: 20px !important;background-color: #f4f4f4 !important;}&#8221; anchor=&#8221;#quienes-somos&#8221;][vc_column][vc_custom_heading text=&#8221;Pesquisa, Desenvolvimento e Inova\u00e7\u00e3o&#8221; font_container=&#8221;tag:h1|text_align:center&#8221; use_theme_fonts=&#8221;yes&#8221; css=&#8221;.vc_custom_1673953347341{padding-bottom: 40px !important;background-position: center !important;background-repeat: no-repeat !important;background-size: cover !important;}&#8221;][vc_row_inner gap=&#8221;5&#8243; css=&#8221;.vc_custom_1673953549614{margin-bottom: 45px !important;}&#8221;][vc_column_inner width=&#8221;1\/2&#8243;]<style type=\"text\/css\" data-type=\"the7_shortcodes-inline-css\">.shortcode-single-image-wrap.shortcode-single-image-a1d2d2ad3a03ce8c2e7207d4008c0db2.enable-bg-rollover .rollover i,\n.shortcode-single-image-wrap.shortcode-single-image-a1d2d2ad3a03ce8c2e7207d4008c0db2.enable-bg-rollover .rollover-video i {\n  background: -webkit-linear-gradient();\n  background: linear-gradient();\n}\n.shortcode-single-image-wrap.shortcode-single-image-a1d2d2ad3a03ce8c2e7207d4008c0db2 .rollover-icon {\n  font-size: 32px;\n  color: #ffffff;\n  min-width: 44px;\n  min-height: 44px;\n  line-height: 44px;\n  border-radius: 100px;\n  border-style: solid;\n  border-width: 0px;\n}\n.dt-icon-bg-on.shortcode-single-image-wrap.shortcode-single-image-a1d2d2ad3a03ce8c2e7207d4008c0db2 .rollover-icon {\n  background: rgba(255,255,255,0.3);\n  box-shadow: none;\n}\n<\/style><div class=\"shortcode-single-image-wrap shortcode-single-image-a1d2d2ad3a03ce8c2e7207d4008c0db2 alignnone caption-on  enable-bg-rollover dt-icon-bg-off\" style=\"margin-top:0px; margin-bottom:0px; margin-left:0px; margin-right:0px;\" data-pretty-share=\"facebook,twitter,pinterest,linkedin\"><div class=\"shortcode-single-image\"><div class=\"fancy-media-wrap  layzr-bg\" style=\"border-radius:15px;\"><img fetchpriority=\"high\" decoding=\"async\" class=\"preload-me lazy-load aspect\" src=\"data:image\/svg+xml,%3Csvg%20xmlns%3D&#39;http%3A%2F%2Fwww.w3.org%2F2000%2Fsvg&#39;%20viewBox%3D&#39;0%200%201281%201281&#39;%2F%3E\" data-src=\"https:\/\/baupanel.tech\/wp-content\/uploads\/2023\/01\/ingenieria-id-baupanel-sq.jpg\" data-srcset=\"https:\/\/baupanel.tech\/wp-content\/uploads\/2023\/01\/ingenieria-id-baupanel-sq.jpg 1281w\" loading=\"eager\" sizes=\"(max-width: 1281px) 100vw, 1281px\" width=\"1281\" height=\"1281\"  data-dt-location=\"https:\/\/baupanel.tech\/pt-pt\/investigacion-desarrollo-innovacion\/ingenieria-id-baupanel-sq\/\" style=\"--ratio: 1281 \/ 1281;border-radius:15px;\" alt=\"Ingenier\u00eda de la construcci\u00f3n, sistema constructivo Baupanel\" \/><\/div><\/div><div class=\"shortcode-single-caption\">I+D+i Baupanel\u00ae System - Investigaci\u00f3n y desarrollo.<\/div><\/div>[vc_empty_space][\/vc_column_inner][vc_column_inner width=&#8221;1\/2&#8243;][vc_column_text]<strong>Baupanel\u00ae System<\/strong> dedica grandes esfor\u00e7os em I+D+i. Como resultado, desenvolveu novos campos de aplica\u00e7\u00e3o para o painel e registrou in\u00fameros modelos de utilidade.<\/p>\n<p><strong>Baupanel\u00ae System<\/strong> \u00e9 l\u00edder mundial em termos de alcance e desempenho t\u00e9cnico de seus produtos.<\/p>\n<p>As melhorias desenvolvidas pelo departamento de I+D+i traduzem-se em linhas de trabalho espec\u00edficas para a melhoria dos seus produtos e a sua aplica\u00e7\u00e3o em obras.[\/vc_column_text][vc_custom_heading text=&#8221;Controlo de Qualidade em Obras&#8221; font_container=&#8221;tag:h2|text_align:left|color:%23005c80&#8243; use_theme_fonts=&#8221;yes&#8221; css=&#8221;.vc_custom_1673954350110{padding-top: 20px !important;padding-bottom: 20px !important;background-position: center !important;background-repeat: no-repeat !important;background-size: cover !important;}&#8221;][vc_column_text css=&#8221;.vc_custom_1673954605070{padding-bottom: 20px !important;}&#8221;]El hormig\u00f3n es uno de los materiales m\u00e1s importantes que componen nuestro sistema constructivo y desde Baupanel\u00ae\u00a0le damos la importancia que requiere para garantizar la calidad de los proyectos.<\/p>\n<p>Se ha trabajado en el desarrollo de diversas formulaciones de mortero para satisfacer las diferentes necesidades en funci\u00f3n de su aplicaci\u00f3n.<\/p>\n<p>Como resultado de esta l\u00ednea de trabajo, los morteros y hormigones usados en el <a title=\"Sistema de construcci\u00f3n baupanel\" href=\"https:\/\/baupanel.tech\/?page_id=47290\">sistema de construcci\u00f3n Baupanel System<\/a> son dosificados considerando el estricto cumplimiento de los 3 aspectos esenciales para los mismos:[\/vc_column_text]<div class=\"standard-arrow list-divider bullet-top\"><ul>\n<li><strong>Resist\u00eancia mec\u00e2nica.<\/strong> Deve-se cumprir com o requisito de resist\u00eancia de acordo com as necessidades de cada projeto e as disposi\u00e7\u00f5es normativas que imp\u00f5em um valor de resist\u00eancia caracter\u00edstica de 25 MPa.<\/li>\n<li>Este aspeto \u00e9 de fundamental import\u00e2ncia para que os bet\u00f5es desenvolvidos pela <strong>Baupanel\u00ae<\/strong> sejam projet\u00e1veis pelas m\u00e1quinas que usualmente s\u00e3o utilizadas pelas empresas de argamassas e rebocos.<\/li>\n<li>Retra\u00e7\u00e3o. <strong>Os bet\u00f5es<\/strong> s\u00e3o projetados para que o seu valor de contra\u00e7\u00e3o a tempo infinito n\u00e3o seja superior a 200 \u00b5 por metro.<\/li>\n<\/ul>\n<\/div>[vc_column_text]Antes de realizar qualquer amostra para ensaios mec\u00e2nicos, preparam-se corpos de prova nos quais se verificam as propriedades requeridas para garantir uma perfeita correla\u00e7\u00e3o entre o comportamento te\u00f3rico e o resultado real dos testes.[\/vc_column_text][\/vc_column_inner][\/vc_row_inner][\/vc_column][\/vc_row][vc_row type=&#8221;vc_default&#8221; full_width=&#8221;stretch_row&#8221; gap=&#8221;5&#8243; full_width_row=&#8221;true&#8221; css=&#8221;.vc_custom_1569244831755{margin-top: -50px !important;padding-top: 25px !important;padding-bottom: 50px !important;background-color: #ffffff !important;}&#8221; anchor=&#8221;#quienes-somos&#8221;][vc_column][vc_custom_heading text=&#8221;Acordos de colabora\u00e7\u00e3o em programas de investiga\u00e7\u00e3o&#8221; font_container=&#8221;tag:h2|text_align:center|color:%23005c80&#8243; use_theme_fonts=&#8221;yes&#8221; css=&#8221;.vc_custom_1673954414814{padding-bottom: 40px !important;background-position: center !important;background-repeat: no-repeat !important;background-size: cover !important;}&#8221;][vc_column_text css=&#8221;.vc_custom_1569245111769{margin-bottom: 50px !important;}&#8221;]<\/p>\n<p style=\"text-align: left;\">Foram desenvolvidos trabalhos de investiga\u00e7\u00e3o relacionados com o sistema Baupanel\u00ae com diversas empresas e organismos nacionais, tais como:<\/p>\n<p>[\/vc_column_text]<div class=\"standard-arrow list-divider bullet-top\"><ul>\n<li><strong>Universidade polit\u00e9cnica de Val\u00eancia<\/strong><\/li>\n<\/ul>\n<p>Projeto, otimiza\u00e7\u00e3o, an\u00e1lise mec\u00e2nica e estudo da efici\u00eancia energ\u00e9tica do sistema Baupanel\u00ae.<\/p>\n<p>Otimiza\u00e7\u00e3o estrutural e crit\u00e9rios de sustentabilidade. Efici\u00eancia dos sistemas baseados em Pain\u00e9is Estruturais Multicamadas.<\/p>\n<ul>\n<li><strong>Instituto de Ci\u00eancias da Constru\u00e7\u00e3o Eduardo Torroja, Madrid<\/strong><\/li>\n<\/ul>\n<p>Programas de teste para o desenvolvimento das capacidades mec\u00e2nicas do sistema Baupanel\u00ae System.<\/p>\n<p>Programa de testes ac\u00fasticos com materiais absorventes no Sistema Baupanel\u00ae System.<\/p>\n<ul>\n<li><strong>Universidade de Engenharia Civil e Tecnologia de Bangladesh (BUET), Bangladesh<\/strong><\/li>\n<\/ul>\n<p>Filosofia de design e procedimentos de constru\u00e7\u00e3o do sistema Baupanel\u00ae.<\/p>\n<ul>\n<li><strong>SIRIM QAS International Sdn. Bhd, Mal\u00e1sia<\/strong><\/li>\n<\/ul>\n<p>Estudo de resist\u00eancia ao fogo de parede com carga vertical.<\/p>\n<\/div>[\/vc_column][\/vc_row]<\/p>\n<\/div>","protected":false},"excerpt":{"rendered":"<p>[vc_row type=&#8221;vc_default&#8221; full_width=&#8221;stretch_row&#8221; gap=&#8221;10&#8243; full_width_row=&#8221;true&#8221; css=&#8221;.vc_custom_1673954633333{padding-top: 20px !important;padding-bottom: 20px !important;background-color: #f4f4f4 !important;}&#8221; anchor=&#8221;#quienes-somos&#8221;][vc_column][vc_custom_heading text=&#8221;Pesquisa, Desenvolvimento e Inova\u00e7\u00e3o&#8221; font_container=&#8221;tag:h1|text_align:center&#8221; use_theme_fonts=&#8221;yes&#8221; css=&#8221;.vc_custom_1673953347341{padding-bottom: 40px !important;background-position: center !important;background-repeat: no-repeat !important;background-size: cover !important;}&#8221;][vc_row_inner gap=&#8221;5&#8243; css=&#8221;.vc_custom_1673953549614{margin-bottom: 45px !important;}&#8221;][vc_column_inner width=&#8221;1\/2&#8243;][vc_empty_space][\/vc_column_inner][vc_column_inner width=&#8221;1\/2&#8243;][vc_column_text]Baupanel\u00ae System dedica grandes esfor\u00e7os em I+D+i. Como resultado, desenvolveu novos campos de aplica\u00e7\u00e3o para o painel e registrou in\u00fameros modelos de&hellip;<\/p>\n","protected":false},"author":65,"featured_media":0,"parent":0,"menu_order":0,"comment_status":"closed","ping_status":"closed","template":"","meta":{"footnotes":""},"class_list":["post-55264","page","type-page","status-publish","hentry","description-off"],"aioseo_notices":[],"_links":{"self":[{"href":"https:\/\/baupanel.tech\/pt-pt\/wp-json\/wp\/v2\/pages\/55264","targetHints":{"allow":["GET"]}}],"collection":[{"href":"https:\/\/baupanel.tech\/pt-pt\/wp-json\/wp\/v2\/pages"}],"about":[{"href":"https:\/\/baupanel.tech\/pt-pt\/wp-json\/wp\/v2\/types\/page"}],"author":[{"embeddable":true,"href":"https:\/\/baupanel.tech\/pt-pt\/wp-json\/wp\/v2\/users\/65"}],"replies":[{"embeddable":true,"href":"https:\/\/baupanel.tech\/pt-pt\/wp-json\/wp\/v2\/comments?post=55264"}],"version-history":[{"count":14,"href":"https:\/\/baupanel.tech\/pt-pt\/wp-json\/wp\/v2\/pages\/55264\/revisions"}],"predecessor-version":[{"id":69035,"href":"https:\/\/baupanel.tech\/pt-pt\/wp-json\/wp\/v2\/pages\/55264\/revisions\/69035"}],"wp:attachment":[{"href":"https:\/\/baupanel.tech\/pt-pt\/wp-json\/wp\/v2\/media?parent=55264"}],"curies":[{"name":"wp","href":"https:\/\/api.w.org\/{rel}","templated":true}]}}