{"id":55447,"date":"2016-06-22T13:38:03","date_gmt":"2016-06-22T11:38:03","guid":{"rendered":"https:\/\/baupanel.tech\/a-empresa\/"},"modified":"2024-10-17T11:05:00","modified_gmt":"2024-10-17T09:05:00","slug":"a-empresa","status":"publish","type":"page","link":"https:\/\/baupanel.tech\/pt-pt\/a-empresa\/","title":{"rendered":"A empresa"},"content":{"rendered":"<div class=\"wpb-content-wrapper\"><p>[vc_row type=&#8221;vc_default&#8221; full_width=&#8221;stretch_row&#8221; gap=&#8221;5&#8243; full_width_row=&#8221;true&#8221; css=&#8221;.vc_custom_1673957110119{padding-top: 20px !important;padding-bottom: 20px !important;background-color: #f4f4f4 !important;}&#8221; anchor=&#8221;#quienes-somos&#8221;][vc_column][vc_custom_heading text=&#8221;A empresa&#8221; font_container=&#8221;tag:h1|text_align:center&#8221; use_theme_fonts=&#8221;yes&#8221; css=&#8221;.vc_custom_1673964387325{background-position: center !important;background-repeat: no-repeat !important;background-size: cover !important;}&#8221;][vc_row_inner gap=&#8221;10&#8243; css=&#8221;.vc_custom_1673964237973{padding-top: 40px !important;padding-bottom: 40px !important;}&#8221;][vc_column_inner width=&#8221;1\/2&#8243;]<style type=\"text\/css\" data-type=\"the7_shortcodes-inline-css\">.shortcode-single-image-wrap.shortcode-single-image-2df0ddbde30f6949d7da47506aad89a1.enable-bg-rollover .rollover i,\n.shortcode-single-image-wrap.shortcode-single-image-2df0ddbde30f6949d7da47506aad89a1.enable-bg-rollover .rollover-video i {\n  background: -webkit-linear-gradient();\n  background: linear-gradient();\n}\n.shortcode-single-image-wrap.shortcode-single-image-2df0ddbde30f6949d7da47506aad89a1 .rollover-icon {\n  font-size: 32px;\n  color: #ffffff;\n  min-width: 44px;\n  min-height: 44px;\n  line-height: 44px;\n  border-radius: 100px;\n  border-style: solid;\n  border-width: 0px;\n}\n.dt-icon-bg-on.shortcode-single-image-wrap.shortcode-single-image-2df0ddbde30f6949d7da47506aad89a1 .rollover-icon {\n  background: rgba(255,255,255,0.3);\n  box-shadow: none;\n}\n<\/style><div class=\"shortcode-single-image-wrap shortcode-single-image-2df0ddbde30f6949d7da47506aad89a1 alignnone  enable-bg-rollover dt-icon-bg-off\" style=\"margin-top:0px; margin-bottom:0px; margin-left:0px; margin-right:0px;\" data-pretty-share=\"facebook,twitter,pinterest,linkedin\"><div class=\"shortcode-single-image\"><div class=\"fancy-media-wrap  layzr-bg\" style=\"border-radius:15px;\"><img fetchpriority=\"high\" decoding=\"async\" class=\"preload-me lazy-load aspect\" src=\"data:image\/svg+xml,%3Csvg%20xmlns%3D&#39;http%3A%2F%2Fwww.w3.org%2F2000%2Fsvg&#39;%20viewBox%3D&#39;0%200%201280%201280&#39;%2F%3E\" data-src=\"https:\/\/baupanel.tech\/wp-content\/uploads\/2023\/01\/baupanel-el-equipo-tecnico.jpg\" data-srcset=\"https:\/\/baupanel.tech\/wp-content\/uploads\/2023\/01\/baupanel-el-equipo-tecnico.jpg 1280w\" loading=\"eager\" sizes=\"(max-width: 1280px) 100vw, 1280px\" width=\"1280\" height=\"1280\"  data-dt-location=\"https:\/\/baupanel.tech\/pt-pt\/la-empresa\/baupanel-el-equipo-tecnico\/\" style=\"--ratio: 1280 \/ 1280;border-radius:15px;\" alt=\"Baupanel System, El equipo\" \/><\/div><\/div><\/div>[vc_empty_space height=&#8221;20px&#8221;][\/vc_column_inner][vc_column_inner width=&#8221;1\/2&#8243;][vc_custom_heading text=&#8221;Quem \u00e9 Baupanel\u00ae System?&#8221; font_container=&#8221;tag:h2|text_align:left|color:%23005c80&#8243; use_theme_fonts=&#8221;yes&#8221; css=&#8221;.vc_custom_1673964221937{background-position: center !important;background-repeat: no-repeat !important;background-size: cover !important;}&#8221;][vc_empty_space height=&#8221;20px&#8221;][vc_column_text]<strong>Baupanel\u00ae System<\/strong> \u00e9 um grupo de empresas que nasceu em Espanha a meio do ano de 2003, criado por um n\u00facleo de profissionais com vasta experi\u00eancia no campo da constru\u00e7\u00e3o, investiga\u00e7\u00e3o, tecnologia e processos industriais.[\/vc_column_text][vc_empty_space height=&#8221;20px&#8221;][vc_custom_heading text=&#8221;Experi\u00eancia e Profissionalismo&#8221; font_container=&#8221;tag:h3|text_align:left|color:%23005c80&#8243; use_theme_fonts=&#8221;yes&#8221; css=&#8221;.vc_custom_1673964204368{padding-bottom: 20px !important;background-position: center !important;background-repeat: no-repeat !important;background-size: cover !important;}&#8221;][vc_column_text]A Baupanel\u00ae System re\u00fane mais de <strong>40 anos de experi\u00eancia<\/strong> em sistemas pr\u00e9-industrializados, consolidando-se num material refinado, difundido como uma valiosa alternativa no <strong>setor da constru\u00e7\u00e3o<\/strong>, e que \u00e9 utilizado hoje em dia pelas principais empresas construtoras do pa\u00eds em todo o territ\u00f3rio nacional.<\/p>\n<p>A Baupanel\u00ae System est\u00e1 presente no \u00e2mbito internacional com uma expans\u00e3o progressiva em diversos pa\u00edses da Europa, \u00c1sia, \u00c1frica e Am\u00e9rica, com plantas de fabrica\u00e7\u00e3o j\u00e1 em funcionamento no Gana, Qu\u00e9nia e Ant\u00edgua.[\/vc_column_text][vc_empty_space height=&#8221;20px&#8221;][vc_custom_heading text=&#8221;O nosso objetivo&#8221; font_container=&#8221;tag:h3|text_align:left|color:%23005c80&#8243; use_theme_fonts=&#8221;yes&#8221; css=&#8221;.vc_custom_1673957197780{padding-bottom: 20px !important;background-position: center !important;background-repeat: no-repeat !important;background-size: cover !important;}&#8221;][vc_column_text]Desenvolver um <a title=\"Baupanel\u00ae System \u2013 Sistemas Construtivos\" href=\"https:\/\/baupanel.tech\/pt-pt\/sistema-construtivo-baupanel-system\/\"><strong>sistema de constru\u00e7\u00e3o<\/strong> <strong>eficaz<\/strong><\/a> que, com base em materiais tradicionais como <strong>a\u00e7o<\/strong>, o <strong>poliestireno expandido<\/strong> e o <strong>bet\u00e3o<\/strong>, combinados num \u00fanico produto para obter uma enorme capacidade estrutural juntamente com um excelente isolamento termoac\u00fastico e que, ao mesmo tempo, permita uma significativa redu\u00e7\u00e3o de custos e tempo de execu\u00e7\u00e3o.<\/p>\n<p>Com base nestas premissas, nasceu o <strong>sistema construtivo Baupanel\u00ae System<\/strong>, que em Espanha se tornou numa das melhores solu\u00e7\u00f5es para o cumprimento integral do <strong><a title=\"C\u00f3digo T\u00e9cnico CTE\" href=\"https:\/\/www.codigotecnico.org\/\" target=\"_blank\" rel=\"noopener\">C\u00f3digo T\u00e9cnico da Edifica\u00e7\u00e3o<\/a><\/strong> (CTE).[\/vc_column_text][\/vc_column_inner][\/vc_row_inner][\/vc_column][\/vc_row][vc_row type=&#8221;vc_default&#8221; full_width=&#8221;stretch_row&#8221; gap=&#8221;5&#8243; full_width_row=&#8221;true&#8221; css=&#8221;.vc_custom_1668006329599{padding-top: 40px !important;padding-bottom: 40px !important;background-color: #ffffff !important;}&#8221; anchor=&#8221;#quienes-somos&#8221;][vc_column width=&#8221;1\/2&#8243;][vc_custom_heading text=&#8221;Instala\u00e7\u00f5es&#8221; font_container=&#8221;tag:h3|font_size:26|text_align:left|color:%23005c80&#8243; use_theme_fonts=&#8221;yes&#8221; css=&#8221;.vc_custom_1668006601132{padding-bottom: 20px !important;background-position: center !important;background-repeat: no-repeat !important;background-size: cover !important;}&#8221;][vc_column_text]<\/p>\n<p style=\"text-align: left;\">A <strong><span class=\"xt0psk2\">Baupanel System<\/span><\/strong> \u00e9 fabricante do <a title=\"Sistema Baupanel\u00ae \u2013 Sistemas Construtivos\" href=\"https:\/\/baupanel.tech\/pt-pt\/sistema-construtivo-baupanel-system\/\"><strong>sistema construtivo integral<\/strong><\/a> e <a title=\"Envelope t\u00e9rmico SATE para resid\u00eancias e edif\u00edcios\" href=\"https:\/\/baupanel.tech\/pt-pt\/envolvente-termica-edificios-sate-bausatei\/\"><strong>SATE<\/strong><\/a>. Desde a nossa f\u00e1brica e escrit\u00f3rio t\u00e9cnico, formamos instaladores e assessoramos em todos os projetos de constru\u00e7\u00e3o com estrutura e isolamento Baupanel\u00ae.<\/p>\n<p>[\/vc_column_text][vc_empty_space height=&#8221;20px&#8221;][vc_custom_heading text=&#8221;A nossa equipa&#8221; font_container=&#8221;tag:h3|font_size:26|text_align:left|color:%23005c80&#8243; use_theme_fonts=&#8221;yes&#8221; css=&#8221;.vc_custom_1668006269508{padding-bottom: 20px !important;background-position: center !important;background-repeat: no-repeat !important;background-size: cover !important;}&#8221;][vc_column_text]<\/p>\n<p style=\"text-align: left;\"><strong>Baupanel\u00ae System<\/strong> conta com uma equipa de <strong>profissionais altamente qualificados<\/strong> que se encarregam de que cada projeto consiga a m\u00e1xima efici\u00eancia atrav\u00e9s do sistema construtivo Baupanel\u00ae, estando presentes em toda a cadeia de valor do produto, desde a sua conce\u00e7\u00e3o na fase de design, controlo no processo de fabrica\u00e7\u00e3o dos materiais, integra\u00e7\u00e3o com os restantes <strong>sistemas construtivos<\/strong> que comp\u00f5em um projeto e supervis\u00e3o da execu\u00e7\u00e3o da obra para garantir o controlo de qualidade do produto em todas as suas fases e alcan\u00e7ar os requisitos exigidos em cada projeto.<\/p>\n<p>[\/vc_column_text][vc_empty_space height=&#8221;20px&#8221;][vc_column_text]<\/p>\n<p style=\"text-align: left;\"><strong>Baupanel\u00ae System<\/strong> \u00e9 composto por uma equipa t\u00e9cnica din\u00e2mica e experiente, formada por <strong>arquitetos<\/strong>, <strong>engenheiros <\/strong>e <strong>desenhadores<\/strong>, que se encarregam do estudo, desenvolvimento e adapta\u00e7\u00e3o dos projetos concebidos com sistema tradicional que dever\u00e3o ser posteriormente executados com a nossa tecnologia, assim como projetos que partem do zero.<\/p>\n<p>A rede comercial da Baupanel\u00ae System estende-se por todo o territ\u00f3rio nacional, com delega\u00e7\u00f5es, sucursais e distribuidores independentes. Uma rede em constante crescimento com novos centros de fabrica\u00e7\u00e3o em diferentes zonas de Espanha e Portugal, al\u00e9m de outros pa\u00edses como Ant\u00edgua e Gana.[\/vc_column_text][vc_empty_space height=&#8221;20px&#8221;]<style type=\"text\/css\" data-type=\"the7_shortcodes-inline-css\">#default-btn-e6107d2a2a996013732095e0538152af.ico-right-side > i {\n  margin-right: 0px;\n  margin-left: 8px;\n}\n#default-btn-e6107d2a2a996013732095e0538152af > i {\n  margin-right: 8px;\n}\n<\/style><a href=\"https:\/\/baupanel.tech\/contacto\/\" class=\"default-btn-shortcode dt-btn dt-btn-l link-hover-off btn-inline-left  vc_custom_1668007235224\" id=\"default-btn-e6107d2a2a996013732095e0538152af\"><span>Cont\u00e1ctanos<\/span><\/a>[\/vc_column][vc_column width=&#8221;1\/2&#8243;][vc_row_inner gap=&#8221;10&#8243; css=&#8221;.vc_custom_1668006931484{padding-bottom: 30px !important;}&#8221;][vc_column_inner width=&#8221;1\/2&#8243; css=&#8221;.vc_custom_1569232635857{margin-right: 20px !important;}&#8221;][vc_single_image image=&#8221;55233&#8243; img_size=&#8221;full&#8221;][\/vc_column_inner][vc_column_inner width=&#8221;1\/2&#8243;][vc_single_image image=&#8221;55235&#8243; img_size=&#8221;full&#8221;][\/vc_column_inner][\/vc_row_inner][vc_row_inner gap=&#8221;10&#8243;][vc_column_inner width=&#8221;1\/2&#8243; css=&#8221;.vc_custom_1569232635857{margin-right: 20px !important;}&#8221;][vc_single_image image=&#8221;55234&#8243; img_size=&#8221;full&#8221;][\/vc_column_inner][vc_column_inner width=&#8221;1\/2&#8243;][vc_single_image image=&#8221;55236&#8243; img_size=&#8221;full&#8221;][\/vc_column_inner][\/vc_row_inner][\/vc_column][\/vc_row]<\/p>\n<\/div>","protected":false},"excerpt":{"rendered":"<p>[vc_row type=&#8221;vc_default&#8221; full_width=&#8221;stretch_row&#8221; gap=&#8221;5&#8243; full_width_row=&#8221;true&#8221; css=&#8221;.vc_custom_1673957110119{padding-top: 20px !important;padding-bottom: 20px !important;background-color: #f4f4f4 !important;}&#8221; anchor=&#8221;#quienes-somos&#8221;][vc_column][vc_custom_heading text=&#8221;A empresa&#8221; font_container=&#8221;tag:h1|text_align:center&#8221; use_theme_fonts=&#8221;yes&#8221; css=&#8221;.vc_custom_1673964387325{background-position: center !important;background-repeat: no-repeat !important;background-size: cover !important;}&#8221;][vc_row_inner gap=&#8221;10&#8243; css=&#8221;.vc_custom_1673964237973{padding-top: 40px !important;padding-bottom: 40px !important;}&#8221;][vc_column_inner width=&#8221;1\/2&#8243;][vc_empty_space height=&#8221;20px&#8221;][\/vc_column_inner][vc_column_inner width=&#8221;1\/2&#8243;][vc_custom_heading text=&#8221;Quem \u00e9 Baupanel\u00ae System?&#8221; font_container=&#8221;tag:h2|text_align:left|color:%23005c80&#8243; use_theme_fonts=&#8221;yes&#8221; css=&#8221;.vc_custom_1673964221937{background-position: center !important;background-repeat: no-repeat !important;background-size: cover !important;}&#8221;][vc_empty_space height=&#8221;20px&#8221;][vc_column_text]Baupanel\u00ae System \u00e9 um grupo de empresas que nasceu&hellip;<\/p>\n","protected":false},"author":65,"featured_media":58509,"parent":0,"menu_order":0,"comment_status":"closed","ping_status":"closed","template":"","meta":{"footnotes":""},"class_list":["post-55447","page","type-page","status-publish","has-post-thumbnail","hentry","description-off"],"aioseo_notices":[],"_links":{"self":[{"href":"https:\/\/baupanel.tech\/pt-pt\/wp-json\/wp\/v2\/pages\/55447","targetHints":{"allow":["GET"]}}],"collection":[{"href":"https:\/\/baupanel.tech\/pt-pt\/wp-json\/wp\/v2\/pages"}],"about":[{"href":"https:\/\/baupanel.tech\/pt-pt\/wp-json\/wp\/v2\/types\/page"}],"author":[{"embeddable":true,"href":"https:\/\/baupanel.tech\/pt-pt\/wp-json\/wp\/v2\/users\/65"}],"replies":[{"embeddable":true,"href":"https:\/\/baupanel.tech\/pt-pt\/wp-json\/wp\/v2\/comments?post=55447"}],"version-history":[{"count":20,"href":"https:\/\/baupanel.tech\/pt-pt\/wp-json\/wp\/v2\/pages\/55447\/revisions"}],"predecessor-version":[{"id":69041,"href":"https:\/\/baupanel.tech\/pt-pt\/wp-json\/wp\/v2\/pages\/55447\/revisions\/69041"}],"wp:featuredmedia":[{"embeddable":true,"href":"https:\/\/baupanel.tech\/pt-pt\/wp-json\/wp\/v2\/media\/58509"}],"wp:attachment":[{"href":"https:\/\/baupanel.tech\/pt-pt\/wp-json\/wp\/v2\/media?parent=55447"}],"curies":[{"name":"wp","href":"https:\/\/api.w.org\/{rel}","templated":true}]}}