{"id":55492,"date":"2014-08-08T19:17:29","date_gmt":"2014-08-08T17:17:29","guid":{"rendered":"https:\/\/baupanel.tech\/contato\/"},"modified":"2023-01-17T17:36:38","modified_gmt":"2023-01-17T15:36:38","slug":"contato","status":"publish","type":"page","link":"https:\/\/baupanel.tech\/pt-pt\/contato\/","title":{"rendered":"Entre em contato com a Baupanel\u00ae System"},"content":{"rendered":"<div class=\"wpb-content-wrapper\"><p>[vc_row margin_top=&#8221;35px&#8221; margin_bottom=&#8221;15px&#8221; css=&#8221;.vc_custom_1569915158076{margin-bottom: 20px !important;}&#8221;][vc_column][vc_custom_heading text=&#8221;Entre em contato com a Baupanel\u00ae System&#8221; font_container=&#8221;tag:h1|text_align:center|color:%23005c80&#8243; use_theme_fonts=&#8221;yes&#8221; css=&#8221;.vc_custom_1651045682611{margin-bottom: 25px !important;}&#8221;][\/vc_column][\/vc_row][vc_row margin_top=&#8221;30px&#8221; margin_bottom=&#8221;60px&#8221; css=&#8221;.vc_custom_1556205073414{margin-bottom: 30px !important;}&#8221;][vc_column width=&#8221;2\/3&#8243;][vc_column_text css=&#8221;.vc_custom_1569915066011{margin-bottom: 40px !important;}&#8221;]<\/p>\n<h3><span class=\"color-title\">Preencha o formul\u00e1rio e em breve entraremos em contato<\/span><\/h3>\n<p>[\/vc_column_text]\n<div class=\"wpcf7 no-js\" id=\"wpcf7-f55562-o1\" lang=\"pt-PT\" dir=\"ltr\" data-wpcf7-id=\"55562\">\n<div class=\"screen-reader-response\"><p role=\"status\" aria-live=\"polite\" aria-atomic=\"true\"><\/p> <ul><\/ul><\/div>\n<form action=\"\/pt-pt\/wp-json\/wp\/v2\/pages\/55492#wpcf7-f55562-o1\" method=\"post\" class=\"wpcf7-form init\" aria-label=\"Formul\u00e1rio de contacto\" novalidate=\"novalidate\" data-status=\"init\">\n<fieldset class=\"hidden-fields-container\"><input type=\"hidden\" name=\"_wpcf7\" value=\"55562\" \/><input type=\"hidden\" name=\"_wpcf7_version\" value=\"6.1\" \/><input type=\"hidden\" name=\"_wpcf7_locale\" value=\"pt_PT\" \/><input type=\"hidden\" name=\"_wpcf7_unit_tag\" value=\"wpcf7-f55562-o1\" \/><input type=\"hidden\" name=\"_wpcf7_container_post\" value=\"0\" \/><input type=\"hidden\" name=\"_wpcf7_posted_data_hash\" value=\"\" \/><input type=\"hidden\" name=\"_uacf7_hidden_conditional_fields\" value=\"\" \/><input type=\"hidden\" name=\"_wpcf7_recaptcha_response\" value=\"\" \/>\n<\/fieldset>\n<div class=\"uacf7-form-55562  \"><p>Nomes e sobrenomes <span style=\"color:red;\">(*)<\/span><br>\n    <span class=\"wpcf7-form-control-wrap\" data-name=\"your-name\"><input size=\"40\" maxlength=\"400\" class=\"wpcf7-form-control wpcf7-text wpcf7-validates-as-required\" aria-required=\"true\" aria-invalid=\"false\" value=\"\" type=\"text\" name=\"your-name\" \/><\/span> <\/p>\n\n<p>Atividade <span style=\"color:red;\">(*)<\/span><br>\n<span class=\"wpcf7-form-control-wrap\" data-name=\"your-activity\"><select class=\"wpcf7-form-control wpcf7-select wpcf7-validates-as-required\" aria-required=\"true\" aria-invalid=\"false\" name=\"your-activity\"><option value=\"\">-Por favor escolha uma op\u00e7\u00e3o-<\/option><option value=\"Constructor\">Constructor<\/option><option value=\"Promotor\">Promotor<\/option><option value=\"Distribuidor de materiales\">Distribuidor de materiales<\/option><option value=\"Proveedor\">Proveedor<\/option><option value=\"Administraci\u00f3n p\u00fablica\">Administraci\u00f3n p\u00fablica<\/option><option value=\"Arquitecto\">Arquitecto<\/option><option value=\"Aparejador\">Aparejador<\/option><option value=\"Particular\">Particular<\/option><\/select><\/span> <\/p>\n\n<p>Dire\u00e7\u00e3o<br>\n    <span class=\"wpcf7-form-control-wrap\" data-name=\"your-address\"><input size=\"40\" maxlength=\"400\" class=\"wpcf7-form-control wpcf7-text\" aria-invalid=\"false\" value=\"\" type=\"text\" name=\"your-address\" \/><\/span> <\/p>\n\n<p>Cidade, Prov\u00edncia <span style=\"color:red;\">(*)<\/span><br>\n    <span class=\"wpcf7-form-control-wrap\" data-name=\"your-city\"><input size=\"40\" maxlength=\"400\" class=\"wpcf7-form-control wpcf7-text wpcf7-validates-as-required\" aria-required=\"true\" aria-invalid=\"false\" value=\"\" type=\"text\" name=\"your-city\" \/><\/span> <\/p>\n\n<p>Telefone <span style=\"color:red;\">(*)<\/span><br>\n    <span class=\"wpcf7-form-control-wrap\" data-name=\"your-phone\"><input size=\"40\" maxlength=\"400\" class=\"wpcf7-form-control wpcf7-tel wpcf7-validates-as-required wpcf7-text wpcf7-validates-as-tel\" aria-required=\"true\" aria-invalid=\"false\" value=\"\" type=\"tel\" name=\"your-phone\" \/><\/span> <\/p>\n\n<p>Correio eletr\u00f4nico <span style=\"color:red;\">(*)<\/span><br>\n    <span class=\"wpcf7-form-control-wrap\" data-name=\"your-email\"><input size=\"40\" maxlength=\"400\" class=\"wpcf7-form-control wpcf7-email wpcf7-validates-as-required wpcf7-text wpcf7-validates-as-email\" aria-required=\"true\" aria-invalid=\"false\" value=\"\" type=\"email\" name=\"your-email\" \/><\/span> <\/p>\n\n<p>Mensagem <span style=\"color:red;\">(*)<\/span><br>\n    <span class=\"wpcf7-form-control-wrap\" data-name=\"your-message\"><textarea cols=\"40\" rows=\"10\" maxlength=\"2000\" class=\"wpcf7-form-control wpcf7-textarea wpcf7-validates-as-required\" aria-required=\"true\" aria-invalid=\"false\" name=\"your-message\"><\/textarea><\/span> <\/p>\n\n<p>Como voc\u00ea nos conheceu? <br>\n    <span class=\"wpcf7-form-control-wrap\" data-name=\"fuente-contacto\"><select class=\"wpcf7-form-control wpcf7-select\" id=\"fuente-contacto\" aria-invalid=\"false\" name=\"fuente-contacto\"><option value=\"\">-Por favor escolha uma op\u00e7\u00e3o-<\/option><option value=\"Google\">Google<\/option><option value=\"Ferias\">Ferias<\/option><option value=\"Prensa\">Prensa<\/option><option value=\"Recomendaci\u00f3n\">Recomendaci\u00f3n<\/option><option value=\"Mailing\">Mailing<\/option><option value=\"Otros\">Otros<\/option><\/select><\/span> <\/p>\n\n<p><span style=\"color:red;\">(*) Campos obrigat\u00f3rios para envio de mensagem.<\/span><\/p>\n\n<p style=\"margin-left:0px;margin-bottom:25px\"><span class=\"wpcf7-form-control-wrap\" data-name=\"checkbox-politica\"><span class=\"wpcf7-form-control wpcf7-checkbox wpcf7-validates-as-required\" id=\"politica-contacto\"><span class=\"wpcf7-list-item first last\"><input type=\"checkbox\" name=\"checkbox-politica[]\" value=\"Acepto la Pol\u00edtica de Privacidad\" \/><span class=\"wpcf7-list-item-label\">Acepto la Pol\u00edtica de Privacidad<\/span><\/span><\/span><\/span>  <span style=\"color:red;margin-left:10px\">(*)<\/span> Li e aceito a <a href=\"https:\/\/baupanel.tech\/politica-de-privacidad\/\" target=\"_blank\">Pol\u00edtica de Privacidade<\/a> da Baupanel.<\/p>\n\n<p style=\"margin-top: 16px;\"><input class=\"wpcf7-form-control wpcf7-submit has-spinner\" type=\"submit\" value=\"Enviar\" \/><\/p>\n\n<span id=\"wpcf7-69da447ae84f2-wrapper\" class=\"wpcf7-form-control-wrap email-protection-wrap\" style=\"display:none !important; visibility:hidden !important;\"><label for=\"email-protection\" class=\"hp-message\">Please leave this field empty.<\/label><input id=\"email-protection\"  class=\"wpcf7-form-control wpcf7-text\" type=\"text\" name=\"email-protection\" value=\"\" size=\"40\" tabindex=\"-1\" autocomplete=\"new-password\" \/><\/span><\/div><div class=\"wpcf7-response-output\" aria-hidden=\"true\"><\/div>\n<\/form>\n<\/div>\n[\/vc_column][vc_column width=&#8221;1\/3&#8243; css=&#8221;.vc_custom_1651048314596{padding-right: 30px !important;padding-left: 30px !important;}&#8221;][vc_cta h2=&#8221;Voc\u00ea tem um projeto de constru\u00e7\u00e3o?&#8221; txt_align=&#8221;center&#8221; style=&#8221;custom&#8221; add_button=&#8221;bottom&#8221; btn_title=&#8221;<b>OR\u00c7AMENTOS<\/b>&#8221; btn_style=&#8221;custom&#8221; btn_custom_background=&#8221;#005c80&#8243; btn_custom_text=&#8221;#ffffff&#8221; btn_shape=&#8221;square&#8221; btn_align=&#8221;center&#8221; btn_link=&#8221;url:https%3A%2F%2Fbaupanel.tech%2Fpt-pt%2Fsolicita-presupuesto-baupanel-pt%2F|&#8221; custom_background=&#8221;#f2f2f2&#8243; custom_text=&#8221;#005c80&#8243; css=&#8221;.vc_custom_1651048323053{margin-bottom: 20px !important;}&#8221;]<\/p>\n<h4>Solicite agora um or\u00e7amento com seu projeto t\u00e9cnico!<\/h4>\n<p>[\/vc_cta][vc_custom_heading text=&#8221;Onde estamos?&#8221; font_container=&#8221;tag:h2|text_align:left|color:%23dd3333&#8243; use_theme_fonts=&#8221;yes&#8221; css=&#8221;.vc_custom_1569915194854{margin-top: 30px !important;margin-bottom: 25px !important;}&#8221;][vc_custom_heading text=&#8221;ESPANHA &#8211; ANT\u00cdGUA &#8211; QU\u00caNIA &#8211; GANA&#8221; font_container=&#8221;tag:h4|text_align:left|color:%23005c80&#8243; use_theme_fonts=&#8221;yes&#8221; css=&#8221;.vc_custom_1651047871940{margin-top: 30px !important;margin-bottom: 25px !important;}&#8221;][vc_column_text css=&#8221;.vc_custom_1651048522636{margin-top: 20px !important;margin-bottom: 20px !important;}&#8221;]<\/p>\n<h5><a href=\"tel:0034951701414\">+34 951 701 414<\/a> | <a href=\"mailto:info@baupanel.com\">info@baupanel.com<\/a><\/h5>\n<p>[\/vc_column_text][vc_column_text css=&#8221;.vc_custom_1651048439344{margin-bottom: 10px !important;}&#8221;]<strong><span class=\"color-title\">Gabinete Comercial e T\u00e9cnico (M\u00e1laga)<\/span><\/strong><br \/>\nCalle Decano Antonio Zedano 5b<br \/>\nEdificio Ruiz Escobar (P.I. El Pinillo)<br \/>\n29620, Torremolinos, M\u00e1laga[\/vc_column_text][vc_column_text css=&#8221;.vc_custom_1651048419374{margin-bottom: 10px !important;}&#8221;]<strong><span class=\"color-title\">F\u00e1brica e Centro de Engenharia (Antequera)<\/span><\/strong><br \/>\nAvenida Poeta Mu\u00f1oz Rojas 10 B<br \/>\nAntequera, 29200, Espanha. M\u00e1laga[\/vc_column_text][vc_column_text css=&#8221;.vc_custom_1651048461008{margin-bottom: 15px !important;}&#8221;]<strong><span class=\"color-title\">Escrit\u00f3rio Madrid<\/span><\/strong><br \/>\nC\/ Vel\u00e1zquez, 100. 4\u00ba Izqda.<br \/>\n28006 Madrid, Espanha.[\/vc_column_text][vc_custom_heading text=&#8221;Siga-nos nas redes sociais&#8221; font_container=&#8221;tag:h2|text_align:left|color:%23dd3333&#8243; use_theme_fonts=&#8221;yes&#8221; css=&#8221;.vc_custom_1569915174439{margin-top: 25px !important;margin-bottom: 25px !important;}&#8221;][vc_column_text]<div class=\"soc-ico\"><a title=\"Facebook page opens in new window\" href=\"https:\/\/www.facebook.com\/baupanel\" target=\"_blank\" class=\"facebook\"><span class=\"soc-font-icon\"><\/span><span class=\"screen-reader-text\">Facebook page opens in new window<\/span><\/a> <a title=\"X page opens in new window\" href=\"https:\/\/twitter.com\/baupanelspain\" target=\"_blank\" class=\"twitter\"><span class=\"soc-font-icon\"><\/span><span class=\"screen-reader-text\">X page opens in new window<\/span><\/a> <a title=\"YouTube page opens in new window\" href=\"https:\/\/www.youtube.com\/channel\/UC8KkBVEBv3-FIP2cXbT8zpw\" target=\"_blank\" class=\"you-tube\"><span class=\"soc-font-icon\"><\/span><span class=\"screen-reader-text\">YouTube page opens in new window<\/span><\/a> <a title=\"Linkedin page opens in new window\" href=\"https:\/\/www.linkedin.com\/company\/baupanel-system?trk=biz-companies-cym\" target=\"_blank\" class=\"linkedin\"><span class=\"soc-font-icon\"><\/span><span class=\"screen-reader-text\">Linkedin page opens in new window<\/span><\/a> <\/div>[\/vc_column_text][\/vc_column][\/vc_row][vc_row type=&#8221;vc_default&#8221; full_width=&#8221;stretch_row_content_no_spaces&#8221; full_width_row=&#8221;true&#8221; css=&#8221;.vc_custom_1569917020465{margin-bottom: -50px !important;}&#8221;][vc_column][vc_gmaps link=&#8221;#E-8_JTNDaWZyYW1lJTIwc3JjJTNEJTIyaHR0cHMlM0ElMkYlMkZ3d3cuZ29vZ2xlLmNvbSUyRm1hcHMlMkZlbWJlZCUzRnBiJTNEJTIxMW0xOCUyMTFtMTIlMjExbTMlMjExZDMxODUuMTA1NTM0MTAxMDgxJTIxMmQtNC41MzI1Njg2ODQ3MDM1ODklMjEzZDM3LjAzMTEyOTk3OTkwMTY4JTIxMm0zJTIxMWYwJTIxMmYwJTIxM2YwJTIxM20yJTIxMWkxMDI0JTIxMmk3NjglMjE0ZjEzLjElMjEzbTMlMjExbTIlMjExczB4ZDcyOGY4NTczYTc3MzQ1JTI1M0EweGM0YzU2ZGRiMGMxMDM5NTglMjEyc0F2ZW5pZGElMkJQb2V0YSUyQk11JTI1QzMlMjVCMW96JTJCUm9qYXMlMjUyQyUyQjEwJTI1MkMlMkIyOTIwMCUyQkFudGVxdWVyYSUyNTJDJTJCTSUyNUMzJTI1QTFsYWdhJTIxNWUwJTIxM20yJTIxMXNlcyUyMTJzZXMlMjE0djE0NjU0NzI1Njg0NjclMjIlMjB3aWR0aCUzRCUyMjYwMCUyMiUyMGhlaWdodCUzRCUyMjQ1MCUyMiUyMGZyYW1lYm9yZGVyJTNEJTIyMCUyMiUyMHN0eWxlJTNEJTIyYm9yZGVyJTNBMCUyMiUyMGFsbG93ZnVsbHNjcmVlbiUzRCUyMiUyMiUzRSUzQyUyRmlmcmFtZSUzRQ==&#8221; size=&#8221;450&#8243; css=&#8221;.vc_custom_1465472609227{margin-top: 0px !important;margin-right: 0px !important;margin-bottom: 0px !important;margin-left: 0px !important;border-top-width: 0px !important;border-right-width: 0px !important;border-bottom-width: 0px !important;border-left-width: 0px !important;padding-top: 0px !important;padding-right: 0px !important;padding-bottom: 0px !important;padding-left: 0px !important;}&#8221;][\/vc_column][\/vc_row]<\/p>\n<\/div>","protected":false},"excerpt":{"rendered":"<p>[vc_row margin_top=&#8221;35px&#8221; margin_bottom=&#8221;15px&#8221; css=&#8221;.vc_custom_1569915158076{margin-bottom: 20px !important;}&#8221;][vc_column][vc_custom_heading text=&#8221;Entre em contato com a Baupanel\u00ae System&#8221; font_container=&#8221;tag:h1|text_align:center|color:%23005c80&#8243; use_theme_fonts=&#8221;yes&#8221; css=&#8221;.vc_custom_1651045682611{margin-bottom: 25px !important;}&#8221;][\/vc_column][\/vc_row][vc_row margin_top=&#8221;30px&#8221; margin_bottom=&#8221;60px&#8221; css=&#8221;.vc_custom_1556205073414{margin-bottom: 30px !important;}&#8221;][vc_column width=&#8221;2\/3&#8243;][vc_column_text css=&#8221;.vc_custom_1569915066011{margin-bottom: 40px !important;}&#8221;] Preencha o formul\u00e1rio e em breve entraremos em contato [\/vc_column_text][\/vc_column][vc_column width=&#8221;1\/3&#8243; css=&#8221;.vc_custom_1651048314596{padding-right: 30px !important;padding-left: 30px !important;}&#8221;][vc_cta h2=&#8221;Voc\u00ea tem um projeto de constru\u00e7\u00e3o?&#8221; txt_align=&#8221;center&#8221; style=&#8221;custom&#8221; add_button=&#8221;bottom&#8221; btn_title=&#8221;OR\u00c7AMENTOS&#8221; btn_style=&#8221;custom&#8221; btn_custom_background=&#8221;#005c80&#8243;&hellip;<\/p>\n","protected":false},"author":65,"featured_media":55138,"parent":0,"menu_order":10,"comment_status":"closed","ping_status":"closed","template":"","meta":{"footnotes":""},"class_list":["post-55492","page","type-page","status-publish","has-post-thumbnail","hentry","description-off"],"aioseo_notices":[],"_links":{"self":[{"href":"https:\/\/baupanel.tech\/pt-pt\/wp-json\/wp\/v2\/pages\/55492","targetHints":{"allow":["GET"]}}],"collection":[{"href":"https:\/\/baupanel.tech\/pt-pt\/wp-json\/wp\/v2\/pages"}],"about":[{"href":"https:\/\/baupanel.tech\/pt-pt\/wp-json\/wp\/v2\/types\/page"}],"author":[{"embeddable":true,"href":"https:\/\/baupanel.tech\/pt-pt\/wp-json\/wp\/v2\/users\/65"}],"replies":[{"embeddable":true,"href":"https:\/\/baupanel.tech\/pt-pt\/wp-json\/wp\/v2\/comments?post=55492"}],"version-history":[{"count":6,"href":"https:\/\/baupanel.tech\/pt-pt\/wp-json\/wp\/v2\/pages\/55492\/revisions"}],"predecessor-version":[{"id":58556,"href":"https:\/\/baupanel.tech\/pt-pt\/wp-json\/wp\/v2\/pages\/55492\/revisions\/58556"}],"wp:featuredmedia":[{"embeddable":true,"href":"https:\/\/baupanel.tech\/pt-pt\/wp-json\/wp\/v2\/media\/55138"}],"wp:attachment":[{"href":"https:\/\/baupanel.tech\/pt-pt\/wp-json\/wp\/v2\/media?parent=55492"}],"curies":[{"name":"wp","href":"https:\/\/api.w.org\/{rel}","templated":true}]}}