{"id":55514,"date":"2019-10-30T19:12:19","date_gmt":"2019-10-30T17:12:19","guid":{"rendered":"https:\/\/baupanel.tech\/servicos-para-individuos\/"},"modified":"2024-09-30T16:54:23","modified_gmt":"2024-09-30T14:54:23","slug":"servicos-para-particulares","status":"publish","type":"page","link":"https:\/\/baupanel.tech\/pt-pt\/servicos-para-particulares\/","title":{"rendered":"Servi\u00e7os para particulares"},"content":{"rendered":"<div class=\"wpb-content-wrapper\"><p>[vc_row type=&#8221;vc_default&#8221; full_width=&#8221;stretch_row&#8221; content_placement=&#8221;middle&#8221; el_id=&#8221;servi\u00e7os-particulares&#8221; css=&#8221;.vc_custom_1677484840809{background-image: url(https:\/\/baupanel.tech\/wp-content\/uploads\/2019\/10\/servicios-para-prarticulares-baupanel.jpg?id=52339) !important;background-position: center !important;background-repeat: no-repeat !important;background-size: cover !important;}&#8221;][vc_column][vc_empty_space height=&#8221;70px&#8221;][vc_column_text]<\/p>\n<h1>Servi\u00e7os para<br \/>\n<span style=\"font-size: 55px; margin-top: 70px;\">Particulares<\/span><\/h1>\n<p>[\/vc_column_text][vc_empty_space height=&#8221;110px&#8221;][\/vc_column][\/vc_row][vc_row css=&#8221;.vc_custom_1677486971160{padding-top: 40px !important;padding-bottom: 40px !important;}&#8221;][vc_column][vc_empty_space height=&#8221;40px&#8221;][vc_column_text]<\/p>\n<h2 style=\"text-align: center;\"><span style=\"color: #005c80;\">Habita\u00e7\u00f5es Baupanel\u00ae System<\/span><\/h2>\n<p>[\/vc_column_text][vc_empty_space height=&#8221;40px&#8221;][vc_row_inner gap=&#8221;15&#8243; css=&#8221;.vc_custom_1677487144987{margin-top: 20px !important;margin-bottom: 40px !important;padding-bottom: 40px !important;}&#8221;][vc_column_inner width=&#8221;1\/2&#8243;][vc_column_text css=&#8221;.vc_custom_1572454445690{padding-bottom: 25px !important;}&#8221;]<\/p>\n<h3 style=\"font-size: 28px;\"><span style=\"color: #cd1719;\">Tem interesse em construir a sua casa ou projeto com o Baupanel\u00ae System?<\/span><\/h3>\n<p>[\/vc_column_text][vc_column_text css=&#8221;.vc_custom_1677492390713{padding-bottom: 25px !important;}&#8221;]Se j\u00e1 tomou a decis\u00e3o de construir a sua casa com o nosso sistema construtivo e, no caso de j\u00e1 ter um arquiteto, este dever\u00e1 entrar em contacto connosco para que possamos assessor\u00e1-lo no design com o <strong>Baupanel\u00ae System<\/strong> e otimizar o seu projeto a 100%.<\/p>\n<p>Uma vez que o projeto de execu\u00e7\u00e3o esteja conclu\u00eddo ou assim que o seu arquiteto disponha das medi\u00e7\u00f5es, coloc\u00e1-lo-emos em contacto com instaladores externos na sua zona, para que possa receber propostas de constru\u00e7\u00e3o.<\/p>\n<p>No caso de querer usar uma construtora sem experi\u00eancia com o sistema, n\u00f3s encarregar-nos-emos de a formar.<\/p>\n<h4>A nossa empresa \u00e9 fabricante do sistema construtivo Baupanel\u00ae.<\/h4>\n<p>Assim, se desejar construir a sua casa com o nosso sistema construtivo, pode enviar-nos os dados do seu projeto e de contato, preenchendo o formul\u00e1rio abaixo. Assim que conhecermos as suas necessidades espec\u00edficas, coloc\u00e1-lo-emos em contacto com profissionais na sua zona, dentro da nossa rede de distribuidores, arquitetos e construtores.[\/vc_column_text][vc_empty_space height=&#8221;10px&#8221;]<style type=\"text\/css\" data-type=\"the7_shortcodes-inline-css\">#default-btn-f2d3f28b01677120e394a9fde06b94a6.ico-right-side > i {\n  margin-right: 0px;\n  margin-left: 8px;\n}\n#default-btn-f2d3f28b01677120e394a9fde06b94a6 > i {\n  margin-right: 8px;\n}\n<\/style><div class=\"btn-align-left\"><a href=\"#solicitar-presupuesto\" class=\"default-btn-shortcode dt-btn dt-btn-m link-hover-off  vc_custom_1677492315955\" id=\"default-btn-f2d3f28b01677120e394a9fde06b94a6\"><span>Presupuesto de construcci\u00f3n<\/span><\/a><\/div>[vc_empty_space height=&#8221;20px&#8221;][\/vc_column_inner][vc_column_inner width=&#8221;1\/2&#8243;][vc_single_image image=&#8221;55515&#8243; img_size=&#8221;full&#8221;][\/vc_column_inner][\/vc_row_inner][vc_column_text css=&#8221;.vc_custom_1677487126366{padding-bottom: 25px !important;}&#8221;]<\/p>\n<h3 style=\"text-align: center;\">A Baupanel\u00ae System \u00e9 fabricante do <a title=\"Sistema Baupanel\u00ae \u2013 Sistemas Construtivos\" href=\"https:\/\/baupanel.tech\/?page_id=47290\">sistema construtivo<\/a> e distribuidor de materiais de constru\u00e7\u00e3o.<\/h3>\n<p>[\/vc_column_text][vc_empty_space height=&#8221;20px&#8221;][\/vc_column][\/vc_row][vc_row type=&#8221;vc_default&#8221; full_width=&#8221;stretch_row&#8221; gap=&#8221;15&#8243; margin_top=&#8221;40px&#8221; css=&#8221;.vc_custom_1677492502196{padding-top: 40px !important;padding-bottom: 40px !important;background-color: #1d1d1b !important;}&#8221; el_id=&#8221;pedido-de-cota\u00e7\u00e3o&#8221;][vc_column][vc_column_text]<\/p>\n<h2 style=\"text-align: center; font-size: 38px;\"><span style=\"color: #ffffff;\">Tem um projeto de constru\u00e7\u00e3o?<\/span><\/h2>\n<p>[\/vc_column_text][vc_row_inner content_placement=&#8221;middle&#8221; css=&#8221;.vc_custom_1572266115997{margin-top: 40px !important;margin-bottom: 40px !important;}&#8221;][vc_column_inner][vc_column_text]<\/p>\n<h3 style=\"text-align: center;\"><span style=\"color: #ffffff;\">Para solicitar um or\u00e7amento sem compromisso de um arquiteto ou construtor na sua zona, preencha os seus dados no formul\u00e1rio.<\/span><\/h3>\n<p>[\/vc_column_text][\/vc_column_inner][\/vc_row_inner][\/vc_column][\/vc_row][vc_row type=&#8221;vc_default&#8221; full_width=&#8221;stretch_row&#8221; gap=&#8221;10&#8243; content_placement=&#8221;top&#8221; margin_top=&#8221;40px&#8221; css=&#8221;.vc_custom_1677492493589{margin-bottom: -55px !important;padding-top: 60px !important;padding-bottom: 60px !important;background-color: #efeeed !important;}&#8221;][vc_column]\n<div class=\"wpcf7 no-js\" id=\"wpcf7-f59156-o1\" lang=\"pt-PT\" dir=\"ltr\" data-wpcf7-id=\"59156\">\n<div class=\"screen-reader-response\"><p role=\"status\" aria-live=\"polite\" aria-atomic=\"true\"><\/p> <ul><\/ul><\/div>\n<form action=\"\/pt-pt\/wp-json\/wp\/v2\/pages\/55514#wpcf7-f59156-o1\" method=\"post\" class=\"wpcf7-form init\" aria-label=\"Formul\u00e1rio de contacto\" novalidate=\"novalidate\" data-status=\"init\">\n<fieldset class=\"hidden-fields-container\"><input type=\"hidden\" name=\"_wpcf7\" value=\"59156\" \/><input type=\"hidden\" name=\"_wpcf7_version\" value=\"6.1\" \/><input type=\"hidden\" name=\"_wpcf7_locale\" value=\"pt_PT\" \/><input type=\"hidden\" name=\"_wpcf7_unit_tag\" value=\"wpcf7-f59156-o1\" \/><input type=\"hidden\" name=\"_wpcf7_container_post\" value=\"0\" \/><input type=\"hidden\" name=\"_wpcf7_posted_data_hash\" value=\"\" \/><input type=\"hidden\" name=\"_uacf7_hidden_conditional_fields\" value=\"\" \/><input type=\"hidden\" name=\"_wpcf7_recaptcha_response\" value=\"\" \/>\n<\/fieldset>\n<div class=\"uacf7-form-59156  \"><div style=\"float:left;width:100%\">\n\n<div class=\"divColumnForm1\">\n<p class=\"pFormAle\" style=\"margin-top:-15px\"><strong>Dados de contato:<\/strong><\/p>\n<p>Nome:<br>\n    <span class=\"wpcf7-form-control-wrap\" data-name=\"your-name\"><input size=\"40\" maxlength=\"400\" class=\"wpcf7-form-control wpcf7-text wpcf7-validates-as-required\" aria-required=\"true\" aria-invalid=\"false\" value=\"\" type=\"text\" name=\"your-name\" \/><\/span><\/p>\n<p>Sobrenomes:<br>\n    <span class=\"wpcf7-form-control-wrap\" data-name=\"your-surname\"><input size=\"40\" maxlength=\"400\" class=\"wpcf7-form-control wpcf7-text wpcf7-validates-as-required\" aria-required=\"true\" aria-invalid=\"false\" value=\"\" type=\"text\" name=\"your-surname\" \/><\/span> <\/p>\n<p>Telefone:<br>\n    <span class=\"wpcf7-form-control-wrap\" data-name=\"your-phone\"><input size=\"40\" maxlength=\"400\" class=\"wpcf7-form-control wpcf7-tel wpcf7-validates-as-required wpcf7-text wpcf7-validates-as-tel\" aria-required=\"true\" aria-invalid=\"false\" value=\"\" type=\"tel\" name=\"your-phone\" \/><\/span> <\/p>\n<p>Correio eletr\u00f4nico:<br>\n    <span class=\"wpcf7-form-control-wrap\" data-name=\"your-email\"><input size=\"40\" maxlength=\"400\" class=\"wpcf7-form-control wpcf7-email wpcf7-validates-as-required wpcf7-text wpcf7-validates-as-email\" aria-required=\"true\" aria-invalid=\"false\" value=\"\" type=\"email\" name=\"your-email\" \/><\/span> <\/p>\n<p>Prov\u00edncia:<br>\n    <span class=\"wpcf7-form-control-wrap\" data-name=\"your-province\"><input size=\"40\" maxlength=\"400\" class=\"wpcf7-form-control wpcf7-text wpcf7-validates-as-required\" aria-required=\"true\" aria-invalid=\"false\" value=\"\" type=\"text\" name=\"your-province\" \/><\/span> <\/p>\n<p>Localiza\u00e7\u00e3o do projeto:<br>\n    <span class=\"wpcf7-form-control-wrap\" data-name=\"your-address\"><input size=\"40\" maxlength=\"400\" class=\"wpcf7-form-control wpcf7-text wpcf7-validates-as-required\" aria-required=\"true\" aria-invalid=\"false\" value=\"\" type=\"text\" name=\"your-address\" \/><\/span> <\/p>\n<p class=\"pFormAle\"><strong>Tipo de projeto:<\/strong><\/p>\n<p class=\"desplegable\"><span class=\"wpcf7-form-control-wrap\" data-name=\"menu-tipoproyecto\"><select class=\"wpcf7-form-control wpcf7-select wpcf7-validates-as-required desplegable\" aria-required=\"true\" aria-invalid=\"false\" name=\"menu-tipoproyecto\"><option value=\"Seleccionar\">Seleccionar<\/option><option value=\"Vivienda Unifamiliar\">Vivienda Unifamiliar<\/option><option value=\"Edificio\">Edificio<\/option><option value=\"Piscina\">Piscina<\/option><option value=\"Local Comercial\">Local Comercial<\/option><option value=\"Envolvente T\u00e9rmica SATE\">Envolvente T\u00e9rmica SATE<\/option><option value=\"Otros\">Otros<\/option><\/select><\/span> <\/p>\n<p>Diga-nos o total aproximado de m2 do seu projeto: <br>\n    <span class=\"wpcf7-form-control-wrap\" data-name=\"your-m2\"><input size=\"40\" maxlength=\"400\" class=\"wpcf7-form-control wpcf7-text wpcf7-validates-as-required\" aria-required=\"true\" aria-invalid=\"false\" value=\"\" type=\"text\" name=\"your-m2\" \/><\/span> <\/p>\n<p class=\"pFormAle\"><strong>Tem um projeto t\u00e9cnico de constru\u00e7\u00e3o?:<\/strong><\/p>\n<p><span class=\"wpcf7-form-control-wrap\" data-name=\"radio-proyecto\"><span class=\"wpcf7-form-control wpcf7-radio\"><span class=\"wpcf7-list-item first\"><input type=\"radio\" name=\"radio-proyecto\" value=\"Si\" \/><span class=\"wpcf7-list-item-label\">Si<\/span><\/span><span class=\"wpcf7-list-item last\"><input type=\"radio\" name=\"radio-proyecto\" value=\"No\" \/><span class=\"wpcf7-list-item-label\">No<\/span><\/span><\/span><\/span><\/p>\n<p class=\"pFormAle\"><strong>Voc\u00ea tem um arquiteto?:<\/strong><\/p>\n<p><span class=\"wpcf7-form-control-wrap\" data-name=\"radio-arquitecto\"><span class=\"wpcf7-form-control wpcf7-radio\"><span class=\"wpcf7-list-item first\"><input type=\"radio\" name=\"radio-arquitecto\" value=\"Si\" \/><span class=\"wpcf7-list-item-label\">Si<\/span><\/span><span class=\"wpcf7-list-item last\"><input type=\"radio\" name=\"radio-arquitecto\" value=\"No\" \/><span class=\"wpcf7-list-item-label\">No<\/span><\/span><\/span><\/span><\/p>\n<p class=\"pFormAle\">Se n\u00e3o, voc\u00ea quer que enviemos seus dados para um arquiteto em sua prov\u00edncia, que usa o sistema construtivo Baupanel\u00ae System?:<\/p>\n<p><span class=\"wpcf7-form-control-wrap\" data-name=\"radio-qarquitecto\"><span class=\"wpcf7-form-control wpcf7-radio\"><span class=\"wpcf7-list-item first\"><input type=\"radio\" name=\"radio-qarquitecto\" value=\"Si\" \/><span class=\"wpcf7-list-item-label\">Si<\/span><\/span><span class=\"wpcf7-list-item last\"><input type=\"radio\" name=\"radio-qarquitecto\" value=\"No\" \/><span class=\"wpcf7-list-item-label\">No<\/span><\/span><\/span><\/span><\/p>\n<p class=\"pFormAle\"><strong>Voc\u00ea tem uma empresa de constru\u00e7\u00e3o?:<\/strong><\/p>\n<p><span class=\"wpcf7-form-control-wrap\" data-name=\"radio-constructora\"><span class=\"wpcf7-form-control wpcf7-radio\"><span class=\"wpcf7-list-item first\"><input type=\"radio\" name=\"radio-constructora\" value=\"Si\" \/><span class=\"wpcf7-list-item-label\">Si<\/span><\/span><span class=\"wpcf7-list-item last\"><input type=\"radio\" name=\"radio-constructora\" value=\"No\" \/><span class=\"wpcf7-list-item-label\">No<\/span><\/span><\/span><\/span><\/p>\n<p class=\"pFormAle\">Se n\u00e3o, voc\u00ea quer que enviemos seus dados para um construtor em sua prov\u00edncia que trabalha com o sistema construtivo Baupanel\u00ae System? Este se encarregar\u00e1 de entrar em contato com voc\u00ea para or\u00e7ar seu projeto:<\/p>\n<p><span class=\"wpcf7-form-control-wrap\" data-name=\"radio-qconstructora\"><span class=\"wpcf7-form-control wpcf7-radio\"><span class=\"wpcf7-list-item first\"><input type=\"radio\" name=\"radio-qconstructora\" value=\"Si\" \/><span class=\"wpcf7-list-item-label\">Si<\/span><\/span><span class=\"wpcf7-list-item last\"><input type=\"radio\" name=\"radio-qconstructora\" value=\"No\" \/><span class=\"wpcf7-list-item-label\">No<\/span><\/span><\/span><\/span><\/p>\n\n<p class=\"pFormAle\"><strong>Descreva suas necessidades espec\u00edficas: (opcional):<\/strong><\/p>\n<p><i>Em seguida, voc\u00ea pode nos dar mais detalhes sobre seu projeto<\/i><\/p>\n<p><span class=\"wpcf7-form-control-wrap\" data-name=\"textarea-notas\"><textarea cols=\"40\" rows=\"10\" maxlength=\"2000\" class=\"wpcf7-form-control wpcf7-textarea\" aria-invalid=\"false\" name=\"textarea-notas\"><\/textarea><\/span><\/p>\n\n<p>Nota: Os or\u00e7amentos que voc\u00ea receber\u00e1 de empresas externas incluem os materiais fornecidos pela Baupanel\u00ae System. Os pre\u00e7os, m\u00e9todo de trabalho e acabamentos podem variar e s\u00e3o da responsabilidade da referida empresa. <\/p>\n\n<p><span style=\"color:red;\">(*) Todos os campos s\u00e3o obrigat\u00f3rios para enviar uma mensagem.<\/span><\/p>\n<p style=\"margin-left:-20px;margin-bottom:25px\"><span class=\"wpcf7-form-control-wrap\" data-name=\"checkbox-politica-presus\"><span class=\"wpcf7-form-control wpcf7-checkbox wpcf7-validates-as-required\"><span class=\"wpcf7-list-item first last\"><input type=\"checkbox\" name=\"checkbox-politica-presus[]\" value=\"Acepto la Pol\u00edtica de Privacidad\" \/><span class=\"wpcf7-list-item-label\">Acepto la Pol\u00edtica de Privacidad<\/span><\/span><\/span><\/span>  <span style=\"color:red;margin-left:10px\">(*)<\/span> Li e aceito a <a href=\"https:\/\/baupanel.tech\/politica-de-privacidad\/\" target=\"_blank\">Pol\u00edtica de Privacidade<\/a> da Baupanel.<\/p>\n<span id=\"wpcf7-69dcba5b8f139-wrapper\" class=\"wpcf7-form-control-wrap honeypot-40-wrap\" style=\"display:none !important; visibility:hidden !important;\"><label for=\"wpcf7-69dcba5b8f139-field\" class=\"hp-message\">Please leave this field empty.<\/label><input id=\"wpcf7-69dcba5b8f139-field\"  class=\"wpcf7-form-control wpcf7-text\" type=\"text\" name=\"honeypot-40\" value=\"\" size=\"40\" tabindex=\"-1\" autocomplete=\"new-password\" \/><\/span>\n<input class=\"wpcf7-form-control wpcf7-submit has-spinner button\" id=\"form-submit\" type=\"submit\" value=\"Enviar\" \/><\/p>\n\n<p>Al enviar este formulario, usted autoriza a Baupanel \u00ae System a enviar sus datos de contacto, a empresas constructoras o arquitectos en su provincia para recibir ofertas de su proyecto con sistema Baupanel\u00ae. <\/p>\n<\/div>\n<\/div><\/div><div class=\"wpcf7-response-output\" aria-hidden=\"true\"><\/div>\n<\/form>\n<\/div>\n[\/vc_column][\/vc_row]<\/p>\n<\/div>","protected":false},"excerpt":{"rendered":"<p>[vc_row type=&#8221;vc_default&#8221; full_width=&#8221;stretch_row&#8221; content_placement=&#8221;middle&#8221; el_id=&#8221;servi\u00e7os-particulares&#8221; css=&#8221;.vc_custom_1677484840809{background-image: url(https:\/\/baupanel.tech\/wp-content\/uploads\/2019\/10\/servicios-para-prarticulares-baupanel.jpg?id=52339) !important;background-position: center !important;background-repeat: no-repeat !important;background-size: cover !important;}&#8221;][vc_column][vc_empty_space height=&#8221;70px&#8221;][vc_column_text] Servi\u00e7os para Particulares [\/vc_column_text][vc_empty_space height=&#8221;110px&#8221;][\/vc_column][\/vc_row][vc_row css=&#8221;.vc_custom_1677486971160{padding-top: 40px !important;padding-bottom: 40px !important;}&#8221;][vc_column][vc_empty_space height=&#8221;40px&#8221;][vc_column_text] Habita\u00e7\u00f5es Baupanel\u00ae System [\/vc_column_text][vc_empty_space height=&#8221;40px&#8221;][vc_row_inner gap=&#8221;15&#8243; css=&#8221;.vc_custom_1677487144987{margin-top: 20px !important;margin-bottom: 40px !important;padding-bottom: 40px !important;}&#8221;][vc_column_inner width=&#8221;1\/2&#8243;][vc_column_text css=&#8221;.vc_custom_1572454445690{padding-bottom: 25px !important;}&#8221;] Tem interesse em construir a sua casa ou projeto com o Baupanel\u00ae&hellip;<\/p>\n","protected":false},"author":65,"featured_media":55518,"parent":0,"menu_order":0,"comment_status":"closed","ping_status":"closed","template":"","meta":{"footnotes":""},"class_list":["post-55514","page","type-page","status-publish","has-post-thumbnail","hentry","description-off"],"aioseo_notices":[],"_links":{"self":[{"href":"https:\/\/baupanel.tech\/pt-pt\/wp-json\/wp\/v2\/pages\/55514","targetHints":{"allow":["GET"]}}],"collection":[{"href":"https:\/\/baupanel.tech\/pt-pt\/wp-json\/wp\/v2\/pages"}],"about":[{"href":"https:\/\/baupanel.tech\/pt-pt\/wp-json\/wp\/v2\/types\/page"}],"author":[{"embeddable":true,"href":"https:\/\/baupanel.tech\/pt-pt\/wp-json\/wp\/v2\/users\/65"}],"replies":[{"embeddable":true,"href":"https:\/\/baupanel.tech\/pt-pt\/wp-json\/wp\/v2\/comments?post=55514"}],"version-history":[{"count":24,"href":"https:\/\/baupanel.tech\/pt-pt\/wp-json\/wp\/v2\/pages\/55514\/revisions"}],"predecessor-version":[{"id":69023,"href":"https:\/\/baupanel.tech\/pt-pt\/wp-json\/wp\/v2\/pages\/55514\/revisions\/69023"}],"wp:featuredmedia":[{"embeddable":true,"href":"https:\/\/baupanel.tech\/pt-pt\/wp-json\/wp\/v2\/media\/55518"}],"wp:attachment":[{"href":"https:\/\/baupanel.tech\/pt-pt\/wp-json\/wp\/v2\/media?parent=55514"}],"curies":[{"name":"wp","href":"https:\/\/api.w.org\/{rel}","templated":true}]}}