{"id":55540,"date":"2019-10-18T10:01:18","date_gmt":"2019-10-18T08:01:18","guid":{"rendered":"https:\/\/baupanel.tech\/servicos-para-profissionais\/"},"modified":"2024-09-30T11:37:22","modified_gmt":"2024-09-30T09:37:22","slug":"servicos-para-profissionais","status":"publish","type":"page","link":"https:\/\/baupanel.tech\/pt-pt\/servicos-para-profissionais\/","title":{"rendered":"Servi\u00e7os para Profissionais"},"content":{"rendered":"<div class=\"wpb-content-wrapper\"><p>[vc_row type=&#8221;vc_default&#8221; full_width=&#8221;stretch_row&#8221; content_placement=&#8221;middle&#8221; el_id=&#8221;servi\u00e7os-profissionais&#8221; css=&#8221;.vc_custom_1677485176544{background-image: url(https:\/\/baupanel.tech\/wp-content\/uploads\/2019\/10\/servicios-para-profesionales-baupanel.jpg?id=52285) !important;background-position: center !important;background-repeat: no-repeat !important;background-size: cover !important;}&#8221;][vc_column][vc_empty_space height=&#8221;70px&#8221;][vc_column_text]<\/p>\n<h1>Servi\u00e7os para<br \/>\n<span style=\"font-size: 55px; margin-top: 70px;\">Profissionais<\/span><\/h1>\n<p>[\/vc_column_text][vc_empty_space height=&#8221;110px&#8221;][\/vc_column][\/vc_row][vc_row type=&#8221;vc_default&#8221; full_width=&#8221;stretch_row&#8221; content_placement=&#8221;middle&#8221; margin_top=&#8221;40px&#8221; bg_type=&#8221;image&#8221; bg_override=&#8221;full&#8221; el_id=&#8221;servi\u00e7os-profissionais&#8221; css=&#8221;.vc_custom_1676972736321{padding-top: 40px !important;padding-bottom: 40px !important;background-color: #f2f2f2 !important;}&#8221;][vc_column][vc_column_text]<\/p>\n<h2 style=\"text-align: center;\"><span style=\"color: #005c80;\">Construir com Baupanel\u00ae System<\/span><\/h2>\n<p>[\/vc_column_text][vc_empty_space height=&#8221;40px&#8221;][vc_column_text css=&#8221;.vc_custom_1676978455775{padding-bottom: 25px !important;}&#8221;]<\/p>\n<h3 style=\"text-align: center;\">Baupanel\u00ae System, fornecedores de estruturas eficientes que rentabilizam a constru\u00e7\u00e3o de qualquer edif\u00edcio.<\/h3>\n<p>[\/vc_column_text][vc_row_inner gap=&#8221;25&#8243; css=&#8221;.vc_custom_1676973245714{margin-top: 40px !important;margin-bottom: 40px !important;}&#8221;][vc_column_inner width=&#8221;1\/2&#8243;][vc_column_text css=&#8221;.vc_custom_1676982070782{padding-bottom: 25px !important;}&#8221;]Como <strong>fabricantes do sistema de constru\u00e7\u00e3o Baupanel\u00ae<\/strong> e dos seus diferentes produtos, oferecemos um <strong>sistema construtivo<\/strong> com mais de 20 anos em Espanha e 40 anos de experi\u00eancia no mundo, com <a title=\"certifica\u00e7\u00f5es de constru\u00e7\u00e3o com Baupanel\" href=\"https:\/\/baupanel.tech\/pt-pt\/certificacoes\/\">certifica\u00e7\u00f5es <\/a>de qualidade para a constru\u00e7\u00e3o sustent\u00e1vel mais inovadora do mercado.<\/p>\n<p>As numerosas vantagens do uso do <a title=\"sistemas de constru\u00e7\u00e3o\" href=\"https:\/\/baupanel.tech\/?page_id=47290\">sistema de constru\u00e7\u00e3o Baupanel\u00ae<\/a> beneficiam promotores, construtores, arquitetos e o consumidor final.<\/p>\n<p>Os profissionais do setor da constru\u00e7\u00e3o podem oferecer o nosso sistema construtivo aos seus clientes, com benef\u00edcios como distribuidor ou instalador.<span style=\"color: #f2f2f2;\"> xpanel technologies.<\/span>[\/vc_column_text][vc_column_text css=&#8221;.vc_custom_1676972915646{padding-top: 25px !important;padding-bottom: 25px !important;}&#8221;]<\/p>\n<h3>Benef\u00edcios para profissionais<\/h3>\n<p>[\/vc_column_text][vc_column_text css=&#8221;.vc_custom_1676981017112{padding-bottom: 25px !important;}&#8221;]Escolhemos cuidadosamente clientes que partilham o compromisso do <strong>Baupanel\u00ae System<\/strong> com a \u00e9tica empresarial e dedicamos toda a nossa aten\u00e7\u00e3o para os ajudar a ter sucesso e rentabilizar o seu projeto de constru\u00e7\u00e3o. Valorizamos uma rela\u00e7\u00e3o saud\u00e1vel a longo prazo com os distribuidores, baseada na satisfa\u00e7\u00e3o do consumidor final.<\/p>\n<p>Al\u00e9m disso, oferecemos assist\u00eancia t\u00e9cnica integral a clientes profissionais durante o processo de constru\u00e7\u00e3o.<span style=\"color: #f2f2f2;\"> com xpanel building technologies antequera.<\/span><\/p>\n<p>Acreditamos que uma experi\u00eancia agrad\u00e1vel do consumidor final \u00e9 o resultado de produtos sofisticados fornecidos por distribuidores conhecedores.[\/vc_column_text][vc_column_text css=&#8221;.vc_custom_1572282556719{padding-bottom: 25px !important;}&#8221;]<\/p>\n<h4>O apoio ininterrupto aos nossos clientes \u00e9 a tradu\u00e7\u00e3o em a\u00e7\u00e3o do compromisso da Baupanel\u00ae System.<\/h4>\n<p>[\/vc_column_text][vc_single_image image=&#8221;55221&#8243; img_size=&#8221;full&#8221;][\/vc_column_inner][vc_column_inner width=&#8221;1\/2&#8243; css=&#8221;.vc_custom_1676973234988{padding-top: 30px !important;padding-right: 40px !important;padding-bottom: 30px !important;padding-left: 40px !important;background-color: #d3d3d3 !important;}&#8221;][vc_empty_space height=&#8221;20px&#8221;][vc_column_text css=&#8221;.vc_custom_1676973225712{padding-bottom: 30px !important;}&#8221;]<\/p>\n<h3><span style=\"color: #005c80;\">Solicite informa\u00e7\u00f5es gerais sobre os benef\u00edcios de construir com o <strong>Baupanel\u00ae System<\/strong>.<\/span><\/h3>\n<p>[\/vc_column_text]\n<div class=\"wpcf7 no-js\" id=\"wpcf7-f59068-o1\" lang=\"pt-PT\" dir=\"ltr\" data-wpcf7-id=\"59068\">\n<div class=\"screen-reader-response\"><p role=\"status\" aria-live=\"polite\" aria-atomic=\"true\"><\/p> <ul><\/ul><\/div>\n<form action=\"\/pt-pt\/wp-json\/wp\/v2\/pages\/55540#wpcf7-f59068-o1\" method=\"post\" class=\"wpcf7-form init\" aria-label=\"Formul\u00e1rio de contacto\" novalidate=\"novalidate\" data-status=\"init\">\n<fieldset class=\"hidden-fields-container\"><input type=\"hidden\" name=\"_wpcf7\" value=\"59068\" \/><input type=\"hidden\" name=\"_wpcf7_version\" value=\"6.1\" \/><input type=\"hidden\" name=\"_wpcf7_locale\" value=\"pt_PT\" \/><input type=\"hidden\" name=\"_wpcf7_unit_tag\" value=\"wpcf7-f59068-o1\" \/><input type=\"hidden\" name=\"_wpcf7_container_post\" value=\"0\" \/><input type=\"hidden\" name=\"_wpcf7_posted_data_hash\" value=\"\" \/><input type=\"hidden\" name=\"_uacf7_hidden_conditional_fields\" value=\"\" \/><input type=\"hidden\" name=\"_wpcf7_recaptcha_response\" value=\"\" \/>\n<\/fieldset>\n<div class=\"uacf7-form-59068  \"><p>Nome <span style=\"color:red;\">(*)<\/span><br>\n    <span class=\"wpcf7-form-control-wrap\" data-name=\"your-name\"><input size=\"40\" maxlength=\"400\" class=\"wpcf7-form-control wpcf7-text wpcf7-validates-as-required\" aria-required=\"true\" aria-invalid=\"false\" value=\"\" type=\"text\" name=\"your-name\" \/><\/span> <\/p>\n\n<p>Sobrenomes <span style=\"color:red;\">(*)<\/span><br>\n    <span class=\"wpcf7-form-control-wrap\" data-name=\"your-surname\"><input size=\"40\" maxlength=\"400\" class=\"wpcf7-form-control wpcf7-text wpcf7-validates-as-required\" aria-required=\"true\" aria-invalid=\"false\" value=\"\" type=\"text\" name=\"your-surname\" \/><\/span> <\/p>\n\n<p>Tipo de empresa <span style=\"color:red;\">(*)<\/span><br>\n<span class=\"wpcf7-form-control-wrap\" data-name=\"your-activity\"><select class=\"wpcf7-form-control wpcf7-select wpcf7-validates-as-required\" aria-required=\"true\" aria-invalid=\"false\" name=\"your-activity\"><option value=\"\">-Por favor escolha uma op\u00e7\u00e3o-<\/option><option value=\"Constructor\">Constructor<\/option><option value=\"Promotor\">Promotor<\/option><option value=\"Distribuidor de materiales\">Distribuidor de materiales<\/option><option value=\"Administraci\u00f3n p\u00fablica\">Administraci\u00f3n p\u00fablica<\/option><option value=\"Arquitecto\">Arquitecto<\/option><option value=\"Aparejador\">Aparejador<\/option><option value=\"Otro\">Otro<\/option><\/select><\/span> <\/p>\n\n<p>Cidade, Prov\u00edncia <span style=\"color:red;\">(*)<\/span><br>\n    <span class=\"wpcf7-form-control-wrap\" data-name=\"your-city\"><input size=\"40\" maxlength=\"400\" class=\"wpcf7-form-control wpcf7-text wpcf7-validates-as-required\" aria-required=\"true\" aria-invalid=\"false\" value=\"\" type=\"text\" name=\"your-city\" \/><\/span> <\/p>\n\n<p>Telefone <span style=\"color:red;\">(*)<\/span><br>\n    <span class=\"wpcf7-form-control-wrap\" data-name=\"your-phone\"><input size=\"40\" maxlength=\"400\" class=\"wpcf7-form-control wpcf7-tel wpcf7-validates-as-required wpcf7-text wpcf7-validates-as-tel\" aria-required=\"true\" aria-invalid=\"false\" value=\"\" type=\"tel\" name=\"your-phone\" \/><\/span> <\/p>\n\n<p>Correio eletr\u00f4nico <span style=\"color:red;\">(*)<\/span><br>\n    <span class=\"wpcf7-form-control-wrap\" data-name=\"your-email\"><input size=\"40\" maxlength=\"400\" class=\"wpcf7-form-control wpcf7-email wpcf7-validates-as-required wpcf7-text wpcf7-validates-as-email\" aria-required=\"true\" aria-invalid=\"false\" value=\"\" type=\"email\" name=\"your-email\" \/><\/span> <\/p>\n\n<p>Seu inqu\u00e9rito <span style=\"color:red;\">(*)<\/span><br>\n    <span class=\"wpcf7-form-control-wrap\" data-name=\"your-message\"><textarea cols=\"40\" rows=\"10\" maxlength=\"2000\" class=\"wpcf7-form-control wpcf7-textarea wpcf7-validates-as-required\" aria-required=\"true\" aria-invalid=\"false\" name=\"your-message\"><\/textarea><\/span> <\/p>\n\n<p><span style=\"color:red;\">(*) Campos obrigat\u00f3rios para envio de mensagem.<\/span><\/p>\n\n<p style=\"margin-left:0px;margin-bottom:25px\"><span class=\"wpcf7-form-control-wrap\" data-name=\"checkbox-politica\"><span class=\"wpcf7-form-control wpcf7-checkbox wpcf7-validates-as-required\" id=\"politica-contacto\"><span class=\"wpcf7-list-item first last\"><input type=\"checkbox\" name=\"checkbox-politica[]\" value=\"Acepto la Pol\u00edtica de Privacidad\" \/><span class=\"wpcf7-list-item-label\">Acepto la Pol\u00edtica de Privacidad<\/span><\/span><\/span><\/span>  <span style=\"color:red;margin-left:10px\">(*)<\/span> Li e aceito a <a href=\"https:\/\/baupanel.tech\/politica-de-privacidad\/\" target=\"_blank\">Pol\u00edtica de Privacidade<\/a> da Baupanel.<\/p>\n\n<p style=\"margin-top: 16px;\"><input class=\"wpcf7-form-control wpcf7-submit has-spinner\" type=\"submit\" value=\"Enviar\" \/><\/p>\n\n<span id=\"wpcf7-69da8e3ebfec8-wrapper\" class=\"wpcf7-form-control-wrap email-protection-wrap\" style=\"display:none !important; visibility:hidden !important;\"><label for=\"email-protection\" class=\"hp-message\">Please leave this field empty.<\/label><input id=\"email-protection\"  class=\"wpcf7-form-control wpcf7-text\" type=\"text\" name=\"email-protection\" value=\"\" size=\"40\" tabindex=\"-1\" autocomplete=\"new-password\" \/><\/span><\/div><div class=\"wpcf7-response-output\" aria-hidden=\"true\"><\/div>\n<\/form>\n<\/div>\n[\/vc_column_inner][\/vc_row_inner][\/vc_column][\/vc_row][vc_row type=&#8221;vc_default&#8221; full_width=&#8221;stretch_row&#8221; gap=&#8221;15&#8243; margin_top=&#8221;40px&#8221; css=&#8221;.vc_custom_1676980181314{padding-top: 40px !important;padding-bottom: 40px !important;background-color: #282828 !important;}&#8221;][vc_column][vc_column_text]<\/p>\n<h2 style=\"text-align: center; font-size: 38px;\"><span style=\"color: #ffffff;\">Tem um projeto de constru\u00e7\u00e3o?<\/span><\/h2>\n<p>[\/vc_column_text][vc_row_inner content_placement=&#8221;middle&#8221; css=&#8221;.vc_custom_1572266115997{margin-top: 40px !important;margin-bottom: 40px !important;}&#8221;][vc_column_inner width=&#8221;2\/3&#8243;][vc_column_text]<\/p>\n<h3 style=\"text-align: left;\"><span style=\"color: #ffffff; font-size: 28px;\">Fazemos or\u00e7amentos de fornecimento de pain\u00e9is com base em projetos t\u00e9cnicos de constru\u00e7\u00e3o, para profissionais.<\/span><\/h3>\n<p>[\/vc_column_text][\/vc_column_inner][vc_column_inner width=&#8221;1\/3&#8243;]<style type=\"text\/css\" data-type=\"the7_shortcodes-inline-css\">#default-btn-90c336ea4b378771311ad06b89d54a30 {\n  border-radius: 5px;\n  font-size: 18px;\n  line-height: 20px;\n}\n.btn-shadow#default-btn-90c336ea4b378771311ad06b89d54a30 {\n  box-shadow: 0 1px 6px rgba(0,0,0,0.12);\n  transition: box-shadow 0.2s ease-out, opacity 0.45s;\n}\n.btn-shadow#default-btn-90c336ea4b378771311ad06b89d54a30:hover {\n  box-shadow: 0 5px 11px 0 rgba(0,0,0,0.18), 0 4px 15px 0 rgba(0,0,0,0.15);\n}\n.btn-3d#default-btn-90c336ea4b378771311ad06b89d54a30 {\n  box-shadow: 0px 2px 0px 0px #943937;\n}\n.btn-3d#default-btn-90c336ea4b378771311ad06b89d54a30:hover {\n  box-shadow: 0px 2px 0px 0px #000000;\n}\n.btn-flat#default-btn-90c336ea4b378771311ad06b89d54a30 {\n  box-shadow: none;\n}\n.btn-flat#default-btn-90c336ea4b378771311ad06b89d54a30:hover {\n  box-shadow: none;\n}\n#default-btn-90c336ea4b378771311ad06b89d54a30.ico-right-side > i {\n  margin-right: 0px;\n  margin-left: 8px;\n}\n#default-btn-90c336ea4b378771311ad06b89d54a30 > i {\n  margin-right: 8px;\n  font-size: 18px;\n}\n#default-btn-90c336ea4b378771311ad06b89d54a30:not(:hover) {\n  border-width: 0px;\n  color: #ffffff;\n  background: #d53633 !important;\n  padding: 17px 24px 16px 24px;\n}\n#default-btn-90c336ea4b378771311ad06b89d54a30:not(:hover) * {\n  color: #ffffff;\n}\n#default-btn-90c336ea4b378771311ad06b89d54a30:hover {\n  border-width: 0px;\n  background: #000000 !important;\n  padding: 17px 24px 16px 24px;\n}\n#default-btn-90c336ea4b378771311ad06b89d54a30.ico-right-side > i {\n  margin-right: 0px;\n  margin-left: 8px;\n}\n#default-btn-90c336ea4b378771311ad06b89d54a30 > i {\n  margin-right: 8px;\n}\n<\/style><div class=\"btn-align-left\"><a href=\"https:\/\/baupanel.tech\/solicita-presupuesto-baupanel-2\/\" class=\"default-btn-shortcode dt-btn link-hover-off anchor-link btn-flat \" id=\"default-btn-90c336ea4b378771311ad06b89d54a30\"><span>SOLICITE UM OR\u00c7AMENTO<\/span><\/a><\/div>[\/vc_column_inner][\/vc_row_inner][\/vc_column][\/vc_row][vc_row type=&#8221;vc_default&#8221; full_width=&#8221;stretch_row&#8221; gap=&#8221;10&#8243; content_placement=&#8221;top&#8221; margin_top=&#8221;40px&#8221; css=&#8221;.vc_custom_1676980511752{margin-bottom: -60px !important;padding-top: 60px !important;padding-bottom: 60px !important;background-color: #efeeed !important;}&#8221;][vc_column][vc_row_inner gap=&#8221;5&#8243; css=&#8221;.vc_custom_1572278256030{margin-bottom: 8px !important;padding-right: 15px !important;padding-left: 15px !important;}&#8221;][vc_column_inner width=&#8221;1\/3&#8243;][vc_column_text]<\/p>\n<h3 style=\"text-align: center;\"><span style=\"color: #005c80; font-size: 60px;\">1<\/span><\/h3>\n<p>[\/vc_column_text][vc_column_text css=&#8221;.vc_custom_1676980616867{margin-top: 20px !important;margin-bottom: 25px !important;}&#8221;]<\/p>\n<h3 style=\"text-align: center;\">Solicite um or\u00e7amento<br \/>\ndo seu projeto<\/h3>\n<p>[\/vc_column_text][vc_column_text css=&#8221;.vc_custom_1676980678432{margin-bottom: 25px !important;}&#8221;]<\/p>\n<p style=\"text-align: center;\">Preencha e envie o <a title=\"Formul\u00e1rio de or\u00e7amento do Sistema Baupanel\u00ae\" href=\"https:\/\/baupanel.tech\/pt-pt\/solitite-um-orcamento-baupanel\/\">formul\u00e1rio de or\u00e7amento<\/a><br \/>\npara profissionais.<\/p>\n<p>[\/vc_column_text][\/vc_column_inner][vc_column_inner width=&#8221;1\/3&#8243;][vc_column_text]<\/p>\n<h3 style=\"text-align: center;\"><span style=\"color: #005c80; font-size: 60px;\">2<\/span><\/h3>\n<p>[\/vc_column_text][vc_column_text css=&#8221;.vc_custom_1676980708272{margin-top: 20px !important;margin-bottom: 25px !important;}&#8221;]<\/p>\n<h3 style=\"text-align: center;\">Envie os arquivos<br \/>\ndo seu projeto<\/h3>\n<p>[\/vc_column_text][vc_column_text css=&#8221;.vc_custom_1572280854221{margin-bottom: 25px !important;}&#8221;]<\/p>\n<p style=\"text-align: center;\">Em formato <strong>PDF<\/strong> ou <strong>Cad<\/strong> atrav\u00e9s do link<br \/>\nque ir\u00e1 receber no seu e-mail.<\/p>\n<p>[\/vc_column_text][\/vc_column_inner][vc_column_inner width=&#8221;1\/3&#8243;][vc_column_text]<\/p>\n<h3 style=\"text-align: center;\"><span style=\"color: #005c80; font-size: 60px;\">3<\/span><\/h3>\n<p>[\/vc_column_text][vc_column_text css=&#8221;.vc_custom_1676980746646{margin-top: 20px !important;margin-bottom: 25px !important;}&#8221;]<\/p>\n<h3 style=\"text-align: center;\">Receba o seu<br \/>\nor\u00e7amento<\/h3>\n<p>[\/vc_column_text][vc_column_text css=&#8221;.vc_custom_1572280864332{margin-bottom: 25px !important;}&#8221;]<\/p>\n<p style=\"text-align: center;\">Receber\u00e1 um or\u00e7amento de avalia\u00e7\u00e3o<br \/>\nde materiais para o seu projeto.<\/p>\n<p>[\/vc_column_text][\/vc_column_inner][\/vc_row_inner][\/vc_column][\/vc_row]<\/p>\n<\/div>","protected":false},"excerpt":{"rendered":"<p>[vc_row type=&#8221;vc_default&#8221; full_width=&#8221;stretch_row&#8221; content_placement=&#8221;middle&#8221; el_id=&#8221;servi\u00e7os-profissionais&#8221; css=&#8221;.vc_custom_1677485176544{background-image: url(https:\/\/baupanel.tech\/wp-content\/uploads\/2019\/10\/servicios-para-profesionales-baupanel.jpg?id=52285) !important;background-position: center !important;background-repeat: no-repeat !important;background-size: cover !important;}&#8221;][vc_column][vc_empty_space height=&#8221;70px&#8221;][vc_column_text] Servi\u00e7os para Profissionais [\/vc_column_text][vc_empty_space height=&#8221;110px&#8221;][\/vc_column][\/vc_row][vc_row type=&#8221;vc_default&#8221; full_width=&#8221;stretch_row&#8221; content_placement=&#8221;middle&#8221; margin_top=&#8221;40px&#8221; bg_type=&#8221;image&#8221; bg_override=&#8221;full&#8221; el_id=&#8221;servi\u00e7os-profissionais&#8221; css=&#8221;.vc_custom_1676972736321{padding-top: 40px !important;padding-bottom: 40px !important;background-color: #f2f2f2 !important;}&#8221;][vc_column][vc_column_text] Construir com Baupanel\u00ae System [\/vc_column_text][vc_empty_space height=&#8221;40px&#8221;][vc_column_text css=&#8221;.vc_custom_1676978455775{padding-bottom: 25px !important;}&#8221;] Baupanel\u00ae System, fornecedores de estruturas eficientes que rentabilizam a constru\u00e7\u00e3o de qualquer&hellip;<\/p>\n","protected":false},"author":65,"featured_media":55544,"parent":0,"menu_order":0,"comment_status":"closed","ping_status":"closed","template":"","meta":{"footnotes":""},"class_list":["post-55540","page","type-page","status-publish","has-post-thumbnail","hentry","description-off"],"aioseo_notices":[],"_links":{"self":[{"href":"https:\/\/baupanel.tech\/pt-pt\/wp-json\/wp\/v2\/pages\/55540","targetHints":{"allow":["GET"]}}],"collection":[{"href":"https:\/\/baupanel.tech\/pt-pt\/wp-json\/wp\/v2\/pages"}],"about":[{"href":"https:\/\/baupanel.tech\/pt-pt\/wp-json\/wp\/v2\/types\/page"}],"author":[{"embeddable":true,"href":"https:\/\/baupanel.tech\/pt-pt\/wp-json\/wp\/v2\/users\/65"}],"replies":[{"embeddable":true,"href":"https:\/\/baupanel.tech\/pt-pt\/wp-json\/wp\/v2\/comments?post=55540"}],"version-history":[{"count":49,"href":"https:\/\/baupanel.tech\/pt-pt\/wp-json\/wp\/v2\/pages\/55540\/revisions"}],"predecessor-version":[{"id":68969,"href":"https:\/\/baupanel.tech\/pt-pt\/wp-json\/wp\/v2\/pages\/55540\/revisions\/68969"}],"wp:featuredmedia":[{"embeddable":true,"href":"https:\/\/baupanel.tech\/pt-pt\/wp-json\/wp\/v2\/media\/55544"}],"wp:attachment":[{"href":"https:\/\/baupanel.tech\/pt-pt\/wp-json\/wp\/v2\/media?parent=55540"}],"curies":[{"name":"wp","href":"https:\/\/api.w.org\/{rel}","templated":true}]}}