{"id":58599,"date":"2018-08-24T12:28:29","date_gmt":"2018-08-24T10:28:29","guid":{"rendered":"https:\/\/baupanel.tech\/distribuidores-baupanel-materiais-de-construcao-sistema-de-construcao\/"},"modified":"2025-07-25T09:40:54","modified_gmt":"2025-07-25T07:40:54","slug":"distribuidores-baupanel-materiais-de-construcao-sistema-de-construcao","status":"publish","type":"page","link":"https:\/\/baupanel.tech\/pt-pt\/distribuidores-baupanel-materiais-de-construcao-sistema-de-construcao\/","title":{"rendered":"Distribuidores e Instaladores de Baupanel\u00ae System"},"content":{"rendered":"<div class=\"wpb-content-wrapper\"><p>[vc_row type=&#8221;vc_default&#8221; full_width=&#8221;stretch_row&#8221; css=&#8221;.vc_custom_1674120213884{padding-top: 40px !important;padding-bottom: 40px !important;background-color: #f4f4f4 !important;}&#8221;][vc_column][vc_custom_heading text=&#8221;Distribuidores e Instaladores de Baupanel\u00ae System&#8221; font_container=&#8221;tag:h1|text_align:center&#8221; use_theme_fonts=&#8221;yes&#8221; css=&#8221;.vc_custom_1674120228683{padding-bottom: 20px !important;background-position: center !important;background-repeat: no-repeat !important;background-size: cover !important;}&#8221;][vc_empty_space height=&#8221;20px&#8221;][vc_custom_heading text=&#8221;Raz\u00f5es para fazer parte da equipa Baupanel\u00ae System&#8221; font_container=&#8221;tag:h2|text_align:center|color:%23005c80&#8243; use_theme_fonts=&#8221;yes&#8221; css=&#8221;.vc_custom_1674120243973{padding-bottom: 20px !important;background-position: center !important;background-repeat: no-repeat !important;background-size: cover !important;}&#8221;][vc_row_inner gap=&#8221;20&#8243; css=&#8221;.vc_custom_1674120297640{padding-top: 40px !important;padding-bottom: 40px !important;}&#8221;][vc_column_inner width=&#8221;1\/2&#8243;][vc_custom_heading text=&#8221;Baupanel\u00ae System, fornecedores de estruturas eficientes que rentabilizam a constru\u00e7\u00e3o de qualquer edif\u00edcio.&#8221; font_container=&#8221;tag:h3|text_align:left&#8221; use_theme_fonts=&#8221;yes&#8221;][vc_column_text css=&#8221;&#8221;]Baupanel System \u00e9 o fabricante do sistema de constru\u00e7\u00e3o e dos seus diferentes produtos.<\/p>\n<p>Ao contr\u00e1rio de outros sistemas de constru\u00e7\u00e3o, contamos com mais de 35 anos de experi\u00eancia em Espanha e a n\u00edvel internacional. Al\u00e9m disso, dispomos de certifica\u00e7\u00f5es de qualidade para a constru\u00e7\u00e3o sustent\u00e1vel mais inovadora do mercado. <\/p>\n<p>As in\u00fameras vantagens da utiliza\u00e7\u00e3o do sistema construtivo Baupanel\u00ae beneficiam promotoras, construtoras, arquitetos e o consumidor final.<\/p>\n<p>Assim, os profissionais do sector da constru\u00e7\u00e3o podem oferecer o nosso sistema de constru\u00e7\u00e3o aos clientes, com vantagens econ\u00f3micas como distribuidor ou instalador autorizado.[\/vc_column_text][vc_empty_space height=&#8221;40px&#8221;]<style type=\"text\/css\" data-type=\"the7_shortcodes-inline-css\">.shortcode-single-image-wrap.shortcode-single-image-b6a5d87d756d0d2f1acb2af2e7ff4db0.enable-bg-rollover .rollover i,\n.shortcode-single-image-wrap.shortcode-single-image-b6a5d87d756d0d2f1acb2af2e7ff4db0.enable-bg-rollover .rollover-video i {\n  background: -webkit-linear-gradient();\n  background: linear-gradient();\n}\n.shortcode-single-image-wrap.shortcode-single-image-b6a5d87d756d0d2f1acb2af2e7ff4db0 .rollover-icon {\n  font-size: 32px;\n  color: #ffffff;\n  min-width: 44px;\n  min-height: 44px;\n  line-height: 44px;\n  border-radius: 100px;\n  border-style: solid;\n  border-width: 0px;\n}\n.dt-icon-bg-on.shortcode-single-image-wrap.shortcode-single-image-b6a5d87d756d0d2f1acb2af2e7ff4db0 .rollover-icon {\n  background: rgba(255,255,255,0.3);\n  box-shadow: none;\n}\n<\/style><div class=\"shortcode-single-image-wrap shortcode-single-image-b6a5d87d756d0d2f1acb2af2e7ff4db0 alignnone caption-on  enable-bg-rollover dt-icon-bg-off\" style=\"margin-top:0px; margin-bottom:0px; margin-left:0px; margin-right:0px; width:1000px;\" data-pretty-share=\"facebook,twitter,pinterest,linkedin\"><div class=\"shortcode-single-image\"><div class=\"fancy-media-wrap  layzr-bg\" style=\"border-radius:15px;\"><img fetchpriority=\"high\" decoding=\"async\" class=\"preload-me lazy-load aspect\" src=\"data:image\/svg+xml,%3Csvg%20xmlns%3D&#39;http%3A%2F%2Fwww.w3.org%2F2000%2Fsvg&#39;%20viewBox%3D&#39;0%200%201000%201000&#39;%2F%3E\" data-src=\"https:\/\/baupanel.tech\/wp-content\/uploads\/2023\/01\/ingenieria-id-baupanel-sq-1000x1000.jpg\" data-srcset=\"https:\/\/baupanel.tech\/wp-content\/uploads\/2023\/01\/ingenieria-id-baupanel-sq-1000x1000.jpg 1000w, https:\/\/baupanel.tech\/wp-content\/uploads\/2023\/01\/ingenieria-id-baupanel-sq.jpg 1281w\" loading=\"eager\" sizes=\"(max-width: 1000px) 100vw, 1000px\" width=\"1000\" height=\"1000\"  data-dt-location=\"https:\/\/baupanel.tech\/pt-pt\/investigacion-desarrollo-innovacion\/ingenieria-id-baupanel-sq\/\" style=\"--ratio: 1000 \/ 1000;border-radius:15px;\" alt=\"Ingenier\u00eda de la construcci\u00f3n, sistema constructivo Baupanel\" \/><\/div><\/div><div class=\"shortcode-single-caption\">I+D+i Baupanel\u00ae System - Investigaci\u00f3n y desarrollo.<\/div><\/div>[vc_empty_space height=&#8221;20px&#8221;][vc_custom_heading text=&#8221;Rede de distribui\u00e7\u00e3o Baupanel\u00ae em Espanha&#8221; font_container=&#8221;tag:h3|text_align:left&#8221; use_theme_fonts=&#8221;yes&#8221; css=&#8221;.vc_custom_1674120281051{margin-top: 30px !important;}&#8221;][vc_column_text css=&#8221;.vc_custom_1753427886092{margin-top: 30px !important;}&#8221;]Seleccionamos cuidadosamente os clientes que partilham o compromisso <strong>da Baupanel\u00ae System<\/strong> com a \u00e9tica empresarial. Por isso, dedicamos toda a nossa aten\u00e7\u00e3o a ajud\u00e1-los a ter sucesso e a tornar o seu projeto de constru\u00e7\u00e3o rent\u00e1vel. Tamb\u00e9m valorizamos uma rela\u00e7\u00e3o saud\u00e1vel a longo prazo com os distribuidores, constru\u00edda com base na satisfa\u00e7\u00e3o do consumidor final.  <\/p>\n<p>Al\u00e9m disso, oferecemos assist\u00eancia t\u00e9cnica integral durante o processo de constru\u00e7\u00e3o aos clientes que necessitarem. Acreditamos que uma experi\u00eancia agrad\u00e1vel do consumidor final \u00e9 o resultado de produtos sofisticados fornecidos por distribuidores conhecedores.[\/vc_column_text][\/vc_column_inner][vc_column_inner width=&#8221;1\/2&#8243;][vc_custom_heading text=&#8221;J\u00e1 \u00e9 distribuidor Baupanel\u00ae?&#8221; font_container=&#8221;tag:h3|text_align:left&#8221; use_theme_fonts=&#8221;yes&#8221; css=&#8221;&#8221;][vc_column_text css=&#8221;.vc_custom_1535368030122{margin-bottom: 20px !important;}&#8221;]Aceda \u00e0 \u00e1rea de cliente aqui:[\/vc_column_text][vc_btn title=&#8221;\u00c1rea de Cliente&#8221; style=&#8221;outline&#8221; color=&#8221;danger&#8221; size=&#8221;lg&#8221; align=&#8221;left&#8221; css_animation=&#8221;appear&#8221; css=&#8221;&#8221; link=&#8221;url:http%3A%2F%2Fbaupanel.tech%2Fpt-pt%2Farea-de-cliente%2F|title:%C3%81rea%20de%20Cliente|target:%20_blank|&#8221;][vc_empty_space height=&#8221;20px&#8221;][vc_custom_heading text=&#8221;Queres juntar-te \u00e0 nossa rede de empresas?&#8221; font_container=&#8221;tag:h3|text_align:left|color:%23005c80&#8243; use_theme_fonts=&#8221;yes&#8221; css=&#8221;&#8221;][vc_column_text css=&#8221;.vc_custom_1753428307187{margin-bottom: 30px !important;}&#8221;]Agora, solicita informa\u00e7\u00f5es detalhadas sobre os benef\u00edcios do distribuidor.<\/p>\n<p>Podes preencher o formul\u00e1rio e entraremos em contacto contigo o mais rapidamente poss\u00edvel.[\/vc_column_text]\n<div class=\"wpcf7 no-js\" id=\"wpcf7-f68313-o1\" lang=\"pt-PT\" dir=\"ltr\" data-wpcf7-id=\"68313\">\n<div class=\"screen-reader-response\"><p role=\"status\" aria-live=\"polite\" aria-atomic=\"true\"><\/p> <ul><\/ul><\/div>\n<form action=\"\/pt-pt\/wp-json\/wp\/v2\/pages\/58599#wpcf7-f68313-o1\" method=\"post\" class=\"wpcf7-form init\" aria-label=\"Formul\u00e1rio de contacto\" novalidate=\"novalidate\" data-status=\"init\">\n<fieldset class=\"hidden-fields-container\"><input type=\"hidden\" name=\"_wpcf7\" value=\"68313\" \/><input type=\"hidden\" name=\"_wpcf7_version\" value=\"6.1\" \/><input type=\"hidden\" name=\"_wpcf7_locale\" value=\"pt_PT\" \/><input type=\"hidden\" name=\"_wpcf7_unit_tag\" value=\"wpcf7-f68313-o1\" \/><input type=\"hidden\" name=\"_wpcf7_container_post\" value=\"0\" \/><input type=\"hidden\" name=\"_wpcf7_posted_data_hash\" value=\"\" \/><input type=\"hidden\" name=\"_uacf7_hidden_conditional_fields\" value=\"\" \/><input type=\"hidden\" name=\"_wpcf7_recaptcha_response\" value=\"\" \/>\n<\/fieldset>\n<div class=\"uacf7-form-68313  \"><p>Nome <span style=\"color:red;\">(*)<\/span><br>    <span class=\"wpcf7-form-control-wrap\" data-name=\"your-name\"><input size=\"40\" maxlength=\"400\" class=\"wpcf7-form-control wpcf7-text wpcf7-validates-as-required\" aria-required=\"true\" aria-invalid=\"false\" value=\"\" type=\"text\" name=\"your-name\" \/><\/span> <\/p>\n\n<p>Apelido <span style=\"color:red;\">(*)<\/span><br>    <span class=\"wpcf7-form-control-wrap\" data-name=\"your-surname\"><input size=\"40\" maxlength=\"400\" class=\"wpcf7-form-control wpcf7-text wpcf7-validates-as-required\" aria-required=\"true\" aria-invalid=\"false\" value=\"\" type=\"text\" name=\"your-surname\" \/><\/span> <\/p>\n\n<p>Tipo de empresa <span style=\"color:red;\">(*)<\/span><br><span class=\"wpcf7-form-control-wrap\" data-name=\"your-activity\"><select class=\"wpcf7-form-control wpcf7-select wpcf7-validates-as-required\" aria-required=\"true\" aria-invalid=\"false\" name=\"your-activity\"><option value=\"\">-Por favor escolha uma op\u00e7\u00e3o-<\/option><option value=\"Construtor\">Construtor<\/option><option value=\"Promotor\">Promotor<\/option><option value=\"Distribuidor de materiais\">Distribuidor de materiais<\/option><option value=\"Arquiteto\">Arquiteto<\/option><option value=\"Avaliador\">Avaliador<\/option><option value=\"Comercial\">Comercial<\/option><option value=\"Outros sectores\">Outros sectores<\/option><\/select><\/span> <\/p>\n\n<p>Nome da empresa<br>    <span class=\"wpcf7-form-control-wrap\" data-name=\"your-company\"><input size=\"40\" maxlength=\"400\" class=\"wpcf7-form-control wpcf7-text\" aria-invalid=\"false\" value=\"\" type=\"text\" name=\"your-company\" \/><\/span> <\/p>\n\n<p>Cidade, Prov\u00edncia<span style=\"color:red;\">(*)<\/span><br>    <span class=\"wpcf7-form-control-wrap\" data-name=\"your-city\"><input size=\"40\" maxlength=\"400\" class=\"wpcf7-form-control wpcf7-text wpcf7-validates-as-required\" aria-required=\"true\" aria-invalid=\"false\" value=\"\" type=\"text\" name=\"your-city\" \/><\/span> <\/p>\n\n<p>Telefone <span style=\"color:red;\">(*)<\/span><br>    <span class=\"wpcf7-form-control-wrap\" data-name=\"your-phone\"><input size=\"40\" maxlength=\"400\" class=\"wpcf7-form-control wpcf7-tel wpcf7-validates-as-required wpcf7-text wpcf7-validates-as-tel\" aria-required=\"true\" aria-invalid=\"false\" value=\"\" type=\"tel\" name=\"your-phone\" \/><\/span> <\/p>\n\n<p>Correio eletr\u00f4nico <span style=\"color:red;\">(*)<\/span><br>    <span class=\"wpcf7-form-control-wrap\" data-name=\"your-email\"><input size=\"40\" maxlength=\"400\" class=\"wpcf7-form-control wpcf7-email wpcf7-validates-as-required wpcf7-text wpcf7-validates-as-email\" aria-required=\"true\" aria-invalid=\"false\" value=\"\" type=\"email\" name=\"your-email\" \/><\/span> <\/p>\n\n<p>A tua mensagem (opcional)<br>    <span class=\"wpcf7-form-control-wrap\" data-name=\"your-message\"><textarea cols=\"40\" rows=\"3\" maxlength=\"2000\" class=\"wpcf7-form-control wpcf7-textarea\" aria-invalid=\"false\" name=\"your-message\"><\/textarea><\/span> <\/p>\n\n<p><span style=\"color:red;\">(*) Campos obrigat\u00f3rios para envio de mensagem.<\/span><\/p>\n\n<p style=\"margin-left:-20px;margin-bottom:25px\"><span class=\"wpcf7-form-control-wrap\" data-name=\"checkbox-776\"><span class=\"wpcf7-form-control wpcf7-checkbox wpcf7-validates-as-required\" id=\"politica-distri\"><span class=\"wpcf7-list-item first last\"><input type=\"checkbox\" name=\"checkbox-776[]\" value=\"Aceito a Pol\u00edtica de Privacidade\" \/><span class=\"wpcf7-list-item-label\">Aceito a Pol\u00edtica de Privacidade<\/span><\/span><\/span><\/span> <span style=\"color:red;margin-left:10px\">(*)<\/span> Li e aceito a <a href=\"http:\/\/baupanel.tech\/politica-de-privacidad\/\" target=\"_blank\">Pol\u00edtica de Privacidade<\/a> da Baupanel.<\/p>\n\n<p style=\"margin-top: 16px;\"><input class=\"wpcf7-form-control wpcf7-submit has-spinner\" type=\"submit\" value=\"Envia\" \/><\/p>\n\n<span id=\"wpcf7-69da771bb7a1b-wrapper\" class=\"wpcf7-form-control-wrap email-protection-wrap\" style=\"display:none !important; visibility:hidden !important;\"><label for=\"email-protection\" class=\"hp-message\">Please leave this field empty.<\/label><input id=\"email-protection\"  class=\"wpcf7-form-control wpcf7-text\" type=\"text\" name=\"email-protection\" value=\"\" size=\"40\" tabindex=\"-1\" autocomplete=\"new-password\" \/><\/span> <span id=\"wpcf7-69da771bb7a5f-wrapper\" class=\"wpcf7-form-control-wrap email-protection-wrap\" style=\"display:none !important; visibility:hidden !important;\"><label for=\"email-protection\" class=\"hp-message\">Please leave this field empty.<\/label><input id=\"email-protection\"  class=\"wpcf7-form-control wpcf7-text\" type=\"text\" name=\"email-protection\" value=\"\" size=\"40\" tabindex=\"-1\" autocomplete=\"new-password\" \/><\/span>.<\/div><div class=\"wpcf7-response-output\" aria-hidden=\"true\"><\/div>\n<\/form>\n<\/div>\n[vc_empty_space height=&#8221;20px&#8221;][vc_column_text css=&#8221;.vc_custom_1753428919540{margin-top: 30px !important;}&#8221;]<\/p>\n<h3><em>O apoio ininterrupto aos distribuidores \u00e9 a tradu\u00e7\u00e3o em a\u00e7\u00e3o do compromisso do Baupanel\u00ae System.<span class=\"Apple-converted-space\"> <\/span><\/em><\/h3>\n<p>[\/vc_column_text][\/vc_column_inner][\/vc_row_inner][\/vc_column][\/vc_row][vc_row type=&#8221;vc_default&#8221; full_width_row=&#8221;true&#8221; anchor=&#8221;#aplicaciones&#8221; css=&#8221;.vc_custom_1674124503733{padding-top: 40px !important;padding-bottom: 40px !important;}&#8221;][vc_column][vc_custom_heading text=&#8221;Quais s\u00e3o as vantagens de construir com Baupanel?&#8221; font_container=&#8221;tag:h2|font_size:30|text_align:center|color:%23dc002e&#8221; use_theme_fonts=&#8221;yes&#8221; css=&#8221;.vc_custom_1753428021142{padding-bottom: 20px !important;background-position: center !important;background-repeat: no-repeat !important;background-size: cover !important;}&#8221;][vc_empty_space height=&#8221;20px&#8221;][vc_row_inner][vc_column_inner width=&#8221;1\/2&#8243;]<div class=\"standard-arrow list-divider bullet-top\"><ul>\n<li>Mais de 200<b> DESENVOLVEDORES<\/b> lucram com os seus projectos de constru\u00e7\u00e3o<\/li>\n<li>Redu\u00e7\u00e3o dos <b>PRAZOS DE ENTREGA<\/b> entre 20% e 50%<\/li>\n<li><b>100 vezes mais RESISTENTE<\/b> que uma estrutura convencional<\/li>\n<li><b>SEM LIMITE DE ALTURA<\/b> ou DESIGN na constru\u00e7\u00e3o civil<\/li>\n<li>Mais de 500 <b>ARQUITETOS<\/b> desenham os seus projetos com a Baupanel<\/li>\n<li><b>CERTIFICA\u00c7\u00d5ES<\/b> de idoneidade t\u00e9cnica, inc\u00eandio e constru\u00e7\u00e3o internacional<\/li>\n<\/ul>\n<\/div>[\/vc_column_inner][vc_column_inner width=&#8221;1\/2&#8243;]<div class=\"standard-arrow list-divider bullet-top\"><ul>\n<li><b>FABRICO PERSONALIZADO<\/b> e envios para a obra com rapidez<\/li>\n<li><b>EXPERI\u00caNCIA<\/b> Mais de 20 anos em Espanha e 40 no mundo<\/li>\n<li><b>ISOLAMENTO T<\/b> \u00c9RMICO Poupan\u00e7a de energia de 40%.<\/li>\n<li>Resist\u00eancia a qualquer <b>EVENTO NATURAL<\/b>, Inc\u00eandio, Terremotos, Furac\u00f5es, etc.<\/li>\n<li><b>EFICI\u00caNCIA ENERG\u00c9TICA<\/b> &#8211; Passivhaus e Classifica\u00e7\u00e3o Energ\u00e9tica A<\/li>\n<li>Mais de 300 <b>CONSTRUTORES<\/b> utilizam a constru\u00e7\u00e3o Baupanel<\/li>\n<\/ul>\n<\/div>[\/vc_column_inner][\/vc_row_inner][\/vc_column][\/vc_row][vc_row type=&#8221;vc_default&#8221; full_width_row=&#8221;true&#8221; anchor=&#8221;#aplicaciones&#8221; css=&#8221;.vc_custom_1753425823389{padding-top: 20px !important;padding-bottom: 20px !important;}&#8221;][vc_column][vc_custom_heading text=&#8221;Aqui tens alguns coment\u00e1rios de clientes&#8221; font_container=&#8221;tag:h3|text_align:center|color:%23005c80&#8243; use_theme_fonts=&#8221;yes&#8221; css=&#8221;.vc_custom_1753428041390{padding-bottom: 20px !important;background-position: center !important;background-repeat: no-repeat !important;background-size: cover !important;}&#8221;][vc_empty_space height=&#8221;20px&#8221;][vc_row_inner][vc_column_inner][vc_raw_html css=&#8221;&#8221;]W3RydXN0aW5kZXggbm8tcmVnaXN0cmF0aW9uPSJnb29nbGUiXQ==[\/vc_raw_html][\/vc_column_inner][\/vc_row_inner][vc_empty_space height=&#8221;20px&#8221;][vc_column_text css=&#8221;&#8221;]<\/p>\n<h4 style=\"text-align: center;\"><a title=\"Sistema Baupanel\u00ae \u2013 Sistemas Construtivos\" href=\"https:\/\/g.page\/r\/CQ97mFF95C0VEBM\/review\" target=\"_blank\" rel=\"noopener\">Localiza\u00e7\u00e3o e coment\u00e1rios do Google<\/a><\/h4>\n<p>[\/vc_column_text]<style type=\"text\/css\" data-type=\"the7_shortcodes-inline-css\">#default-btn-fad7236782fb0fc72196b02eab71cd0f.ico-right-side > i {\n  margin-right: 0px;\n  margin-left: 8px;\n}\n#default-btn-fad7236782fb0fc72196b02eab71cd0f > i {\n  margin-right: 8px;\n}\n<\/style><div class=\"btn-align-center\"><a href=\"https:\/\/g.page\/r\/CQ97mFF95C0VEBM\/review\u00a0\" class=\"default-btn-shortcode dt-btn dt-btn-s link-hover-off \" target=\"_blank\" id=\"default-btn-fad7236782fb0fc72196b02eab71cd0f\" title=\"Ubicaci\u00f3n Baupanel\" rel=\"noopener\"><span>Ir a la ubicaci\u00f3n<\/span><\/a><\/div>[\/vc_column][\/vc_row]<\/p>\n<\/div>","protected":false},"excerpt":{"rendered":"<p>[vc_row type=&#8221;vc_default&#8221; full_width=&#8221;stretch_row&#8221; css=&#8221;.vc_custom_1674120213884{padding-top: 40px !important;padding-bottom: 40px !important;background-color: #f4f4f4 !important;}&#8221;][vc_column][vc_custom_heading text=&#8221;Distribuidores e Instaladores de Baupanel\u00ae System&#8221; font_container=&#8221;tag:h1|text_align:center&#8221; use_theme_fonts=&#8221;yes&#8221; css=&#8221;.vc_custom_1674120228683{padding-bottom: 20px !important;background-position: center !important;background-repeat: no-repeat !important;background-size: cover !important;}&#8221;][vc_empty_space height=&#8221;20px&#8221;][vc_custom_heading text=&#8221;Raz\u00f5es para fazer parte da equipa Baupanel\u00ae System&#8221; font_container=&#8221;tag:h2|text_align:center|color:%23005c80&#8243; use_theme_fonts=&#8221;yes&#8221; css=&#8221;.vc_custom_1674120243973{padding-bottom: 20px !important;background-position: center !important;background-repeat: no-repeat !important;background-size: cover !important;}&#8221;][vc_row_inner gap=&#8221;20&#8243; css=&#8221;.vc_custom_1674120297640{padding-top: 40px !important;padding-bottom: 40px !important;}&#8221;][vc_column_inner width=&#8221;1\/2&#8243;][vc_custom_heading text=&#8221;Baupanel\u00ae&hellip;<\/p>\n","protected":false},"author":65,"featured_media":58486,"parent":0,"menu_order":0,"comment_status":"closed","ping_status":"closed","template":"","meta":{"footnotes":""},"class_list":["post-58599","page","type-page","status-publish","has-post-thumbnail","hentry","description-off"],"aioseo_notices":[],"_links":{"self":[{"href":"https:\/\/baupanel.tech\/pt-pt\/wp-json\/wp\/v2\/pages\/58599","targetHints":{"allow":["GET"]}}],"collection":[{"href":"https:\/\/baupanel.tech\/pt-pt\/wp-json\/wp\/v2\/pages"}],"about":[{"href":"https:\/\/baupanel.tech\/pt-pt\/wp-json\/wp\/v2\/types\/page"}],"author":[{"embeddable":true,"href":"https:\/\/baupanel.tech\/pt-pt\/wp-json\/wp\/v2\/users\/65"}],"replies":[{"embeddable":true,"href":"https:\/\/baupanel.tech\/pt-pt\/wp-json\/wp\/v2\/comments?post=58599"}],"version-history":[{"count":9,"href":"https:\/\/baupanel.tech\/pt-pt\/wp-json\/wp\/v2\/pages\/58599\/revisions"}],"predecessor-version":[{"id":69681,"href":"https:\/\/baupanel.tech\/pt-pt\/wp-json\/wp\/v2\/pages\/58599\/revisions\/69681"}],"wp:featuredmedia":[{"embeddable":true,"href":"https:\/\/baupanel.tech\/pt-pt\/wp-json\/wp\/v2\/media\/58486"}],"wp:attachment":[{"href":"https:\/\/baupanel.tech\/pt-pt\/wp-json\/wp\/v2\/media?parent=58599"}],"curies":[{"name":"wp","href":"https:\/\/api.w.org\/{rel}","templated":true}]}}