{"id":58624,"date":"2016-06-17T13:18:14","date_gmt":"2016-06-17T11:18:14","guid":{"rendered":"https:\/\/baupanel.tech\/treinamento\/"},"modified":"2024-09-26T17:26:45","modified_gmt":"2024-09-26T15:26:45","slug":"formacao","status":"publish","type":"page","link":"https:\/\/baupanel.tech\/pt-pt\/formacao\/","title":{"rendered":"Forma\u00e7\u00e3o"},"content":{"rendered":"<div class=\"wpb-content-wrapper\"><p>[vc_row type=&#8221;vc_default&#8221; full_width=&#8221;stretch_row&#8221; gap=&#8221;10&#8243; margin_top=&#8221;60px&#8221; margin_bottom=&#8221;60px&#8221; css=&#8221;.vc_custom_1674137605444{margin-bottom: -55px !important;padding-top: 40px !important;padding-bottom: 40px !important;background-color: #f4f4f4 !important;}&#8221;][vc_column][vc_custom_heading text=&#8221;Forma\u00e7\u00e3o do Sistema Baupanel\u00ae&#8221; font_container=&#8221;tag:h1|text_align:center&#8221; use_theme_fonts=&#8221;yes&#8221; css=&#8221;.vc_custom_1674132356285{background-position: center !important;background-repeat: no-repeat !important;background-size: cover !important;}&#8221;][vc_row_inner gap=&#8221;20&#8243; css=&#8221;.vc_custom_1674137641787{padding-top: 30px !important;}&#8221;][vc_column_inner width=&#8221;1\/2&#8243;][vc_custom_heading text=&#8221;Jornadas T\u00e9cnicas&#8221; font_container=&#8221;tag:h2|text_align:left|color:%23005c80&#8243; use_theme_fonts=&#8221;yes&#8221; css=&#8221;.vc_custom_1674132397099{padding-bottom: 25px !important;background-position: center !important;background-repeat: no-repeat !important;background-size: cover !important;}&#8221;][vc_column_text css=&#8221;.vc_custom_1534939722419{margin-bottom: 30px !important;}&#8221;]Para os nossos clientes, realizamos jornadas t\u00e9cnicas de forma\u00e7\u00e3o e capacita\u00e7\u00e3o de equipas de trabalho, especialmente a n\u00edvel de execu\u00e7\u00e3o da obra do sistema e homologa\u00e7\u00e3o de empresas instaladoras do sistema <strong>Baupanel\u00ae System<\/strong>.<\/p>\n<p>Essas jornadas t\u00e9cnicas s\u00e3o ministradas por pessoal t\u00e9cnico qualificado e t\u00eam diferentes dura\u00e7\u00f5es, dependendo do n\u00edvel inicial dos alunos.<\/p>\n<p>Para pessoal t\u00e9cnico de escrit\u00f3rio, a forma\u00e7\u00e3o inclui m\u00e9todos de c\u00e1lculo estrutural e detalhes de execu\u00e7\u00e3o do sistema.<\/p>\n<p>Para pessoal de obra, a forma\u00e7\u00e3o inclui a execu\u00e7\u00e3o do sistema ao n\u00edvel de obra branca (coloca\u00e7\u00e3o e uni\u00e3o das diferentes pe\u00e7as do sistema Baupanel a seco) e obra cinzenta (fase de proje\u00e7\u00e3o de microbet\u00e3o).[\/vc_column_text]<style type=\"text\/css\" data-type=\"the7_shortcodes-inline-css\">.shortcode-single-image-wrap.shortcode-single-image-c86e8a49d7497f1ba31601d71d2df577.enable-bg-rollover .rollover i,\n.shortcode-single-image-wrap.shortcode-single-image-c86e8a49d7497f1ba31601d71d2df577.enable-bg-rollover .rollover-video i {\n  background: -webkit-linear-gradient();\n  background: linear-gradient();\n}\n.shortcode-single-image-wrap.shortcode-single-image-c86e8a49d7497f1ba31601d71d2df577 .rollover-icon {\n  font-size: 32px;\n  color: #ffffff;\n  min-width: 44px;\n  min-height: 44px;\n  line-height: 44px;\n  border-radius: 100px;\n  border-style: solid;\n  border-width: 0px;\n}\n.dt-icon-bg-on.shortcode-single-image-wrap.shortcode-single-image-c86e8a49d7497f1ba31601d71d2df577 .rollover-icon {\n  background: rgba(255,255,255,0.3);\n  box-shadow: none;\n}\n<\/style><div class=\"shortcode-single-image-wrap shortcode-single-image-c86e8a49d7497f1ba31601d71d2df577 alignnone  enable-bg-rollover dt-icon-bg-off\" style=\"margin-top:0px; margin-bottom:0px; margin-left:0px; margin-right:0px; width:800px;\" data-pretty-share=\"facebook,twitter,pinterest,linkedin\"><div class=\"shortcode-single-image\"><div class=\"fancy-media-wrap  layzr-bg\" style=\"border-radius:15px;\"><img fetchpriority=\"high\" decoding=\"async\" class=\"preload-me lazy-load aspect\" src=\"data:image\/svg+xml,%3Csvg%20xmlns%3D&#39;http%3A%2F%2Fwww.w3.org%2F2000%2Fsvg&#39;%20viewBox%3D&#39;0%200%20800%20800&#39;%2F%3E\" data-src=\"https:\/\/baupanel.tech\/wp-content\/uploads\/2023\/01\/baupanel-feria-construtec-2022-800x800.webp\" data-srcset=\"https:\/\/baupanel.tech\/wp-content\/uploads\/2023\/01\/baupanel-feria-construtec-2022-800x800.webp 800w, https:\/\/baupanel.tech\/wp-content\/uploads\/2023\/01\/baupanel-feria-construtec-2022.webp 1020w\" loading=\"eager\" sizes=\"(max-width: 800px) 100vw, 800px\" width=\"800\" height=\"800\"  data-dt-location=\"https:\/\/baupanel.tech\/pt-pt\/formacion\/baupanel-feria-construtec-2022\/\" style=\"--ratio: 800 \/ 800;border-radius:15px;\" alt=\"Baupanel en Construtec, Madrid 2022\" \/><\/div><\/div><\/div>[vc_column_text css=&#8221;.vc_custom_1674137478026{padding-top: 30px !important;padding-bottom: 30px !important;}&#8221;]<em>Novembro de 2022. Sistema Baupanel\u00ae na <strong>Feira Construtec, Madrid.<\/strong><\/em>[\/vc_column_text][vc_custom_heading text=&#8221;Exposi\u00e7\u00f5es do sistema&#8221; font_container=&#8221;tag:h3|text_align:left|color:%23d53633&#8243; use_theme_fonts=&#8221;yes&#8221; css=&#8221;.vc_custom_1674132424347{padding-top: 20px !important;padding-bottom: 20px !important;background-position: center !important;background-repeat: no-repeat !important;background-size: cover !important;}&#8221;][vc_column_text]Realizamos exposi\u00e7\u00f5es do nosso <a title=\"sistema de constru\u00e7\u00e3o eficiente\" href=\"https:\/\/baupanel.tech\/?page_id=47290\">sistema de constru\u00e7\u00e3o eficiente<\/a> perante coletivos profissionais, administra\u00e7\u00f5es p\u00fablicas e outras entidades p\u00fablicas ou privadas que possam estar interessadas em conhecer o nosso sistema construtivo.<\/p>\n<p>Essas apresenta\u00e7\u00f5es s\u00e3o realizadas por pessoal t\u00e9cnico qualificado e t\u00eam uma dura\u00e7\u00e3o estimada de uma hora a uma hora e meia, dependendo do n\u00edvel t\u00e9cnico.<\/p>\n<p>Nelas, \u00e9 fornecida informa\u00e7\u00e3o detalhada sobre os <a title=\"Sistemas Construtivos Sistema Baupanel\u00ae\" href=\"https:\/\/baupanel.tech\/pt-pt\/\">sistemas de constru\u00e7\u00e3o<\/a>, existindo diferentes n\u00edveis de complexidade t\u00e9cnica, dependendo do p\u00fablico a que se destinam.[\/vc_column_text][vc_empty_space height=&#8221;25px&#8221;][\/vc_column_inner][vc_column_inner width=&#8221;1\/2&#8243;][vc_custom_heading text=&#8221;Webinars&#8221; font_container=&#8221;tag:h2|text_align:left|color:%23d53633&#8243; use_theme_fonts=&#8221;yes&#8221; css=&#8221;.vc_custom_1674132407833{padding-bottom: 25px !important;background-position: center !important;background-repeat: no-repeat !important;background-size: cover !important;}&#8221;][vc_column_text css=&#8221;.vc_custom_1645519002635{margin-bottom: 30px !important;}&#8221;]<\/p>\n<h3>Em breve, anunciaremos os webinars com participa\u00e7\u00e3o gratuita para construtoras e arquitetos.<\/h3>\n<p>Se quiser receber informa\u00e7\u00f5es por e-mail com as datas dos pr\u00f3ximos webinars sobre engenharia de constru\u00e7\u00e3o, onde resolveremos todas as suas d\u00favidas sobre o sistema construtivo Passivhaus Baupanel\u00ae System, <strong>inscreva-se agora<\/strong>.[\/vc_column_text][vc_empty_space height=&#8221;25px&#8221;]\n<div class=\"wpcf7 no-js\" id=\"wpcf7-f58618-o1\" lang=\"pt-PT\" dir=\"ltr\" data-wpcf7-id=\"58618\">\n<div class=\"screen-reader-response\"><p role=\"status\" aria-live=\"polite\" aria-atomic=\"true\"><\/p> <ul><\/ul><\/div>\n<form action=\"\/pt-pt\/wp-json\/wp\/v2\/pages\/58624#wpcf7-f58618-o1\" method=\"post\" class=\"wpcf7-form init\" aria-label=\"Formul\u00e1rio de contacto\" novalidate=\"novalidate\" data-status=\"init\">\n<fieldset class=\"hidden-fields-container\"><input type=\"hidden\" name=\"_wpcf7\" value=\"58618\" \/><input type=\"hidden\" name=\"_wpcf7_version\" value=\"6.1\" \/><input type=\"hidden\" name=\"_wpcf7_locale\" value=\"pt_PT\" \/><input type=\"hidden\" name=\"_wpcf7_unit_tag\" value=\"wpcf7-f58618-o1\" \/><input type=\"hidden\" name=\"_wpcf7_container_post\" value=\"0\" \/><input type=\"hidden\" name=\"_wpcf7_posted_data_hash\" value=\"\" \/><input type=\"hidden\" name=\"_uacf7_hidden_conditional_fields\" value=\"\" \/><input type=\"hidden\" name=\"_wpcf7_recaptcha_response\" value=\"\" \/>\n<\/fieldset>\n<div class=\"uacf7-form-58618  \"><p>Nomes e sobrenomes <span style=\"color:red;\">(*)<\/span><br>\n    <span class=\"wpcf7-form-control-wrap\" data-name=\"your-name\"><input size=\"40\" maxlength=\"400\" class=\"wpcf7-form-control wpcf7-text wpcf7-validates-as-required\" aria-required=\"true\" aria-invalid=\"false\" value=\"\" type=\"text\" name=\"your-name\" \/><\/span> <\/p>\n\n<p>Atividade <span style=\"color:red;\">(*)<\/span><br>\n<span class=\"wpcf7-form-control-wrap\" data-name=\"your-activity\"><select class=\"wpcf7-form-control wpcf7-select wpcf7-validates-as-required\" aria-required=\"true\" aria-invalid=\"false\" name=\"your-activity\"><option value=\"\">-Por favor escolha uma op\u00e7\u00e3o-<\/option><option value=\"Constructor\">Constructor<\/option><option value=\"Promotor\">Promotor<\/option><option value=\"Distribuidor de materiales\">Distribuidor de materiales<\/option><option value=\"Proveedor\">Proveedor<\/option><option value=\"Administraci\u00f3n p\u00fablica\">Administraci\u00f3n p\u00fablica<\/option><option value=\"Arquitecto\">Arquitecto<\/option><option value=\"Aparejador\">Aparejador<\/option><option value=\"Particular\">Particular<\/option><\/select><\/span> <\/p>\n\n<p>Companhia<span style=\"color:red;\">(*)<\/span><br>\n    <span class=\"wpcf7-form-control-wrap\" data-name=\"your-company\"><input size=\"40\" maxlength=\"400\" class=\"wpcf7-form-control wpcf7-text wpcf7-validates-as-required\" aria-required=\"true\" aria-invalid=\"false\" value=\"\" type=\"text\" name=\"your-company\" \/><\/span> <\/p>\n\n<p>NIF<span style=\"color:red;\">(*)<\/span><br>\n    <span class=\"wpcf7-form-control-wrap\" data-name=\"your-nif\"><input size=\"40\" maxlength=\"400\" class=\"wpcf7-form-control wpcf7-text wpcf7-validates-as-required\" aria-required=\"true\" aria-invalid=\"false\" value=\"\" type=\"text\" name=\"your-nif\" \/><\/span> <\/p>\n\n<p>Dire\u00e7\u00e3o<span style=\"color:red;\">(*)<\/span><br>\n    <span class=\"wpcf7-form-control-wrap\" data-name=\"your-address\"><input size=\"40\" maxlength=\"400\" class=\"wpcf7-form-control wpcf7-text wpcf7-validates-as-required\" aria-required=\"true\" aria-invalid=\"false\" value=\"\" type=\"text\" name=\"your-address\" \/><\/span> <\/p>\n\n<p>Cidade, Prov\u00edncia <span style=\"color:red;\">(*)<\/span><br>\n    <span class=\"wpcf7-form-control-wrap\" data-name=\"your-city\"><input size=\"40\" maxlength=\"400\" class=\"wpcf7-form-control wpcf7-text wpcf7-validates-as-required\" aria-required=\"true\" aria-invalid=\"false\" value=\"\" type=\"text\" name=\"your-city\" \/><\/span> <\/p>\n\n<p>Telefone <span style=\"color:red;\">(*)<\/span><br>\n    <span class=\"wpcf7-form-control-wrap\" data-name=\"your-phone\"><input size=\"40\" maxlength=\"400\" class=\"wpcf7-form-control wpcf7-tel wpcf7-validates-as-required wpcf7-text wpcf7-validates-as-tel\" aria-required=\"true\" aria-invalid=\"false\" value=\"\" type=\"tel\" name=\"your-phone\" \/><\/span> <\/p>\n\n<p>Correio eletr\u00f4nico <span style=\"color:red;\">(*)<\/span><br>\n    <span class=\"wpcf7-form-control-wrap\" data-name=\"your-email\"><input size=\"40\" maxlength=\"400\" class=\"wpcf7-form-control wpcf7-email wpcf7-validates-as-required wpcf7-text wpcf7-validates-as-email\" aria-required=\"true\" aria-invalid=\"false\" value=\"\" type=\"email\" name=\"your-email\" \/><\/span> <\/p>\n\n<p>Como voc\u00ea nos conheceu? <br>\n    <span class=\"wpcf7-form-control-wrap\" data-name=\"fuente-contacto\"><select class=\"wpcf7-form-control wpcf7-select\" id=\"fuente-contacto\" aria-invalid=\"false\" name=\"fuente-contacto\"><option value=\"\">-Por favor escolha uma op\u00e7\u00e3o-<\/option><option value=\"B\u00fasqueda en google\">B\u00fasqueda en google<\/option><option value=\"Ferias\">Ferias<\/option><option value=\"Redes Sociales\">Redes Sociales<\/option><option value=\"Prensa\">Prensa<\/option><option value=\"Recomendaci\u00f3n\">Recomendaci\u00f3n<\/option><option value=\"Mailing\">Mailing<\/option><option value=\"Otros\">Otros<\/option><\/select><\/span> <\/p>\n\n<p><span style=\"color:red;\">(*) Campos obrigat\u00f3rios para envio de mensagem.<\/span><\/p>\n\n<p style=\"margin-left:0px;margin-bottom:25px\"><span class=\"wpcf7-form-control-wrap\" data-name=\"checkbox-politica\"><span class=\"wpcf7-form-control wpcf7-checkbox wpcf7-validates-as-required\" id=\"politica-contacto\"><span class=\"wpcf7-list-item first last\"><input type=\"checkbox\" name=\"checkbox-politica[]\" value=\"Acepto la Pol\u00edtica de Privacidad\" \/><span class=\"wpcf7-list-item-label\">Acepto la Pol\u00edtica de Privacidad<\/span><\/span><\/span><\/span>  <span style=\"color:red;margin-left:10px\">(*)<\/span> Li e aceito a <a href=\"https:\/\/baupanel.tech\/politica-de-privacidad\/\" target=\"_blank\">Pol\u00edtica de Privacidade<\/a> da Baupanel.<\/p>\n\n<p style=\"margin-top: 16px;\"><input class=\"wpcf7-form-control wpcf7-submit has-spinner\" type=\"submit\" value=\"Suscr\u00edbete\" \/><\/p>\n\n<span id=\"wpcf7-69da771c9c512-wrapper\" class=\"wpcf7-form-control-wrap email-protection-wrap\" style=\"display:none !important; visibility:hidden !important;\"><label for=\"email-protection-22\" class=\"hp-message\">Please leave this field empty.<\/label><input id=\"email-protection-22\"  class=\"wpcf7-form-control wpcf7-text\" type=\"text\" name=\"email-protection\" value=\"\" size=\"40\" tabindex=\"-1\" autocomplete=\"new-password\" \/><\/span><\/div><div class=\"wpcf7-response-output\" aria-hidden=\"true\"><\/div>\n<\/form>\n<\/div>\n[\/vc_column_inner][\/vc_row_inner][\/vc_column][\/vc_row]<\/p>\n<\/div>","protected":false},"excerpt":{"rendered":"<p>[vc_row type=&#8221;vc_default&#8221; full_width=&#8221;stretch_row&#8221; gap=&#8221;10&#8243; margin_top=&#8221;60px&#8221; margin_bottom=&#8221;60px&#8221; css=&#8221;.vc_custom_1674137605444{margin-bottom: -55px !important;padding-top: 40px !important;padding-bottom: 40px !important;background-color: #f4f4f4 !important;}&#8221;][vc_column][vc_custom_heading text=&#8221;Forma\u00e7\u00e3o do Sistema Baupanel\u00ae&#8221; font_container=&#8221;tag:h1|text_align:center&#8221; use_theme_fonts=&#8221;yes&#8221; css=&#8221;.vc_custom_1674132356285{background-position: center !important;background-repeat: no-repeat !important;background-size: cover !important;}&#8221;][vc_row_inner gap=&#8221;20&#8243; css=&#8221;.vc_custom_1674137641787{padding-top: 30px !important;}&#8221;][vc_column_inner width=&#8221;1\/2&#8243;][vc_custom_heading text=&#8221;Jornadas T\u00e9cnicas&#8221; font_container=&#8221;tag:h2|text_align:left|color:%23005c80&#8243; use_theme_fonts=&#8221;yes&#8221; css=&#8221;.vc_custom_1674132397099{padding-bottom: 25px !important;background-position: center !important;background-repeat: no-repeat !important;background-size: cover !important;}&#8221;][vc_column_text css=&#8221;.vc_custom_1534939722419{margin-bottom: 30px !important;}&#8221;]Para os nossos clientes, realizamos jornadas t\u00e9cnicas&hellip;<\/p>\n","protected":false},"author":65,"featured_media":57682,"parent":0,"menu_order":0,"comment_status":"closed","ping_status":"closed","template":"","meta":{"footnotes":""},"class_list":["post-58624","page","type-page","status-publish","has-post-thumbnail","hentry","description-off"],"aioseo_notices":[],"_links":{"self":[{"href":"https:\/\/baupanel.tech\/pt-pt\/wp-json\/wp\/v2\/pages\/58624","targetHints":{"allow":["GET"]}}],"collection":[{"href":"https:\/\/baupanel.tech\/pt-pt\/wp-json\/wp\/v2\/pages"}],"about":[{"href":"https:\/\/baupanel.tech\/pt-pt\/wp-json\/wp\/v2\/types\/page"}],"author":[{"embeddable":true,"href":"https:\/\/baupanel.tech\/pt-pt\/wp-json\/wp\/v2\/users\/65"}],"replies":[{"embeddable":true,"href":"https:\/\/baupanel.tech\/pt-pt\/wp-json\/wp\/v2\/comments?post=58624"}],"version-history":[{"count":8,"href":"https:\/\/baupanel.tech\/pt-pt\/wp-json\/wp\/v2\/pages\/58624\/revisions"}],"predecessor-version":[{"id":68937,"href":"https:\/\/baupanel.tech\/pt-pt\/wp-json\/wp\/v2\/pages\/58624\/revisions\/68937"}],"wp:featuredmedia":[{"embeddable":true,"href":"https:\/\/baupanel.tech\/pt-pt\/wp-json\/wp\/v2\/media\/57682"}],"wp:attachment":[{"href":"https:\/\/baupanel.tech\/pt-pt\/wp-json\/wp\/v2\/media?parent=58624"}],"curies":[{"name":"wp","href":"https:\/\/api.w.org\/{rel}","templated":true}]}}