{"id":58667,"date":"2016-07-04T17:27:31","date_gmt":"2016-07-04T15:27:31","guid":{"rendered":"https:\/\/baupanel.tech\/licencas-de-fabricacao-de-paineis\/"},"modified":"2024-09-27T18:08:33","modified_gmt":"2024-09-27T16:08:33","slug":"licencas-de-fabrico-de-paineis","status":"publish","type":"page","link":"https:\/\/baupanel.tech\/pt-pt\/licencas-de-fabrico-de-paineis\/","title":{"rendered":"Licen\u00e7as internacionais de fabrico de pain\u00e9is."},"content":{"rendered":"<div class=\"wpb-content-wrapper\"><p>[vc_row type=&#8221;vc_default&#8221; full_width=&#8221;stretch_row&#8221; margin_top=&#8221;0&#8243; margin_bottom=&#8221;0&#8243; css=&#8221;.vc_custom_1674203475189{padding-top: 40px !important;padding-bottom: 60px !important;background-color: #f4f4f4 !important;}&#8221;][vc_column css=&#8221;.vc_custom_1651229789292{padding-bottom: 30px !important;}&#8221;][vc_custom_heading text=&#8221;Licen\u00e7as internacionais de fabrico de pain\u00e9is&#8221; font_container=&#8221;tag:h1|text_align:center&#8221; use_theme_fonts=&#8221;yes&#8221; css=&#8221;.vc_custom_1674204315422{padding-bottom: 20px !important;background-position: center !important;background-repeat: no-repeat !important;background-size: cover !important;}&#8221;][vc_custom_heading text=&#8221;Fabrico de pain\u00e9is Baupanel\u00ae System&#8221; font_container=&#8221;tag:h2|text_align:center|color:%23005c80&#8243; use_theme_fonts=&#8221;yes&#8221; css=&#8221;.vc_custom_1674202545768{padding-bottom: 20px !important;background-position: center !important;background-repeat: no-repeat !important;background-size: cover !important;}&#8221;][vc_row_inner gap=&#8221;3&#8243; css=&#8221;.vc_custom_1674203815825{padding-top: 30px !important;}&#8221;][vc_column_inner][vc_column_text]<strong>Baupanel\u00ae System<\/strong> \u00e9 um <strong>sistema de constru\u00e7\u00e3o pr\u00e9-industrializado<\/strong> que se tornou um referencial em Espanha e a n\u00edvel mundial como empresa l\u00edder no setor. Atualmente, \u00e9 o \u00fanico sistema de constru\u00e7\u00e3o de pain\u00e9is de poliestireno expandido + malha de a\u00e7o em Espanha que possui todas as <a title=\"Certifica\u00e7\u00f5es - Sistema Baupanel\u00ae\" href=\"https:\/\/baupanel.tech\/pt-pt\/certificacoes\/\">certifica\u00e7\u00f5es de constru\u00e7\u00e3o<\/a> e qualidade em vigor.<\/p>\n<p>Nos \u00faltimos anos, a Baupanel\u00ae tem tido um crescimento not\u00e1vel, com a sua expans\u00e3o internacional para al\u00e9m da Europa continental, superando assim todas as expectativas. Atualmente, o Baupanel\u00ae System est\u00e1 presente em v\u00e1rios pa\u00edses da Europa, \u00c1sia, \u00c1frica e Am\u00e9rica.<\/p>\n<p>Estamos em condi\u00e7\u00f5es de oferecer aos nossos clientes toda a <a title=\"m\u00e1quinas de painel baupanel\" href=\"#maquinaria\">maquinaria <\/a>industrial de \u00faltima gera\u00e7\u00e3o, para que possam produzir os pain\u00e9is de constru\u00e7\u00e3o Baupanel\u00ae em qualquer parte do mundo, atrav\u00e9s da concess\u00e3o de Licen\u00e7as de Fabrico de Pain\u00e9is. Desta forma, os nossos licenciados poder\u00e3o realizar qualquer projeto de constru\u00e7\u00e3o com total sucesso, independentemente da sua magnitude.[\/vc_column_text][\/vc_column_inner][\/vc_row_inner][vc_row_inner gap=&#8221;3&#8243; css=&#8221;.vc_custom_1674203466389{padding-top: 40px !important;}&#8221;][vc_column_inner width=&#8221;1\/3&#8243;]<style type=\"text\/css\" data-type=\"the7_shortcodes-inline-css\">.shortcode-single-image-wrap.shortcode-single-image-7af35bb64c1f33ca93bbb6a8d14e5cf9.enable-bg-rollover .rollover i,\n.shortcode-single-image-wrap.shortcode-single-image-7af35bb64c1f33ca93bbb6a8d14e5cf9.enable-bg-rollover .rollover-video i {\n  background: -webkit-linear-gradient();\n  background: linear-gradient();\n}\n.shortcode-single-image-wrap.shortcode-single-image-7af35bb64c1f33ca93bbb6a8d14e5cf9 .rollover-icon {\n  font-size: 32px;\n  color: #ffffff;\n  min-width: 44px;\n  min-height: 44px;\n  line-height: 44px;\n  border-radius: 100px;\n  border-style: solid;\n  border-width: 0px;\n}\n.dt-icon-bg-on.shortcode-single-image-wrap.shortcode-single-image-7af35bb64c1f33ca93bbb6a8d14e5cf9 .rollover-icon {\n  background: rgba(255,255,255,0.3);\n  box-shadow: none;\n}\n<\/style><div class=\"shortcode-single-image-wrap shortcode-single-image-7af35bb64c1f33ca93bbb6a8d14e5cf9 alignnone  enable-bg-rollover dt-icon-bg-off\" style=\"margin-top:0px; margin-bottom:0px; margin-left:0px; margin-right:0px; width:900px;\" data-pretty-share=\"facebook,twitter,pinterest,linkedin\"><div class=\"shortcode-single-image\"><div class=\"fancy-media-wrap  layzr-bg\" style=\"border-radius:15px;\"><img fetchpriority=\"high\" decoding=\"async\" class=\"preload-me lazy-load aspect\" src=\"data:image\/svg+xml,%3Csvg%20xmlns%3D&#39;http%3A%2F%2Fwww.w3.org%2F2000%2Fsvg&#39;%20viewBox%3D&#39;0%200%20900%20900&#39;%2F%3E\" data-src=\"https:\/\/baupanel.tech\/wp-content\/uploads\/2023\/01\/panel-baupanel-cortado-900x900.webp\" data-srcset=\"https:\/\/baupanel.tech\/wp-content\/uploads\/2023\/01\/panel-baupanel-cortado-900x900.webp 900w, https:\/\/baupanel.tech\/wp-content\/uploads\/2023\/01\/panel-baupanel-cortado.webp 1280w\" loading=\"eager\" sizes=\"(max-width: 900px) 100vw, 900px\" width=\"900\" height=\"900\"  data-dt-location=\"https:\/\/baupanel.tech\/pt-pt\/licencias-de-fabricacion-de-paneles\/panel-baupanel-cortado\/\" style=\"--ratio: 900 \/ 900;border-radius:15px;\" alt=\"Paneles pre industrializados\" \/><\/div><\/div><\/div>[vc_empty_space height=&#8221;20px&#8221;][\/vc_column_inner][vc_column_inner width=&#8221;1\/3&#8243;]<style type=\"text\/css\" data-type=\"the7_shortcodes-inline-css\">.shortcode-single-image-wrap.shortcode-single-image-915b4da48adb66c0acdba4c5251cc979.enable-bg-rollover .rollover i,\n.shortcode-single-image-wrap.shortcode-single-image-915b4da48adb66c0acdba4c5251cc979.enable-bg-rollover .rollover-video i {\n  background: -webkit-linear-gradient();\n  background: linear-gradient();\n}\n.shortcode-single-image-wrap.shortcode-single-image-915b4da48adb66c0acdba4c5251cc979 .rollover-icon {\n  font-size: 32px;\n  color: #ffffff;\n  min-width: 44px;\n  min-height: 44px;\n  line-height: 44px;\n  border-radius: 100px;\n  border-style: solid;\n  border-width: 0px;\n}\n.dt-icon-bg-on.shortcode-single-image-wrap.shortcode-single-image-915b4da48adb66c0acdba4c5251cc979 .rollover-icon {\n  background: rgba(255,255,255,0.3);\n  box-shadow: none;\n}\n<\/style><div class=\"shortcode-single-image-wrap shortcode-single-image-915b4da48adb66c0acdba4c5251cc979 alignnone  enable-bg-rollover dt-icon-bg-off\" style=\"margin-top:0px; margin-bottom:0px; margin-left:0px; margin-right:0px; width:900px;\" data-pretty-share=\"facebook,twitter,pinterest,linkedin\"><div class=\"shortcode-single-image\"><div class=\"fancy-media-wrap  layzr-bg\" style=\"border-radius:15px;\"><img decoding=\"async\" class=\"preload-me lazy-load aspect\" src=\"data:image\/svg+xml,%3Csvg%20xmlns%3D&#39;http%3A%2F%2Fwww.w3.org%2F2000%2Fsvg&#39;%20viewBox%3D&#39;0%200%20900%20900&#39;%2F%3E\" data-src=\"https:\/\/baupanel.tech\/wp-content\/uploads\/2023\/01\/fabricacion-paneles-baupanel-malaga-900x900.webp\" data-srcset=\"https:\/\/baupanel.tech\/wp-content\/uploads\/2023\/01\/fabricacion-paneles-baupanel-malaga-900x900.webp 900w, https:\/\/baupanel.tech\/wp-content\/uploads\/2023\/01\/fabricacion-paneles-baupanel-malaga.webp 1280w\" loading=\"eager\" sizes=\"(max-width: 900px) 100vw, 900px\" width=\"900\" height=\"900\"  data-dt-location=\"https:\/\/baupanel.tech\/pt-pt\/licencias-de-fabricacion-de-paneles\/fabricacion-paneles-baupanel-malaga\/\" style=\"--ratio: 900 \/ 900;border-radius:15px;\" alt=\"F\u00e1brica de paneles de construcci\u00f3n baupanel\" \/><\/div><\/div><\/div>[vc_empty_space height=&#8221;20px&#8221;][\/vc_column_inner][vc_column_inner width=&#8221;1\/3&#8243;]<style type=\"text\/css\" data-type=\"the7_shortcodes-inline-css\">.shortcode-single-image-wrap.shortcode-single-image-3c4f184e992a2e4327f0f135c9f3a8e3.enable-bg-rollover .rollover i,\n.shortcode-single-image-wrap.shortcode-single-image-3c4f184e992a2e4327f0f135c9f3a8e3.enable-bg-rollover .rollover-video i {\n  background: -webkit-linear-gradient();\n  background: linear-gradient();\n}\n.shortcode-single-image-wrap.shortcode-single-image-3c4f184e992a2e4327f0f135c9f3a8e3 .rollover-icon {\n  font-size: 32px;\n  color: #ffffff;\n  min-width: 44px;\n  min-height: 44px;\n  line-height: 44px;\n  border-radius: 100px;\n  border-style: solid;\n  border-width: 0px;\n}\n.dt-icon-bg-on.shortcode-single-image-wrap.shortcode-single-image-3c4f184e992a2e4327f0f135c9f3a8e3 .rollover-icon {\n  background: rgba(255,255,255,0.3);\n  box-shadow: none;\n}\n<\/style><div class=\"shortcode-single-image-wrap shortcode-single-image-3c4f184e992a2e4327f0f135c9f3a8e3 alignnone  enable-bg-rollover dt-icon-bg-off\" style=\"margin-top:0px; margin-bottom:0px; margin-left:0px; margin-right:0px; width:900px;\" data-pretty-share=\"facebook,twitter,pinterest,linkedin\"><div class=\"shortcode-single-image\"><div class=\"fancy-media-wrap  layzr-bg\" style=\"border-radius:15px;\"><img decoding=\"async\" class=\"preload-me lazy-load aspect\" src=\"data:image\/svg+xml,%3Csvg%20xmlns%3D&#39;http%3A%2F%2Fwww.w3.org%2F2000%2Fsvg&#39;%20viewBox%3D&#39;0%200%20900%20900&#39;%2F%3E\" data-src=\"https:\/\/baupanel.tech\/wp-content\/uploads\/2023\/01\/instalacion-paneles-baupanel-construccion-900x900.webp\" data-srcset=\"https:\/\/baupanel.tech\/wp-content\/uploads\/2023\/01\/instalacion-paneles-baupanel-construccion-900x900.webp 900w, https:\/\/baupanel.tech\/wp-content\/uploads\/2023\/01\/instalacion-paneles-baupanel-construccion.webp 1240w\" loading=\"eager\" sizes=\"(max-width: 900px) 100vw, 900px\" width=\"900\" height=\"900\"  data-dt-location=\"https:\/\/baupanel.tech\/pt-pt\/licencias-de-fabricacion-de-paneles\/instalacion-paneles-baupanel-construccion\/\" style=\"--ratio: 900 \/ 900;border-radius:15px;\" alt=\"instaladores Baupanel System\" \/><\/div><\/div><\/div>[\/vc_column_inner][\/vc_row_inner][\/vc_column][\/vc_row][vc_row type=&#8221;vc_default&#8221; full_width=&#8221;stretch_row&#8221; margin_top=&#8221;0&#8243; margin_bottom=&#8221;0&#8243; css=&#8221;.vc_custom_1674206151280{padding-top: 45px !important;padding-bottom: 40px !important;}&#8221;][vc_column][vc_row_inner gap=&#8221;5&#8243; css=&#8221;.vc_custom_1674206413981{margin-bottom: 00px !important;}&#8221;][vc_column_inner width=&#8221;2\/3&#8243; css=&#8221;.vc_custom_1569511116154{padding-left: 25px !important;}&#8221;][vc_custom_heading text=&#8221;KnowHow&#8221; font_container=&#8221;tag:h2|text_align:left|color:%23005c80&#8243; use_theme_fonts=&#8221;yes&#8221; css=&#8221;.vc_custom_1674205336883{padding-bottom: 20px !important;background-position: center !important;background-repeat: no-repeat !important;background-size: cover !important;}&#8221;][vc_column_text css=&#8221;.vc_custom_1674204179023{padding-bottom: 25px !important;}&#8221;]Na <strong>Baupanel\u00ae System<\/strong>, al\u00e9m de fornecermos aos clientes uma planta de produ\u00e7\u00e3o de pain\u00e9is &#8220;chave na m\u00e3o&#8221;, tamb\u00e9m oferecemos um amplo programa de forma\u00e7\u00e3o e consultoria sobre o uso correto do sistema, focando-nos principalmente nas seguintes \u00e1reas:[\/vc_column_text]<div class=\"standard-arrow list-divider bullet-top\"><ul>\n<li><strong>Certifica\u00e7\u00f5es<\/strong>: oferecemos aos nossos clientes assessoria e suporte t\u00e9cnico para obter a certifica\u00e7\u00e3o do produto no pa\u00eds de implementa\u00e7\u00e3o que se requer. Para isso, j\u00e1 contamos com certifica\u00e7\u00f5es em v\u00e1rios pa\u00edses que servir\u00e3o como credenciais adequadas e refer\u00eancias extensas para os organismos e institui\u00e7\u00f5es certificadoras. <a href=\"https:\/\/baupanel.tech\/pt-pt\/certificacoes\/\">Certifica\u00e7\u00f5es Baupanel\u00ae System<\/a>.<\/li>\n<li><strong>Engenharia:<\/strong> forma\u00e7\u00e3o para o projeto e c\u00e1lculo de estruturas Baupanel e a transforma\u00e7\u00e3o de projetos t\u00e9cnicos de constru\u00e7\u00e3o tradicionais em projetos Baupanel.<\/li>\n<li><strong>Fabrico<\/strong>: forma\u00e7\u00e3o para o \u00f3timo funcionamento, gest\u00e3o e manuten\u00e7\u00e3o da planta industrial de produ\u00e7\u00e3o de pain\u00e9is Baupanel\u00ae que seja instalada em qualquer lugar do mundo.<\/li>\n<li><strong>Constru\u00e7\u00e3o<\/strong>: forma\u00e7\u00e3o de capatazes, chefes de obra e oper\u00e1rios para a aprendizagem e o uso correto da nossa tecnologia, assegurando os mais altos padr\u00f5es de qualidade e desempenho, onde quer que se utilize o nosso sistema construtivo Baupanel\u00ae System.<\/li>\n<\/ul>\n<\/div>[vc_column_text]A Licen\u00e7a de Fabrico de Pain\u00e9is Baupanel System garante o sucesso do sistema de constru\u00e7\u00e3o mais revolucion\u00e1rio e eficiente, com um potencial de crescimento incompar\u00e1vel.<\/p>\n<p>Al\u00e9m disso, oferecemos aos nossos clientes a melhor rela\u00e7\u00e3o qualidade\/pre\u00e7o de todas as solu\u00e7\u00f5es tecnol\u00f3gicas mais eficazes para a concretiza\u00e7\u00e3o dos seus empreendimentos.<\/p>\n<p>Entendemos que o &#8216;bem fazer&#8217; nos projetos dos nossos clientes \u00e9 a nossa melhor publicidade e constitui um exemplo a seguir para muitos.[\/vc_column_text][vc_empty_space][vc_custom_heading text=&#8221;Maquinaria&#8221; font_container=&#8221;tag:h2|text_align:left|color:%23d53633&#8243; use_theme_fonts=&#8221;yes&#8221; css=&#8221;.vc_custom_1674205986569{padding-bottom: 20px !important;background-position: center !important;background-repeat: no-repeat !important;background-size: cover !important;}&#8221; el_id=&#8221;maquinaria&#8221;][vc_column_text]<strong>Atualmente, contamos com a tecnologia mais avan\u00e7ada para o desenvolvimento da nossa maquinaria industrial para a fabrico de pain\u00e9is<\/strong>, no qual proporcionamos a m\u00e1xima qualidade na eletr\u00f3nica, micro-mec\u00e2nica e automatismos necess\u00e1rios que permitem otimizar os rendimentos e a qualidade do produto.<\/p>\n<p>Todas as nossas m\u00e1quinas contam com assist\u00eancia remota atrav\u00e9s de redes telef\u00f3nicas convencionais.[\/vc_column_text][vc_column_text]Al\u00e9m de fornecer todo o equipamento necess\u00e1rio para o fabrico de pain\u00e9is <strong>Baupanel\u00ae System<\/strong>, oferecemos aos nossos clientes uma assist\u00eancia completa no design da planta de produ\u00e7\u00e3o, adequada \u00e0s suas necessidades e ao seu mercado.<\/p>\n<p>A empresa comprometeu-se a expandir o produto internacionalmente e, para alcan\u00e7ar o sucesso, utilizar\u00e1 v\u00e1rias combina\u00e7\u00f5es de modelos de neg\u00f3cio.[\/vc_column_text][vc_empty_space height=&#8221;25px&#8221;]<style type=\"text\/css\" data-type=\"the7_shortcodes-inline-css\">#default-btn-53efa3a7fa53d454d97b07c690a19afd.ico-right-side > i {\n  margin-right: 0px;\n  margin-left: 8px;\n}\n#default-btn-53efa3a7fa53d454d97b07c690a19afd > i {\n  margin-right: 8px;\n}\n<\/style><div class=\"btn-align-left\"><a href=\"https:\/\/baupanel.tech\/contacto\/\" class=\"default-btn-shortcode dt-btn dt-btn-l link-hover-off  vc_custom_1674205550773\" id=\"default-btn-53efa3a7fa53d454d97b07c690a19afd\" title=\"Contactar con Baupanel\u00ae System\"><span>Contacta con Baupanel\u00ae System<\/span><\/a><\/div>[vc_empty_space height=&#8221;20px&#8221;][\/vc_column_inner][vc_column_inner width=&#8221;1\/3&#8243;]<style type=\"text\/css\" data-type=\"the7_shortcodes-inline-css\">.shortcode-single-image-wrap.shortcode-single-image-15a9dec8ec70077607c2640dede44329.enable-bg-rollover .rollover i,\n.shortcode-single-image-wrap.shortcode-single-image-15a9dec8ec70077607c2640dede44329.enable-bg-rollover .rollover-video i {\n  background: -webkit-linear-gradient();\n  background: linear-gradient();\n}\n.shortcode-single-image-wrap.shortcode-single-image-15a9dec8ec70077607c2640dede44329 .rollover-icon {\n  font-size: 32px;\n  color: #ffffff;\n  min-width: 44px;\n  min-height: 44px;\n  line-height: 44px;\n  border-radius: 100px;\n  border-style: solid;\n  border-width: 0px;\n}\n.dt-icon-bg-on.shortcode-single-image-wrap.shortcode-single-image-15a9dec8ec70077607c2640dede44329 .rollover-icon {\n  background: rgba(255,255,255,0.3);\n  box-shadow: none;\n}\n<\/style><div class=\"shortcode-single-image-wrap shortcode-single-image-15a9dec8ec70077607c2640dede44329 alignnone  vc_custom_1674205181353 enable-bg-rollover dt-icon-bg-off\"  data-pretty-share=\"facebook,twitter,pinterest,linkedin\"><div class=\"shortcode-single-image\"><div class=\"fancy-media-wrap  layzr-bg\" style=\"border-radius:15px;\"><img decoding=\"async\" class=\"preload-me lazy-load aspect\" src=\"data:image\/svg+xml,%3Csvg%20xmlns%3D&#39;http%3A%2F%2Fwww.w3.org%2F2000%2Fsvg&#39;%20viewBox%3D&#39;0%200%20900%20900&#39;%2F%3E\" data-src=\"https:\/\/baupanel.tech\/wp-content\/uploads\/2023\/01\/panelizado-arquitectura-ingenieria-baupanel-900x900.webp\" data-srcset=\"https:\/\/baupanel.tech\/wp-content\/uploads\/2023\/01\/panelizado-arquitectura-ingenieria-baupanel-900x900.webp 900w, https:\/\/baupanel.tech\/wp-content\/uploads\/2023\/01\/panelizado-arquitectura-ingenieria-baupanel.webp 1200w\" loading=\"eager\" sizes=\"(max-width: 900px) 100vw, 900px\" width=\"900\" height=\"900\"  data-dt-location=\"https:\/\/baupanel.tech\/pt-pt\/licencias-de-fabricacion-de-paneles\/panelizado-arquitectura-ingenieria-baupanel\/\" style=\"--ratio: 900 \/ 900;border-radius:15px;\" alt=\"Ingenieros y arquitectos en Baupanel System\" \/><\/div><\/div><\/div><style type=\"text\/css\" data-type=\"the7_shortcodes-inline-css\">.shortcode-single-image-wrap.shortcode-single-image-a5a4fd6a6f01d61105800a6964a1991d.enable-bg-rollover .rollover i,\n.shortcode-single-image-wrap.shortcode-single-image-a5a4fd6a6f01d61105800a6964a1991d.enable-bg-rollover .rollover-video i {\n  background: -webkit-linear-gradient();\n  background: linear-gradient();\n}\n.shortcode-single-image-wrap.shortcode-single-image-a5a4fd6a6f01d61105800a6964a1991d .rollover-icon {\n  font-size: 32px;\n  color: #ffffff;\n  min-width: 44px;\n  min-height: 44px;\n  line-height: 44px;\n  border-radius: 100px;\n  border-style: solid;\n  border-width: 0px;\n}\n.dt-icon-bg-on.shortcode-single-image-wrap.shortcode-single-image-a5a4fd6a6f01d61105800a6964a1991d .rollover-icon {\n  background: rgba(255,255,255,0.3);\n  box-shadow: none;\n}\n<\/style><div class=\"shortcode-single-image-wrap shortcode-single-image-a5a4fd6a6f01d61105800a6964a1991d alignnone  vc_custom_1674205169842 enable-bg-rollover dt-icon-bg-off\"  data-pretty-share=\"facebook,twitter,pinterest,linkedin\"><div class=\"shortcode-single-image\"><div class=\"fancy-media-wrap  layzr-bg\" style=\"border-radius:15px;\"><img decoding=\"async\" class=\"preload-me lazy-load aspect\" src=\"data:image\/svg+xml,%3Csvg%20xmlns%3D&#39;http%3A%2F%2Fwww.w3.org%2F2000%2Fsvg&#39;%20viewBox%3D&#39;0%200%20570%20325&#39;%2F%3E\" data-src=\"https:\/\/baupanel.tech\/wp-content\/uploads\/2016\/07\/know_how.jpg\" data-srcset=\"https:\/\/baupanel.tech\/wp-content\/uploads\/2016\/07\/know_how.jpg 570w\" loading=\"eager\" sizes=\"(max-width: 570px) 100vw, 570px\" width=\"570\" height=\"325\"  data-dt-location=\"https:\/\/baupanel.tech\/pt-pt\/licencias-de-fabricacion-de-paneles\/know_how\/\" style=\"--ratio: 570 \/ 325;border-radius:15px;\" alt=\"Know_how Baupanel. Image of social homes in Morocco\" \/><\/div><\/div><\/div><style type=\"text\/css\" data-type=\"the7_shortcodes-inline-css\">.shortcode-single-image-wrap.shortcode-single-image-3025b26a2c4006c88de6316e06e1412b.enable-bg-rollover .rollover i,\n.shortcode-single-image-wrap.shortcode-single-image-3025b26a2c4006c88de6316e06e1412b.enable-bg-rollover .rollover-video i {\n  background: -webkit-linear-gradient();\n  background: linear-gradient();\n}\n.shortcode-single-image-wrap.shortcode-single-image-3025b26a2c4006c88de6316e06e1412b .rollover-icon {\n  font-size: 32px;\n  color: #ffffff;\n  min-width: 44px;\n  min-height: 44px;\n  line-height: 44px;\n  border-radius: 100px;\n  border-style: solid;\n  border-width: 0px;\n}\n.dt-icon-bg-on.shortcode-single-image-wrap.shortcode-single-image-3025b26a2c4006c88de6316e06e1412b .rollover-icon {\n  background: rgba(255,255,255,0.3);\n  box-shadow: none;\n}\n<\/style><div class=\"shortcode-single-image-wrap shortcode-single-image-3025b26a2c4006c88de6316e06e1412b alignnone  vc_custom_1674205255286 enable-bg-rollover dt-icon-bg-off\"  data-pretty-share=\"facebook,twitter,pinterest,linkedin\"><div class=\"shortcode-single-image\"><div class=\"fancy-media-wrap  layzr-bg\" style=\"border-radius:15px;\"><img decoding=\"async\" class=\"preload-me lazy-load aspect\" src=\"data:image\/svg+xml,%3Csvg%20xmlns%3D&#39;http%3A%2F%2Fwww.w3.org%2F2000%2Fsvg&#39;%20viewBox%3D&#39;0%200%20900%20509&#39;%2F%3E\" data-src=\"https:\/\/baupanel.tech\/wp-content\/uploads\/2016\/07\/know_03_peq2-900x509.jpg\" data-srcset=\"https:\/\/baupanel.tech\/wp-content\/uploads\/2016\/07\/know_03_peq2-900x509.jpg 900w, https:\/\/baupanel.tech\/wp-content\/uploads\/2016\/07\/know_03_peq2.jpg 1024w\" loading=\"eager\" sizes=\"(max-width: 900px) 100vw, 900px\" width=\"900\" height=\"509\"  data-dt-location=\"https:\/\/baupanel.tech\/pt-pt\/licencias-de-fabricacion-de-paneles\/know_03_peq2\/\" style=\"--ratio: 900 \/ 509;border-radius:15px;\" alt=\"Know_how Baupanel\" \/><\/div><\/div><\/div>[\/vc_column_inner][\/vc_row_inner][vc_row_inner gap=&#8221;5&#8243;][vc_column_inner css=&#8221;.vc_custom_1569511116154{padding-left: 25px !important;}&#8221;]<style type=\"text\/css\" data-type=\"the7_shortcodes-inline-css\">.shortcode-single-image-wrap.shortcode-single-image-2560aab301846aff1ca42b635cb4c231.enable-bg-rollover .rollover i,\n.shortcode-single-image-wrap.shortcode-single-image-2560aab301846aff1ca42b635cb4c231.enable-bg-rollover .rollover-video i {\n  background: -webkit-linear-gradient();\n  background: linear-gradient();\n}\n.shortcode-single-image-wrap.shortcode-single-image-2560aab301846aff1ca42b635cb4c231 .rollover-icon {\n  font-size: 32px;\n  color: #ffffff;\n  min-width: 44px;\n  min-height: 44px;\n  line-height: 44px;\n  border-radius: 100px;\n  border-style: solid;\n  border-width: 0px;\n}\n.dt-icon-bg-on.shortcode-single-image-wrap.shortcode-single-image-2560aab301846aff1ca42b635cb4c231 .rollover-icon {\n  background: rgba(255,255,255,0.3);\n  box-shadow: none;\n}\n<\/style><div class=\"shortcode-single-image-wrap shortcode-single-image-2560aab301846aff1ca42b635cb4c231 alignnone  vc_custom_1674206071876 enable-bg-rollover dt-icon-bg-off\"  data-pretty-share=\"facebook,twitter,pinterest,linkedin\"><div class=\"shortcode-single-image\"><div class=\"fancy-media-wrap  layzr-bg\" style=\"border-radius:15px;\"><img decoding=\"async\" class=\"preload-me lazy-load aspect\" src=\"data:image\/svg+xml,%3Csvg%20xmlns%3D&#39;http%3A%2F%2Fwww.w3.org%2F2000%2Fsvg&#39;%20viewBox%3D&#39;0%200%201920%20567&#39;%2F%3E\" data-src=\"https:\/\/baupanel.tech\/wp-content\/uploads\/2023\/01\/baupanel-fabrica-antequera-maquinas.webp\" data-srcset=\"https:\/\/baupanel.tech\/wp-content\/uploads\/2023\/01\/baupanel-fabrica-antequera-maquinas.webp 1920w\" loading=\"eager\" sizes=\"(max-width: 1920px) 100vw, 1920px\" width=\"1920\" height=\"567\"  data-dt-location=\"https:\/\/baupanel.tech\/pt-pt\/licencias-de-fabricacion-de-paneles\/baupanel-fabrica-antequera-maquinas-2\/\" style=\"--ratio: 1920 \/ 567;border-radius:15px;\" alt=\"Maquinaria para la fabricaci\u00f3n de paneles baupanel system\" \/><\/div><\/div><\/div>[\/vc_column_inner][\/vc_row_inner][\/vc_column][\/vc_row]<\/p>\n<\/div>","protected":false},"excerpt":{"rendered":"<p>[vc_row type=&#8221;vc_default&#8221; full_width=&#8221;stretch_row&#8221; margin_top=&#8221;0&#8243; margin_bottom=&#8221;0&#8243; css=&#8221;.vc_custom_1674203475189{padding-top: 40px !important;padding-bottom: 60px !important;background-color: #f4f4f4 !important;}&#8221;][vc_column css=&#8221;.vc_custom_1651229789292{padding-bottom: 30px !important;}&#8221;][vc_custom_heading text=&#8221;Licen\u00e7as internacionais de fabrico de pain\u00e9is&#8221; font_container=&#8221;tag:h1|text_align:center&#8221; use_theme_fonts=&#8221;yes&#8221; css=&#8221;.vc_custom_1674204315422{padding-bottom: 20px !important;background-position: center !important;background-repeat: no-repeat !important;background-size: cover !important;}&#8221;][vc_custom_heading text=&#8221;Fabrico de pain\u00e9is Baupanel\u00ae System&#8221; font_container=&#8221;tag:h2|text_align:center|color:%23005c80&#8243; use_theme_fonts=&#8221;yes&#8221; css=&#8221;.vc_custom_1674202545768{padding-bottom: 20px !important;background-position: center !important;background-repeat: no-repeat !important;background-size: cover !important;}&#8221;][vc_row_inner gap=&#8221;3&#8243; css=&#8221;.vc_custom_1674203815825{padding-top: 30px !important;}&#8221;][vc_column_inner][vc_column_text]Baupanel\u00ae System \u00e9 um&hellip;<\/p>\n","protected":false},"author":65,"featured_media":58639,"parent":0,"menu_order":0,"comment_status":"closed","ping_status":"closed","template":"","meta":{"footnotes":""},"class_list":["post-58667","page","type-page","status-publish","has-post-thumbnail","hentry","description-off"],"aioseo_notices":[],"_links":{"self":[{"href":"https:\/\/baupanel.tech\/pt-pt\/wp-json\/wp\/v2\/pages\/58667","targetHints":{"allow":["GET"]}}],"collection":[{"href":"https:\/\/baupanel.tech\/pt-pt\/wp-json\/wp\/v2\/pages"}],"about":[{"href":"https:\/\/baupanel.tech\/pt-pt\/wp-json\/wp\/v2\/types\/page"}],"author":[{"embeddable":true,"href":"https:\/\/baupanel.tech\/pt-pt\/wp-json\/wp\/v2\/users\/65"}],"replies":[{"embeddable":true,"href":"https:\/\/baupanel.tech\/pt-pt\/wp-json\/wp\/v2\/comments?post=58667"}],"version-history":[{"count":12,"href":"https:\/\/baupanel.tech\/pt-pt\/wp-json\/wp\/v2\/pages\/58667\/revisions"}],"predecessor-version":[{"id":68954,"href":"https:\/\/baupanel.tech\/pt-pt\/wp-json\/wp\/v2\/pages\/58667\/revisions\/68954"}],"wp:featuredmedia":[{"embeddable":true,"href":"https:\/\/baupanel.tech\/pt-pt\/wp-json\/wp\/v2\/media\/58639"}],"wp:attachment":[{"href":"https:\/\/baupanel.tech\/pt-pt\/wp-json\/wp\/v2\/media?parent=58667"}],"curies":[{"name":"wp","href":"https:\/\/api.w.org\/{rel}","templated":true}]}}