{"id":58683,"date":"2017-12-11T19:09:51","date_gmt":"2017-12-11T17:09:51","guid":{"rendered":"https:\/\/baupanel.tech\/bolsa-de-emprego\/"},"modified":"2024-09-30T13:32:02","modified_gmt":"2024-09-30T11:32:02","slug":"bolsa-de-emprego","status":"publish","type":"page","link":"https:\/\/baupanel.tech\/pt-pt\/bolsa-de-emprego\/","title":{"rendered":"Trabalhe com Baupanel\u00ae System"},"content":{"rendered":"<div class=\"wpb-content-wrapper\"><p>[vc_row type=&#8221;vc_default&#8221; full_width=&#8221;stretch_row_content_no_spaces&#8221; content_placement=&#8221;top&#8221; margin_top=&#8221;8px&#8221; full_width_row=&#8221;true&#8221; css=&#8221;.vc_custom_1674722886224{padding-top: 20px !important;background-color: #efeeed !important;}&#8221;][vc_column][vc_custom_heading text=&#8221;Trabalhe conosco&#8221; font_container=&#8221;tag:h1|text_align:center&#8221; use_theme_fonts=&#8221;yes&#8221; css=&#8221;.vc_custom_1674722818402{padding-top: 25px !important;padding-bottom: 20px !important;background-position: center !important;background-repeat: no-repeat !important;background-size: cover !important;}&#8221;][\/vc_column][\/vc_row][vc_row type=&#8221;vc_default&#8221; full_width=&#8221;stretch_row&#8221; css=&#8221;.vc_custom_1674733587137{margin-bottom: -55px !important;padding-top: 25px !important;padding-bottom: 25px !important;background-color: #efeeed !important;}&#8221;][vc_column width=&#8221;2\/3&#8243;][vc_column_text]<\/p>\n<h2><span style=\"color: #005c80;\">Bolsa de Emprego<\/span><\/h2>\n<p>[\/vc_column_text][vc_empty_space height=&#8221;25px&#8221;][vc_column_text]Pode utilizar os formul\u00e1rios abaixo tanto para se registar como empresa instaladora e receber informa\u00e7\u00f5es sobre homologa\u00e7\u00e3o, quanto para enviar o seu CV e candidatar-se \u00e0s ofertas de emprego publicadas neste site ou no LinkedIn.[\/vc_column_text][vc_empty_space height=&#8221;25px&#8221;][vc_tta_accordion title_tag=&#8221;h3&#8243; style=&#8221;modern&#8221; spacing=&#8221;5&#8243; gap=&#8221;5&#8243; c_position=&#8221;right&#8221; active_section=&#8221;4&#8243; css_animation=&#8221;bounceInDown&#8221; no_fill=&#8221;true&#8221; collapsible_all=&#8221;true&#8221; title=&#8221;Bolsa de Emprego&#8221;][vc_tta_section i_icon_fontawesome=&#8221;fas fa-angle-down&#8221; add_icon=&#8221;true&#8221; title=&#8221;Formul\u00e1rio de envio de curr\u00edculo&#8221; tab_id=&#8221;1674724826136-72c20c47-ca67&#8243;]\n<div class=\"wpcf7 no-js\" id=\"wpcf7-f58679-o1\" lang=\"pt-PT\" dir=\"ltr\" data-wpcf7-id=\"58679\">\n<div class=\"screen-reader-response\"><p role=\"status\" aria-live=\"polite\" aria-atomic=\"true\"><\/p> <ul><\/ul><\/div>\n<form action=\"\/pt-pt\/wp-json\/wp\/v2\/pages\/58683#wpcf7-f58679-o1\" method=\"post\" class=\"wpcf7-form init\" aria-label=\"Formul\u00e1rio de contacto\" novalidate=\"novalidate\" data-status=\"init\">\n<fieldset class=\"hidden-fields-container\"><input type=\"hidden\" name=\"_wpcf7\" value=\"58679\" \/><input type=\"hidden\" name=\"_wpcf7_version\" value=\"6.1\" \/><input type=\"hidden\" name=\"_wpcf7_locale\" value=\"pt_PT\" \/><input type=\"hidden\" name=\"_wpcf7_unit_tag\" value=\"wpcf7-f58679-o1\" \/><input type=\"hidden\" name=\"_wpcf7_container_post\" value=\"0\" \/><input type=\"hidden\" name=\"_wpcf7_posted_data_hash\" value=\"\" \/><input type=\"hidden\" name=\"_uacf7_hidden_conditional_fields\" value=\"\" \/><input type=\"hidden\" name=\"_wpcf7_recaptcha_response\" value=\"\" \/>\n<\/fieldset>\n<div class=\"uacf7-form-58679  \"><p>Nome <span style=\"color:red;\">(*)<\/span><br>\n    <span class=\"wpcf7-form-control-wrap\" data-name=\"your-name\"><input size=\"40\" maxlength=\"400\" class=\"wpcf7-form-control wpcf7-text wpcf7-validates-as-required\" aria-required=\"true\" aria-invalid=\"false\" value=\"\" type=\"text\" name=\"your-name\" \/><\/span> <\/p>\n\n<p>Sobrenomes <span style=\"color:red;\">(*)<\/span><br>\n    <span class=\"wpcf7-form-control-wrap\" data-name=\"your-surname\"><input size=\"40\" maxlength=\"400\" class=\"wpcf7-form-control wpcf7-text wpcf7-validates-as-required\" aria-required=\"true\" aria-invalid=\"false\" value=\"\" type=\"text\" name=\"your-surname\" \/><\/span> <\/p>\n\n<p>Departamento <span style=\"color:red;\">(*)<\/span><br>\n<span class=\"wpcf7-form-control-wrap\" data-name=\"your-activity\"><select class=\"wpcf7-form-control wpcf7-select\" aria-invalid=\"false\" name=\"your-activity\"><option value=\"\">-Por favor escolha uma op\u00e7\u00e3o-<\/option><option value=\"Arquitectura\">Arquitectura<\/option><option value=\"T\u00e9cnico\">T\u00e9cnico<\/option><option value=\"Administraci\u00f3n\">Administraci\u00f3n<\/option><option value=\"Comercial\">Comercial<\/option><option value=\"F\u00e1brica\">F\u00e1brica<\/option><\/select><\/span> <\/p>\n\n<p>Dire\u00e7\u00e3o<br>\n    <span class=\"wpcf7-form-control-wrap\" data-name=\"your-address\"><input size=\"40\" maxlength=\"400\" class=\"wpcf7-form-control wpcf7-text\" aria-invalid=\"false\" value=\"\" type=\"text\" name=\"your-address\" \/><\/span> <\/p>\n\n<p>Prov\u00edncia<br>\n    <span class=\"wpcf7-form-control-wrap\" data-name=\"your-city\"><input size=\"40\" maxlength=\"400\" class=\"wpcf7-form-control wpcf7-text\" aria-invalid=\"false\" value=\"\" type=\"text\" name=\"your-city\" \/><\/span> <\/p>\n\n<p>Telefone <span style=\"color:red;\">(*)<\/span><br>\n    <span class=\"wpcf7-form-control-wrap\" data-name=\"your-phone\"><input size=\"40\" maxlength=\"400\" class=\"wpcf7-form-control wpcf7-tel wpcf7-validates-as-required wpcf7-text wpcf7-validates-as-tel\" aria-required=\"true\" aria-invalid=\"false\" value=\"\" type=\"tel\" name=\"your-phone\" \/><\/span> <\/p>\n\n<p>Correio eletr\u00f4nico <span style=\"color:red;\">(*)<\/span><br>\n    <span class=\"wpcf7-form-control-wrap\" data-name=\"your-email\"><input size=\"40\" maxlength=\"400\" class=\"wpcf7-form-control wpcf7-email wpcf7-validates-as-required wpcf7-text wpcf7-validates-as-email\" aria-required=\"true\" aria-invalid=\"false\" value=\"\" type=\"email\" name=\"your-email\" \/><\/span> <\/p>\n\n<p>Curr\u00edculo (Anexar CV) somente arquivos pdf, doc ou docx<br>\n<span class=\"wpcf7-form-control-wrap\" data-name=\"upload-cv-bau\"><input size=\"40\" class=\"wpcf7-form-control wpcf7-drag-n-drop-file d-none\" id=\"cv\" aria-invalid=\"false\" type=\"file\" multiple=\"multiple\" data-name=\"upload-cv-bau\" data-type=\"pdf|txt|doc|docx\" data-min=\"1\" data-max=\"2\" data-id=\"58679\" data-version=\"free version 1.3.9.0\" accept=\".pdf, .txt, .doc, .docx\" data-black-list=\"exe|bat|com|zip|rar\" \/><\/span> <\/p>\n\n<p>Coment\u00e1rio<br>\n    <span class=\"wpcf7-form-control-wrap\" data-name=\"your-message\"><textarea cols=\"40\" rows=\"10\" maxlength=\"2000\" class=\"wpcf7-form-control wpcf7-textarea\" aria-invalid=\"false\" name=\"your-message\"><\/textarea><\/span> <\/p>\n\n<p><span style=\"color:red;\">(*) requeridos<\/span><\/p>\n\n<p style=\"margin-top: 16px;\"><input class=\"wpcf7-form-control wpcf7-submit has-spinner\" type=\"submit\" value=\"Enviar\" \/><\/p>\n\n<span id=\"wpcf7-69da8e3fe5eb1-wrapper\" class=\"wpcf7-form-control-wrap honeypot-475-wrap\" style=\"display:none !important; visibility:hidden !important;\"><label for=\"wpcf7-69da8e3fe5eb1-field\" class=\"hp-message\">Please leave this field empty.<\/label><input id=\"wpcf7-69da8e3fe5eb1-field\"  class=\"wpcf7-form-control wpcf7-text\" type=\"text\" name=\"honeypot-475\" value=\"\" size=\"40\" tabindex=\"-1\" autocomplete=\"off\" \/><\/span><\/div><div class=\"wpcf7-response-output\" aria-hidden=\"true\"><\/div>\n<\/form>\n<\/div>\n[\/vc_tta_section][vc_tta_section i_icon_fontawesome=&#8221;fas fa-angle-down&#8221; add_icon=&#8221;true&#8221; title=&#8221;Formul\u00e1rio para Empresas Instaladoras&#8221; tab_id=&#8221;1674723063325-241c4890-c682&#8243;]\n<div class=\"wpcf7 no-js\" id=\"wpcf7-f58691-o2\" lang=\"pt-PT\" dir=\"ltr\" data-wpcf7-id=\"58691\">\n<div class=\"screen-reader-response\"><p role=\"status\" aria-live=\"polite\" aria-atomic=\"true\"><\/p> <ul><\/ul><\/div>\n<form action=\"\/pt-pt\/wp-json\/wp\/v2\/pages\/58683#wpcf7-f58691-o2\" method=\"post\" class=\"wpcf7-form init\" aria-label=\"Formul\u00e1rio de contacto\" novalidate=\"novalidate\" data-status=\"init\">\n<fieldset class=\"hidden-fields-container\"><input type=\"hidden\" name=\"_wpcf7\" value=\"58691\" \/><input type=\"hidden\" name=\"_wpcf7_version\" value=\"6.1\" \/><input type=\"hidden\" name=\"_wpcf7_locale\" value=\"pt_PT\" \/><input type=\"hidden\" name=\"_wpcf7_unit_tag\" value=\"wpcf7-f58691-o2\" \/><input type=\"hidden\" name=\"_wpcf7_container_post\" value=\"0\" \/><input type=\"hidden\" name=\"_wpcf7_posted_data_hash\" value=\"\" \/><input type=\"hidden\" name=\"_uacf7_hidden_conditional_fields\" value=\"\" \/><input type=\"hidden\" name=\"_wpcf7_recaptcha_response\" value=\"\" \/>\n<\/fieldset>\n<div class=\"uacf7-form-58691  \"><p>Nome da empresa <span style=\"color:red;\">(*)<\/span><br>\n    <span class=\"wpcf7-form-control-wrap\" data-name=\"your-business\"><input size=\"40\" maxlength=\"400\" class=\"wpcf7-form-control wpcf7-text wpcf7-validates-as-required\" aria-required=\"true\" aria-invalid=\"false\" value=\"\" type=\"text\" name=\"your-business\" \/><\/span> <\/p>\n\n<p>IVA da empresa <span style=\"color:red;\">(*)<\/span><br>\n    <span class=\"wpcf7-form-control-wrap\" data-name=\"your-number-vat\"><input size=\"40\" maxlength=\"400\" class=\"wpcf7-form-control wpcf7-text wpcf7-validates-as-required\" aria-required=\"true\" aria-invalid=\"false\" value=\"\" type=\"text\" name=\"your-number-vat\" \/><\/span> <\/p>\n\n<p>Ano de constitui\u00e7\u00e3o da empresa <span style=\"color:red;\">(*)<\/span><br>\n    <span class=\"wpcf7-form-control-wrap\" data-name=\"your-business-age\"><input size=\"40\" maxlength=\"400\" class=\"wpcf7-form-control wpcf7-text wpcf7-validates-as-required\" aria-required=\"true\" aria-invalid=\"false\" value=\"\" type=\"text\" name=\"your-business-age\" \/><\/span> <\/p>\n\n<p>Pessoa de contato <span style=\"color:red;\">(*)<\/span><br>\n    <span class=\"wpcf7-form-control-wrap\" data-name=\"your-name\"><input size=\"40\" maxlength=\"400\" class=\"wpcf7-form-control wpcf7-text wpcf7-validates-as-required\" aria-required=\"true\" aria-invalid=\"false\" value=\"\" type=\"text\" name=\"your-name\" \/><\/span> <\/p>\n\n<p>Dire\u00e7\u00e3o <span style=\"color:red;\">(*)<\/span><br>\n    <span class=\"wpcf7-form-control-wrap\" data-name=\"your-address\"><input size=\"40\" maxlength=\"400\" class=\"wpcf7-form-control wpcf7-text wpcf7-validates-as-required\" aria-required=\"true\" aria-invalid=\"false\" value=\"\" type=\"text\" name=\"your-address\" \/><\/span> <\/p>\n\n<p>Pa\u00eds Prov\u00edncia <span style=\"color:red;\">(*)<\/span><br>\n    <span class=\"wpcf7-form-control-wrap\" data-name=\"your-city\"><input size=\"40\" maxlength=\"400\" class=\"wpcf7-form-control wpcf7-text wpcf7-validates-as-required\" aria-required=\"true\" aria-invalid=\"false\" value=\"\" type=\"text\" name=\"your-city\" \/><\/span> <\/p>\n\n<p>Telefone <span style=\"color:red;\">(*)<\/span><br>\n    <span class=\"wpcf7-form-control-wrap\" data-name=\"your-phone\"><input size=\"40\" maxlength=\"400\" class=\"wpcf7-form-control wpcf7-tel wpcf7-validates-as-required wpcf7-text wpcf7-validates-as-tel\" aria-required=\"true\" aria-invalid=\"false\" value=\"\" type=\"tel\" name=\"your-phone\" \/><\/span> <\/p>\n\n<p>Correio eletr\u00f4nico <span style=\"color:red;\">(*)<\/span><br>\n    <span class=\"wpcf7-form-control-wrap\" data-name=\"your-email\"><input size=\"40\" maxlength=\"400\" class=\"wpcf7-form-control wpcf7-email wpcf7-validates-as-required wpcf7-text wpcf7-validates-as-email\" aria-required=\"true\" aria-invalid=\"false\" value=\"\" type=\"email\" name=\"your-email\" \/><\/span> <\/p>\n\n<p>Voc\u00ea j\u00e1 trabalhou com o sistema Baupanel?<br>\n    <span class=\"wpcf7-form-control-wrap\" data-name=\"worked-previously\"><span class=\"wpcf7-form-control wpcf7-radio\"><span class=\"wpcf7-list-item first\"><span class=\"wpcf7-list-item-label\">Si<\/span><input type=\"radio\" name=\"worked-previously\" value=\"Si\" checked=\"checked\" \/><\/span><span class=\"wpcf7-list-item last\"><span class=\"wpcf7-list-item-label\">No<\/span><input type=\"radio\" name=\"worked-previously\" value=\"No\" \/><\/span><\/span><\/span> <\/p>\n\n<p>Sua mensagem <br>\n    <span class=\"wpcf7-form-control-wrap\" data-name=\"your-message\"><textarea cols=\"40\" rows=\"10\" maxlength=\"2000\" class=\"wpcf7-form-control wpcf7-textarea\" aria-invalid=\"false\" name=\"your-message\"><\/textarea><\/span> <\/p>\n\n<p><span style=\"color:red;\">(*) requeridos<\/span><\/p>\n\n<span id=\"wpcf7-69da8e3fe6fed-wrapper\" class=\"wpcf7-form-control-wrap honeypot-173-wrap\" ><label for=\"wpcf7-69da8e3fe6fed-field\" class=\"hp-message\">Please leave this field empty.<\/label><input id=\"wpcf7-69da8e3fe6fed-field\"  class=\"wpcf7-form-control wpcf7-text\" type=\"text\" name=\"honeypot-173\" value=\"\" size=\"40\" tabindex=\"-1\" autocomplete=\"new-password\" \/><\/span>\n\n<p style=\"margin-top: 16px;\"><input class=\"wpcf7-form-control wpcf7-submit has-spinner\" type=\"submit\" value=\"Enviar\" \/><\/p><\/div><div class=\"wpcf7-response-output\" aria-hidden=\"true\"><\/div>\n<\/form>\n<\/div>\n[\/vc_tta_section][\/vc_tta_accordion][vc_empty_space][vc_custom_heading text=&#8221;Pol\u00edtica de Privacidade e Envios de Formul\u00e1rios da Web&#8221; font_container=&#8221;tag:h3|text_align:left|color:%23d53633&#8243; use_theme_fonts=&#8221;yes&#8221; css=&#8221;.vc_custom_1674732908982{padding-top: 25px !important;background-position: center !important;background-repeat: no-repeat !important;background-size: cover !important;}&#8221;][vc_column_text css=&#8221;.vc_custom_1651227042140{padding-top: 25px !important;padding-bottom: 25px !important;}&#8221;]Em cumprimento do estabelecido na Lei Org\u00e2nica 15\/1999, de 13 de dezembro, de Prote\u00e7\u00e3o de Dados de Car\u00e1ter Pessoal, informamos que, ao preencher este formul\u00e1rio, os seus dados pessoais ser\u00e3o incorporados e tratados num ficheiro de titularidade da Baupanel System SL, com a finalidade de gerir o seu pedido. Al\u00e9m disso, salvo indica\u00e7\u00e3o expressa em contr\u00e1rio, os seus dados pessoais poder\u00e3o ser utilizados para mant\u00ea-lo informado sobre not\u00edcias e novidades relacionadas com os nossos servi\u00e7os.<\/p>\n<p>Responda a este e-mail com a palavra &#8220;Suspender&#8221; no assunto se n\u00e3o desejar receber mais informa\u00e7\u00f5es deste tipo.<\/p>\n<p>Al\u00e9m disso, informamos sobre a possibilidade de exercer os direitos de acesso, retifica\u00e7\u00e3o, cancelamento e oposi\u00e7\u00e3o dos seus dados pessoais atrav\u00e9s de e-mail enviado para info@baupanel.com ou por escrito para Baupanel System SL, Antequera (M\u00e1laga), C.P. 29200, Poeta Mu\u00f1oz Rojas, 10 B, acompanhado de uma fotoc\u00f3pia do seu D.N.I.[\/vc_column_text]<style type=\"text\/css\" data-type=\"the7_shortcodes-inline-css\">#default-btn-3f16b3617b956b166f90570262da7a4d.ico-right-side > i {\n  margin-right: 0px;\n  margin-left: 8px;\n}\n#default-btn-3f16b3617b956b166f90570262da7a4d > i {\n  margin-right: 8px;\n}\n<\/style><a href=\"https:\/\/baupanel.tech\/politica-de-privacidad\/\" class=\"default-btn-shortcode dt-btn dt-btn-m link-hover-off btn-inline-left \" id=\"default-btn-3f16b3617b956b166f90570262da7a4d\"><span>Leer Pol\u00edtica de Privacidad<\/span><\/a>[vc_empty_space height=&#8221;80px&#8221;][vc_custom_heading text=&#8221;Siga-nos nas redes sociais&#8221; font_container=&#8221;tag:h2|font_size:25|text_align:left|color:%23dd3333&#8243; use_theme_fonts=&#8221;yes&#8221;][vc_column_text]<strong>Para saber mais sobre as nossas ofertas de emprego:<\/strong><\/p>\n<div class=\"hr-thin\"><\/div>\n<div class=\"soc-ico\"><a title=\"Facebook page opens in new window\" href=\"https:\/\/www.facebook.com\/baupanel\" target=\"_blank\" class=\"facebook\"><span class=\"soc-font-icon\"><\/span><span class=\"screen-reader-text\">Facebook page opens in new window<\/span><\/a><a title=\"X page opens in new window\" href=\"https:\/\/twitter.com\/baupanelspain\" target=\"_blank\" class=\"twitter\"><span class=\"soc-font-icon\"><\/span><span class=\"screen-reader-text\">X page opens in new window<\/span><\/a><a title=\"YouTube page opens in new window\" href=\"https:\/\/www.youtube.com\/channel\/UC8KkBVEBv3-FIP2cXbT8zpw\" target=\"_blank\" class=\"you-tube\"><span class=\"soc-font-icon\"><\/span><span class=\"screen-reader-text\">YouTube page opens in new window<\/span><\/a><a title=\"Linkedin page opens in new window\" href=\"https:\/\/www.linkedin.com\/company\/baupanel-system?trk=biz-companies-cym\" target=\"_blank\" class=\"linkedin\"><span class=\"soc-font-icon\"><\/span><span class=\"screen-reader-text\">Linkedin page opens in new window<\/span><\/a><\/div>[\/vc_column_text][\/vc_column][vc_column width=&#8221;1\/3&#8243;][vc_custom_heading text=&#8221;Ofertas de Emprego&#8221; font_container=&#8221;tag:h2|font_size:25|text_align:left|color:%23dd3333&#8243; use_theme_fonts=&#8221;yes&#8221;][vc_empty_space height=&#8221;15px&#8221;][vc_column_text]<\/p>\n<h3><strong>M\u00e1laga<\/strong><\/h3>\n<p><span style=\"color: #005c80;\"><strong>C\u00c1LCULO DE ESTRUTURAS<\/strong><\/span><br \/>\nEnviar CV no formul\u00e1rio de <strong>Bolsa de Trabalho<\/strong> \u00e0 esquerda.<\/p>\n<p><span style=\"color: #005c80;\"><strong>BIM MANAGER<\/strong><\/span><br \/>\nEnviar CV no formul\u00e1rio de <strong>Bolsa de Trabalho<\/strong> \u00e0 esquerda.<\/p>\n<div class=\"hr-thin\"><\/div>\n<h3><strong>Zona Norte: Ast\u00farias, Cant\u00e1bria e Pa\u00eds Basco<\/strong><\/h3>\n<p><strong><span style=\"color: #005c80;\">EMPRESAS DE INSTALA\u00c7\u00c3O\/CONSTRU\u00c7\u00c3O<\/span><\/strong><\/p>\n<p>Procuramos construtoras que queiram expandir seu ramo de atua\u00e7\u00e3o.<br \/>\n<strong>Requisitos:<\/strong> Ter uma equipa de trabalho.<br \/>\nForma\u00e7\u00e3o pela empresa.<br \/>\nEnvie a solicita\u00e7\u00e3o no <strong>formul\u00e1rio do Instalador<\/strong> \u00e0 esquerda.<\/p>\n<h3><strong>Madrid<\/strong><\/h3>\n<p><strong><span style=\"color: #005c80;\">AGENTES COMERCIAIS<\/span><\/strong><\/p>\n<p>Procuram-se Agentes T\u00e9cnico-Comerciais para <strong>Madrid<\/strong>.<br \/>\n<strong>Requisitos:<\/strong> Com experi\u00eancia no sector da constru\u00e7\u00e3o.<br \/>\nForma\u00e7\u00e3o pela empresa.<br \/>\nEnvie cv no formul\u00e1rio de <strong>Bolsa de Trabalho<\/strong> \u00e0 esquerda.<\/p>\n<div class=\"hr-thin\"><\/div>\n<h3><strong>Barcelona<\/strong><\/h3>\n<p><strong><span style=\"color: #005c80;\">EMPRESAS DE INSTALA\u00c7\u00c3O\/CONSTRU\u00c7\u00c3O<\/span><\/strong><\/p>\n<p>Procuramos construtoras que queiram expandir seu ramo de atua\u00e7\u00e3o em <strong>Barcelona<\/strong>.<br \/>\n<strong>Requisitos:<\/strong> Ter uma equipa de trabalho.<br \/>\nForma\u00e7\u00e3o pela empresa.<br \/>\nEnvie a solicita\u00e7\u00e3o no <strong>formul\u00e1rio do Instalador<\/strong> \u00e0 esquerda.<\/p>\n<p><span style=\"color: #005c80;\"><strong>AGENTES COMERCIAIS<\/strong><\/span><\/p>\n<p>Procuram-se Agentes T\u00e9cnico-Comerciais para <b>Barcelona<\/b>.<br \/>\n<strong>Requisitos:<\/strong> Com experi\u00eancia no sector da constru\u00e7\u00e3o.<br \/>\nForma\u00e7\u00e3o pela empresa.<br \/>\nEnvie cv no formul\u00e1rio de <strong>Bolsa de Trabalho<\/strong> \u00e0 esquerda.<\/p>\n<div class=\"hr-thin\"><\/div>\n<p>[\/vc_column_text][vc_empty_space height=&#8221;40px&#8221;][\/vc_column][\/vc_row]<\/p>\n<\/div>","protected":false},"excerpt":{"rendered":"<p>[vc_row type=&#8221;vc_default&#8221; full_width=&#8221;stretch_row_content_no_spaces&#8221; content_placement=&#8221;top&#8221; margin_top=&#8221;8px&#8221; full_width_row=&#8221;true&#8221; css=&#8221;.vc_custom_1674722886224{padding-top: 20px !important;background-color: #efeeed !important;}&#8221;][vc_column][vc_custom_heading text=&#8221;Trabalhe conosco&#8221; font_container=&#8221;tag:h1|text_align:center&#8221; use_theme_fonts=&#8221;yes&#8221; css=&#8221;.vc_custom_1674722818402{padding-top: 25px !important;padding-bottom: 20px !important;background-position: center !important;background-repeat: no-repeat !important;background-size: cover !important;}&#8221;][\/vc_column][\/vc_row][vc_row type=&#8221;vc_default&#8221; full_width=&#8221;stretch_row&#8221; css=&#8221;.vc_custom_1674733587137{margin-bottom: -55px !important;padding-top: 25px !important;padding-bottom: 25px !important;background-color: #efeeed !important;}&#8221;][vc_column width=&#8221;2\/3&#8243;][vc_column_text] Bolsa de Emprego [\/vc_column_text][vc_empty_space height=&#8221;25px&#8221;][vc_column_text]Pode utilizar os formul\u00e1rios abaixo tanto para se registar como empresa instaladora e&hellip;<\/p>\n","protected":false},"author":65,"featured_media":55158,"parent":0,"menu_order":10,"comment_status":"closed","ping_status":"closed","template":"","meta":{"footnotes":""},"class_list":["post-58683","page","type-page","status-publish","has-post-thumbnail","hentry","description-off"],"aioseo_notices":[],"_links":{"self":[{"href":"https:\/\/baupanel.tech\/pt-pt\/wp-json\/wp\/v2\/pages\/58683","targetHints":{"allow":["GET"]}}],"collection":[{"href":"https:\/\/baupanel.tech\/pt-pt\/wp-json\/wp\/v2\/pages"}],"about":[{"href":"https:\/\/baupanel.tech\/pt-pt\/wp-json\/wp\/v2\/types\/page"}],"author":[{"embeddable":true,"href":"https:\/\/baupanel.tech\/pt-pt\/wp-json\/wp\/v2\/users\/65"}],"replies":[{"embeddable":true,"href":"https:\/\/baupanel.tech\/pt-pt\/wp-json\/wp\/v2\/comments?post=58683"}],"version-history":[{"count":9,"href":"https:\/\/baupanel.tech\/pt-pt\/wp-json\/wp\/v2\/pages\/58683\/revisions"}],"predecessor-version":[{"id":68990,"href":"https:\/\/baupanel.tech\/pt-pt\/wp-json\/wp\/v2\/pages\/58683\/revisions\/68990"}],"wp:featuredmedia":[{"embeddable":true,"href":"https:\/\/baupanel.tech\/pt-pt\/wp-json\/wp\/v2\/media\/55158"}],"wp:attachment":[{"href":"https:\/\/baupanel.tech\/pt-pt\/wp-json\/wp\/v2\/media?parent=58683"}],"curies":[{"name":"wp","href":"https:\/\/api.w.org\/{rel}","templated":true}]}}